{"id":782,"date":"2020-10-28T21:31:45","date_gmt":"2020-10-28T20:31:45","guid":{"rendered":"https:\/\/www.canalsnadal.com\/about-us\/"},"modified":"2023-02-05T20:57:48","modified_gmt":"2023-02-05T19:57:48","slug":"about-us","status":"publish","type":"page","link":"https:\/\/www.canalsnadal.com\/en\/about-us\/","title":{"rendered":"About us"},"content":{"rendered":"<div class=\"wpb-content-wrapper\"><p>[vc_row][vc_column]<div class=\"ftc-heading heading-1 style-1\"><h1>CANALS NADAL<\/h1><\/div>[\/vc_column][\/vc_row][vc_row css=&#8221;.vc_custom_1494840085149{margin-top: 15px !important;margin-bottom: 30px !important;}&#8221; el_class=&#8221;about-us&#8221;][vc_column width=&#8221;1\/2&#8243;][vc_column_text css=&#8221;.vc_custom_1599814230228{margin-bottom: 0px !important;}&#8221;]<\/p>\n<blockquote>\n<h3>La cava d\u2019Antoni Canals Nadal neix amb la voluntat de continuar la tradici\u00f3 familiar vin\u00edcola del Pened\u00e8s.<\/h3>\n<\/blockquote>\n<p>[\/vc_column_text][vc_single_image image=&#8221;135&#8243; img_size=&#8221;large&#8221; add_caption=&#8221;yes&#8221; alignment=&#8221;center&#8221; style=&#8221;vc_box_border_circle_2&#8243; css_animation=&#8221;fadeInLeft&#8221;]<div class=\"ftc-heading heading-2 style-1\"><h2>HER\u00c8NCIA<\/h2><\/div>[vc_column_text]A la d\u00e8cada dels 80, <strong>Antoni Canals Nadal<\/strong>, decideix comen\u00e7ar a elaborar els seus propis caves. Juntament amb el seus fills, entre ells l&#8217;en\u00f2leg <strong>Joan Miquel Canals Bosch<\/strong>, inicien una petita producci\u00f3 al celler on abans es comercialitzava amb vi i es fabricaven b\u00f3tes, artesanalment. Tot al bell mig del poble de <strong>El Pla del Pened\u00e8s<\/strong>.<\/p>\n<p><strong>Antoni Canals<\/strong> ha estat vinculat al m\u00f3n del vi des de la inf\u00e0ncia: el seu avi, Miquel Nadal i el seu pare, Pau Canals que tenien un taller de fabricaci\u00f3 de b\u00f3tes i un celler per a la preparaci\u00f3 de cupatges de vins base cava i la seva comercialitzaci\u00f3, activitat que data del segle XIX.[\/vc_column_text][vc_single_image image=&#8221;474&#8243; img_size=&#8221;large&#8221; add_caption=&#8221;yes&#8221; alignment=&#8221;center&#8221; style=&#8221;vc_box_shadow_3d&#8221; css_animation=&#8221;zoomInLeft&#8221;][\/vc_column][vc_column width=&#8221;1\/2&#8243;][vc_column_text]In our cavas, we want to preserve this <strong>family heritage<\/strong> and produce <strong>quality<\/strong> products, maintaining <strong>tradition<\/strong>, using the <strong>autochthonous varieties,<\/strong> and a commitment to <strong>innovation<\/strong> with challenging elaborations.[\/vc_column_text]<div class=\"ftc-heading heading-2 style-1\"><h2>L'EN\u00d2LEG<\/h2><\/div>[vc_column_text]<strong>Joan Miquel Canals<\/strong> \u00e9s en\u00f2leg format a Falset, llicenciat en ci\u00e8ncies qu\u00edmiques el 1992 per la Universitat de Barcelona i doctorat el 1997 per la Universitat Rovira i Virgili, d&#8217;on n&#8217;\u00e9s professor titular a la Facultat d&#8217;Enologia. Membre i <strong>expresident<\/strong> del <strong>Col\u00b7legi d&#8217;En\u00f2logues<\/strong> <strong>i<\/strong> <strong>En\u00f2legs<\/strong> <strong>de<\/strong> <strong>Catalunya<\/strong>. Expert en els factors de qualitat que influeixen en la percepci\u00f3 sensorial dels vins i dels escumosos en particular. Amb m\u00e9s de 50 publicacions internacionals, participa anualment en les reunions m\u00e9s importants en l&#8217;\u00e0mbit mundial en enologia i viticultura. <strong>Des de 1983<\/strong> elabora vins base de les varietats tradicionals pel cava a la comarca de l&#8217;Alt Pened\u00e8s.<\/p>\n<p>En\u00f2leg de les caves familiars des de l&#8217;inici, on ha desenvolupat la l\u00ednia de productes actual en el marc d&#8217;una filosofia de <strong>millora constant<\/strong> amb <strong>respecte per la natura<\/strong> i intentant <strong>minimitzar la petjada humana<\/strong> en els seus vins.[\/vc_column_text]<div class=\"ftc-heading heading-2 style-1\"><h2>PERSONALITAT<\/h2><\/div>[vc_column_text]Treballem fonamentalment amb les varietats aut\u00f2ctones i tradicionals del Pened\u00e8s, el <strong>Macabeu<\/strong>, el <strong>Xarel\u00b7lo<\/strong> i la <strong>Parellada<\/strong>. Apostem per caves i vins de qualitat amb l\u2019objectiu d\u2019elaborar productes amb una gran personalitat.<\/p>\n<p>Tenim els productes de cupatge tradicional i ens divertim fent nous projectes amb caves monovarietals i cupatges atrevits, per\u00f2 sempre respectant el proc\u00e9s d\u2019elaboraci\u00f3, ens mantenim fidels a la manera de treball tradicional indispensable per obtenir els millors caves, donant temps al temps.[\/vc_column_text][vc_single_image image=&#8221;119&#8243; img_size=&#8221;large&#8221; add_caption=&#8221;yes&#8221; alignment=&#8221;center&#8221; style=&#8221;vc_box_shadow_border&#8221; onclick=&#8221;zoom&#8221; css_animation=&#8221;fadeInRight&#8221;][vc_column_text]<\/p>\n<blockquote>\n<h3>Volem encomanar la il\u00b7lusi\u00f3 del nostre treball respectant el territori i la tradici\u00f3, sense oblidar la innovaci\u00f3<\/h3>\n<\/blockquote>\n<p>[\/vc_column_text][\/vc_column][\/vc_row][vc_row full_width=&#8221;stretch_row&#8221;][vc_column]<div class=\"ftc-heading heading-2 style-1\"><h2>TEAM<\/h2><\/div>[\/vc_column][\/vc_row][vc_row full_width=&#8221;stretch_row&#8221; css=&#8221;.vc_custom_1568945276733{margin-bottom: 5px !important;}&#8221; el_class=&#8221;cate-page-about-us&#8221;][vc_column width=&#8221;1\/4&#8243;][vc_column_text]<\/p>\n<div class=\"ftc-team-member style-1\">\n<div class=\"content-info\">\n<div class=\"image-thumbnail-no-social-links ftc-smooth-image smooth-image ftc-smooth wpb_start_animation animated\">\n<figure><img loading=\"lazy\" decoding=\"async\" class=\"alignnone size-medium\" src=\"https:\/\/www.canalsnadal.com\/wp-content\/uploads\/2020\/09\/Joan-M-Canals.png\" alt=\"Joan Miquel Canals\" width=\"300\" height=\"300\" \/><\/figure>\n<\/div>\n<header>\n<h3>Joan Miquel Canals<\/h3>\n<p><span class=\"role\">En\u00f2leg<\/span><\/p>\n<\/header>\n<\/div>\n<\/div>\n<p>[\/vc_column_text][\/vc_column][vc_column width=&#8221;1\/4&#8243;][vc_column_text]<\/p>\n<div class=\"ftc-team-member style-1\">\n<div class=\"content-info\">\n<div class=\"image-thumbnail-no-social-links ftc-smooth-image smooth-image ftc-smooth wpb_start_animation animated\">\n<figure><img loading=\"lazy\" decoding=\"async\" class=\"alignnone size-medium\" src=\"https:\/\/www.canalsnadal.com\/wp-content\/uploads\/2020\/09\/Imma-Canals.png\" alt=\"Imma Canals\" width=\"300\" height=\"300\" \/><\/figure>\n<\/div>\n<header>\n<h3>Imma Canals<\/h3>\n<p><span class=\"role\">Administraci\u00f3 i Responsable comercial<\/span><\/p>\n<\/header>\n<\/div>\n<\/div>\n<p>[\/vc_column_text][\/vc_column][vc_column width=&#8221;1\/4&#8243;][vc_column_text]<\/p>\n<div class=\"ftc-team-member style-1\">\n<div class=\"content-info\">\n<div class=\"image-thumbnail-no-social-links ftc-smooth-image smooth-image ftc-smooth wpb_start_animation animated\">\n<figure><img loading=\"lazy\" decoding=\"async\" class=\"alignnone size-medium\" src=\"https:\/\/www.canalsnadal.com\/wp-content\/uploads\/2020\/09\/Albert-Canals-2.png\" alt=\"Albert Canals\" width=\"300\" height=\"300\" \/><\/figure>\n<\/div>\n<header>\n<h3>Albert Canals<\/h3>\n<p>Gerent i Responsable celler<\/p>\n<\/header>\n<\/div>\n<\/div>\n<p>[\/vc_column_text][\/vc_column][vc_column width=&#8221;1\/4&#8243;][vc_column_text]<\/p>\n<div class=\"ftc-team-member style-1\">\n<div class=\"content-info\">\n<div class=\"image-thumbnail-no-social-links ftc-smooth-image smooth-image ftc-smooth wpb_start_animation animated\">\n<figure><img loading=\"lazy\" decoding=\"async\" class=\"alignnone size-medium\" src=\"https:\/\/www.canalsnadal.com\/wp-content\/uploads\/2020\/10\/Patrick-Webb.png\" alt=\"Patrik Webb\" width=\"300\" height=\"300\" \/><\/figure>\n<\/div>\n<header>\n<h3>Patrick Webb<\/h3>\n<p>Export Manager<\/p>\n<\/header>\n<\/div>\n<\/div>\n<p>[\/vc_column_text][\/vc_column][\/vc_row]<\/p>\n<\/div>","protected":false},"excerpt":{"rendered":"<p>[vc_row][vc_column][\/vc_column][\/vc_row][vc_row css=&#8221;.vc_custom_1494840085149{margin-top: 15px !important;margin-bottom: 30px !important;}&#8221; el_class=&#8221;about-us&#8221;][vc_column width=&#8221;1\/2&#8243;][vc_column_text css=&#8221;.vc_custom_1599814230228{margin-bottom: 0px !important;}&#8221;] La cava d\u2019Antoni Canals Nadal neix amb la voluntat de continuar la tradici\u00f3 familiar vin\u00edcola del Pened\u00e8s. [\/vc_column_text][vc_single_image image=&#8221;135&#8243; img_size=&#8221;large&#8221; add_caption=&#8221;yes&#8221; alignment=&#8221;center&#8221; style=&#8221;vc_box_border_circle_2&#8243; css_animation=&#8221;fadeInLeft&#8221;][vc_column_text]A la d\u00e8cada dels 80, Antoni Canals Nadal, decideix comen\u00e7ar a elaborar els seus propis caves. Juntament amb el seus fills, [&hellip;]<\/p>\n","protected":false},"author":1,"featured_media":0,"parent":0,"menu_order":0,"comment_status":"closed","ping_status":"closed","template":"","meta":{"footnotes":""},"class_list":["post-782","page","type-page","status-publish","hentry"],"yoast_head":"<!-- This site is optimized with the Yoast SEO plugin v27.4 - https:\/\/yoast.com\/product\/yoast-seo-wordpress\/ -->\n<title>About us - Canals Nadal<\/title>\n<meta name=\"description\" content=\"History: In the 1980s, Antoni Canals Nadal decided to start making his own cavas. Together with his sons, they started a small production\" \/>\n<meta name=\"robots\" content=\"index, follow, max-snippet:-1, max-image-preview:large, max-video-preview:-1\" \/>\n<link rel=\"canonical\" href=\"https:\/\/www.canalsnadal.com\/en\/about-us\/\" \/>\n<meta property=\"og:locale\" content=\"en_US\" \/>\n<meta property=\"og:type\" content=\"article\" \/>\n<meta property=\"og:title\" content=\"About us - Canals Nadal\" \/>\n<meta property=\"og:description\" content=\"History: In the 1980s, Antoni Canals Nadal decided to start making his own cavas. Together with his sons, they started a small production\" \/>\n<meta property=\"og:url\" content=\"https:\/\/www.canalsnadal.com\/en\/about-us\/\" \/>\n<meta property=\"og:site_name\" content=\"Canals Nadal\" \/>\n<meta property=\"article:publisher\" content=\"https:\/\/ca-es.facebook.com\/canalsnadal\/\" \/>\n<meta property=\"article:modified_time\" content=\"2023-02-05T19:57:48+00:00\" \/>\n<meta property=\"og:image\" content=\"https:\/\/www.canalsnadal.com\/wp-content\/uploads\/2020\/09\/Joan-M-Canals.png\" \/>\n<meta name=\"twitter:card\" content=\"summary_large_image\" \/>\n<meta name=\"twitter:site\" content=\"@canalsnadal\" \/>\n<meta name=\"twitter:label1\" content=\"Est. reading time\" \/>\n\t<meta name=\"twitter:data1\" content=\"4 minutes\" \/>\n<script type=\"application\/ld+json\" class=\"yoast-schema-graph\">{\"@context\":\"https:\\\/\\\/schema.org\",\"@graph\":[{\"@type\":\"WebPage\",\"@id\":\"https:\\\/\\\/www.canalsnadal.com\\\/en\\\/about-us\\\/\",\"url\":\"https:\\\/\\\/www.canalsnadal.com\\\/en\\\/about-us\\\/\",\"name\":\"About us - Canals Nadal\",\"isPartOf\":{\"@id\":\"https:\\\/\\\/www.canalsnadal.com\\\/#website\"},\"primaryImageOfPage\":{\"@id\":\"https:\\\/\\\/www.canalsnadal.com\\\/en\\\/about-us\\\/#primaryimage\"},\"image\":{\"@id\":\"https:\\\/\\\/www.canalsnadal.com\\\/en\\\/about-us\\\/#primaryimage\"},\"thumbnailUrl\":\"https:\\\/\\\/www.canalsnadal.com\\\/wp-content\\\/uploads\\\/2020\\\/09\\\/Joan-M-Canals.png\",\"datePublished\":\"2020-10-28T20:31:45+00:00\",\"dateModified\":\"2023-02-05T19:57:48+00:00\",\"description\":\"History: In the 1980s, Antoni Canals Nadal decided to start making his own cavas. Together with his sons, they started a small production\",\"breadcrumb\":{\"@id\":\"https:\\\/\\\/www.canalsnadal.com\\\/en\\\/about-us\\\/#breadcrumb\"},\"inLanguage\":\"en-US\",\"potentialAction\":[{\"@type\":\"ReadAction\",\"target\":[\"https:\\\/\\\/www.canalsnadal.com\\\/en\\\/about-us\\\/\"]}]},{\"@type\":\"ImageObject\",\"inLanguage\":\"en-US\",\"@id\":\"https:\\\/\\\/www.canalsnadal.com\\\/en\\\/about-us\\\/#primaryimage\",\"url\":\"https:\\\/\\\/www.canalsnadal.com\\\/wp-content\\\/uploads\\\/2020\\\/09\\\/Joan-M-Canals.png\",\"contentUrl\":\"https:\\\/\\\/www.canalsnadal.com\\\/wp-content\\\/uploads\\\/2020\\\/09\\\/Joan-M-Canals.png\"},{\"@type\":\"BreadcrumbList\",\"@id\":\"https:\\\/\\\/www.canalsnadal.com\\\/en\\\/about-us\\\/#breadcrumb\",\"itemListElement\":[{\"@type\":\"ListItem\",\"position\":1,\"name\":\"Canals Nadal\",\"item\":\"https:\\\/\\\/www.canalsnadal.com\\\/en\\\/\"},{\"@type\":\"ListItem\",\"position\":2,\"name\":\"About us\"}]},{\"@type\":\"WebSite\",\"@id\":\"https:\\\/\\\/www.canalsnadal.com\\\/#website\",\"url\":\"https:\\\/\\\/www.canalsnadal.com\\\/\",\"name\":\"Canals Nadal\",\"description\":\"Caves Canals Nadal\",\"publisher\":{\"@id\":\"https:\\\/\\\/www.canalsnadal.com\\\/#organization\"},\"potentialAction\":[{\"@type\":\"SearchAction\",\"target\":{\"@type\":\"EntryPoint\",\"urlTemplate\":\"https:\\\/\\\/www.canalsnadal.com\\\/?s={search_term_string}\"},\"query-input\":{\"@type\":\"PropertyValueSpecification\",\"valueRequired\":true,\"valueName\":\"search_term_string\"}}],\"inLanguage\":\"en-US\"},{\"@type\":\"Organization\",\"@id\":\"https:\\\/\\\/www.canalsnadal.com\\\/#organization\",\"name\":\"Canals Nadal\",\"url\":\"https:\\\/\\\/www.canalsnadal.com\\\/\",\"logo\":{\"@type\":\"ImageObject\",\"inLanguage\":\"en-US\",\"@id\":\"https:\\\/\\\/www.canalsnadal.com\\\/#\\\/schema\\\/logo\\\/image\\\/\",\"url\":\"https:\\\/\\\/www.canalsnadal.com\\\/wp-content\\\/uploads\\\/2020\\\/07\\\/Canals-Nadal-logo-web-min.png\",\"contentUrl\":\"https:\\\/\\\/www.canalsnadal.com\\\/wp-content\\\/uploads\\\/2020\\\/07\\\/Canals-Nadal-logo-web-min.png\",\"width\":332,\"height\":130,\"caption\":\"Canals Nadal\"},\"image\":{\"@id\":\"https:\\\/\\\/www.canalsnadal.com\\\/#\\\/schema\\\/logo\\\/image\\\/\"},\"sameAs\":[\"https:\\\/\\\/ca-es.facebook.com\\\/canalsnadal\\\/\",\"https:\\\/\\\/x.com\\\/canalsnadal\",\"https:\\\/\\\/www.instagram.com\\\/canals_nadal\\\/\"]}]}<\/script>\n<!-- \/ Yoast SEO plugin. -->","yoast_head_json":{"title":"About us - Canals Nadal","description":"History: In the 1980s, Antoni Canals Nadal decided to start making his own cavas. Together with his sons, they started a small production","robots":{"index":"index","follow":"follow","max-snippet":"max-snippet:-1","max-image-preview":"max-image-preview:large","max-video-preview":"max-video-preview:-1"},"canonical":"https:\/\/www.canalsnadal.com\/en\/about-us\/","og_locale":"en_US","og_type":"article","og_title":"About us - Canals Nadal","og_description":"History: In the 1980s, Antoni Canals Nadal decided to start making his own cavas. Together with his sons, they started a small production","og_url":"https:\/\/www.canalsnadal.com\/en\/about-us\/","og_site_name":"Canals Nadal","article_publisher":"https:\/\/ca-es.facebook.com\/canalsnadal\/","article_modified_time":"2023-02-05T19:57:48+00:00","og_image":[{"url":"https:\/\/www.canalsnadal.com\/wp-content\/uploads\/2020\/09\/Joan-M-Canals.png","type":"","width":"","height":""}],"twitter_card":"summary_large_image","twitter_site":"@canalsnadal","twitter_misc":{"Est. reading time":"4 minutes"},"schema":{"@context":"https:\/\/schema.org","@graph":[{"@type":"WebPage","@id":"https:\/\/www.canalsnadal.com\/en\/about-us\/","url":"https:\/\/www.canalsnadal.com\/en\/about-us\/","name":"About us - Canals Nadal","isPartOf":{"@id":"https:\/\/www.canalsnadal.com\/#website"},"primaryImageOfPage":{"@id":"https:\/\/www.canalsnadal.com\/en\/about-us\/#primaryimage"},"image":{"@id":"https:\/\/www.canalsnadal.com\/en\/about-us\/#primaryimage"},"thumbnailUrl":"https:\/\/www.canalsnadal.com\/wp-content\/uploads\/2020\/09\/Joan-M-Canals.png","datePublished":"2020-10-28T20:31:45+00:00","dateModified":"2023-02-05T19:57:48+00:00","description":"History: In the 1980s, Antoni Canals Nadal decided to start making his own cavas. Together with his sons, they started a small production","breadcrumb":{"@id":"https:\/\/www.canalsnadal.com\/en\/about-us\/#breadcrumb"},"inLanguage":"en-US","potentialAction":[{"@type":"ReadAction","target":["https:\/\/www.canalsnadal.com\/en\/about-us\/"]}]},{"@type":"ImageObject","inLanguage":"en-US","@id":"https:\/\/www.canalsnadal.com\/en\/about-us\/#primaryimage","url":"https:\/\/www.canalsnadal.com\/wp-content\/uploads\/2020\/09\/Joan-M-Canals.png","contentUrl":"https:\/\/www.canalsnadal.com\/wp-content\/uploads\/2020\/09\/Joan-M-Canals.png"},{"@type":"BreadcrumbList","@id":"https:\/\/www.canalsnadal.com\/en\/about-us\/#breadcrumb","itemListElement":[{"@type":"ListItem","position":1,"name":"Canals Nadal","item":"https:\/\/www.canalsnadal.com\/en\/"},{"@type":"ListItem","position":2,"name":"About us"}]},{"@type":"WebSite","@id":"https:\/\/www.canalsnadal.com\/#website","url":"https:\/\/www.canalsnadal.com\/","name":"Canals Nadal","description":"Caves Canals Nadal","publisher":{"@id":"https:\/\/www.canalsnadal.com\/#organization"},"potentialAction":[{"@type":"SearchAction","target":{"@type":"EntryPoint","urlTemplate":"https:\/\/www.canalsnadal.com\/?s={search_term_string}"},"query-input":{"@type":"PropertyValueSpecification","valueRequired":true,"valueName":"search_term_string"}}],"inLanguage":"en-US"},{"@type":"Organization","@id":"https:\/\/www.canalsnadal.com\/#organization","name":"Canals Nadal","url":"https:\/\/www.canalsnadal.com\/","logo":{"@type":"ImageObject","inLanguage":"en-US","@id":"https:\/\/www.canalsnadal.com\/#\/schema\/logo\/image\/","url":"https:\/\/www.canalsnadal.com\/wp-content\/uploads\/2020\/07\/Canals-Nadal-logo-web-min.png","contentUrl":"https:\/\/www.canalsnadal.com\/wp-content\/uploads\/2020\/07\/Canals-Nadal-logo-web-min.png","width":332,"height":130,"caption":"Canals Nadal"},"image":{"@id":"https:\/\/www.canalsnadal.com\/#\/schema\/logo\/image\/"},"sameAs":["https:\/\/ca-es.facebook.com\/canalsnadal\/","https:\/\/x.com\/canalsnadal","https:\/\/www.instagram.com\/canals_nadal\/"]}]}},"_links":{"self":[{"href":"https:\/\/www.canalsnadal.com\/en\/wp-json\/wp\/v2\/pages\/782","targetHints":{"allow":["GET"]}}],"collection":[{"href":"https:\/\/www.canalsnadal.com\/en\/wp-json\/wp\/v2\/pages"}],"about":[{"href":"https:\/\/www.canalsnadal.com\/en\/wp-json\/wp\/v2\/types\/page"}],"author":[{"embeddable":true,"href":"https:\/\/www.canalsnadal.com\/en\/wp-json\/wp\/v2\/users\/1"}],"replies":[{"embeddable":true,"href":"https:\/\/www.canalsnadal.com\/en\/wp-json\/wp\/v2\/comments?post=782"}],"version-history":[{"count":19,"href":"https:\/\/www.canalsnadal.com\/en\/wp-json\/wp\/v2\/pages\/782\/revisions"}],"predecessor-version":[{"id":1206,"href":"https:\/\/www.canalsnadal.com\/en\/wp-json\/wp\/v2\/pages\/782\/revisions\/1206"}],"wp:attachment":[{"href":"https:\/\/www.canalsnadal.com\/en\/wp-json\/wp\/v2\/media?parent=782"}],"curies":[{"name":"wp","href":"https:\/\/api.w.org\/{rel}","templated":true}]}}