{"id":621,"date":"2020-10-18T20:13:11","date_gmt":"2020-10-18T18:13:11","guid":{"rendered":"https:\/\/www.canalsnadal.com\/contacto\/"},"modified":"2025-07-03T09:26:37","modified_gmt":"2025-07-03T08:26:37","slug":"contacto","status":"publish","type":"page","link":"https:\/\/www.canalsnadal.com\/es\/contacto\/","title":{"rendered":"Contacto"},"content":{"rendered":"<div class=\"wpb-content-wrapper\"><p>[vc_row layout=&#8221;ftc-row-boxed&#8221; enable_parallax=&#8221;&#8221; css=&#8221;.vc_custom_1568946353920{margin-top: 15px !important;margin-bottom: 37px !important;}&#8221; el_class=&#8221;st-row-info-contact&#8221;][vc_column el_class=&#8221;contact_info_map&#8221;][vc_column_text css=&#8221;&#8221;]<\/p>\n<div class=\"info_contact\">\n<div class=\"info_column address\">\n<ul>\n<li>Carrer Ponent, 2,<br \/>\n08733 El Pla del Pened\u00e8s,<br \/>\nBarcelona (Spain)<\/li>\n<\/ul>\n<\/div>\n<div class=\"info_column phone\">\n<ul>\n<li>Tel\u00e9fono : <a href=\"tel:+34938988081\">+34 93 898 80 81<\/a><\/li>\n<li>M\u00f3vil : <a href=\"tel:+34618034828\">+34 618 034 828<\/a><\/li>\n<li>M\u00f3vil : <a href=\"%22tel:\">+34 654 518 559<\/a><\/li>\n<\/ul>\n<\/div>\n<div class=\"info_column email\">\n<ul>\n<li>Email : <a href=\"mailto:%20cava@canalsnadal.com\">cava@canalsnadal.com<\/a><\/li>\n<\/ul>\n<\/div>\n<\/div>\n<p>[\/vc_column_text][\/vc_column][\/vc_row][vc_row disable_element=&#8221;yes&#8221; el_class=&#8221;st-row-map&#8221;][vc_column]\t\t\t<div class=\"google-map-container\" style=\"height:335px\" \n\t\t\t\tdata-address=\"Carrer Ponent, 2, El pla del Pened\u00e8s, 08733, Barcelona, Spain\" data-zoom=\"12\" data-map_type=\"ROADMAP\" data-title=\"\">\n\t\t\t\t<div style=\"height:335px\"><\/div>\n\t\t\t<\/div>\n\t\t\t[\/vc_column][\/vc_row][vc_row el_class=&#8221;st-row-mapp&#8221;][vc_column][vc_gmaps link=&#8221;#E-8_JTNDaWZyYW1lJTIwc3JjJTNEJTIyaHR0cHMlM0ElMkYlMkZ3d3cuZ29vZ2xlLmNvbSUyRm1hcHMlMkZlbWJlZCUzRnBiJTNEJTIxMW0xOCUyMTFtMTIlMjExbTMlMjExZDI5OTEuOTY2MTU0MDUyNzg0JTIxMmQxLjcwODQyMzYxNTQyNjc1NTYlMjEzZDQxLjQxODI1MzM3OTI2MTQzJTIxMm0zJTIxMWYwJTIxMmYwJTIxM2YwJTIxM20yJTIxMWkxMDI0JTIxMmk3NjglMjE0ZjEzLjElMjEzbTMlMjExbTIlMjExczB4MCUyNTNBMHg2ZjA3ZDJkMGRhYzk2ODBmJTIxMnNDYXZlcyUyQkNhbmFscyUyQk5hZGFsJTIxNWUwJTIxM20yJTIxMXNjYSUyMTJzZXMlMjE0djE1MjY0MTU0OTAxOTElMjIlMjB3aWR0aCUzRCUyMjYwMCUyMiUyMGhlaWdodCUzRCUyMjQ1MCUyMiUyMGZyYW1lYm9yZGVyJTNEJTIyMCUyMiUyMHN0eWxlJTNEJTIyYm9yZGVyJTNBMCUyMiUyMGFsbG93ZnVsbHNjcmVlbiUzRCUyMiUyMiUzRSUzQyUyRmlmcmFtZSUzRQ==&#8221;][\/vc_column][\/vc_row][vc_row el_class=&#8221;wpb_wrapper&#8221;][vc_column el_class=&#8221;contact_info_map&#8221;][vc_column_text]<\/p>\n<div class=\"info_contact\">\n<div class=\"info_column calendar\">\n<ul>\n<li><strong>Horario Laborables<\/strong>:<br \/>\nLunes a Viernes:<br \/>\n9-13h i 15-18h<\/li>\n<\/ul>\n<\/div>\n<div class=\"info_column calendar-week\">\n<ul>\n<li class=\"weekends\"><strong>Fines de semana<\/strong><br \/>\nEnero a Septiembre (10-14h):<br \/>\n<a href=\"#cita-previa\">Obligatorio cita previa<\/a><\/li>\n<\/ul>\n<\/div>\n<div class=\"info_column calendar-day\">\n<ul>\n<li class=\"weekends\"><strong>Fines de semana<\/strong><br \/>\nOctubre a Diciembre (10-14h):<br \/>\n<a href=\"#cita-previa\">Recomendable cita previa<\/a><\/li>\n<\/ul>\n<p>&nbsp;<\/p>\n<\/div>\n<\/div>\n<p>[\/vc_column_text][\/vc_column][\/vc_row][vc_row][vc_column][vc_column_text]<\/p>\n<h2><a id=\"cita-previa\"><\/a>Cita previa: formulario de solicitud<\/h2>\n<p>\u00bfQuieres venir a visitarnos el fin de semana o en festivo? Reserva una cita previa mediante el siguiente formulario i te guardermos d\u00eda y hora para que nos visites.<\/p>\n<p><!--\nPlugin Name: Bookly - Responsive WordPress Appointment Booking and Scheduling Plugin\nPlugin URI: https:\/\/www.booking-wp-plugin.com\/?utm_source=bookly_admin&utm_medium=plugins_page&utm_campaign=plugins_page\nVersion: 27.4-->\n<style type=\"text\/css\">\n    :root {\n        --bookly-main-color: #b08a39 !important;\n        --bookly-color: #b08a39 !important;\n    }\n\n    <\/style><div class=\"bookly-css-root\">\n    <div id=\"bookly-form-container-69e1cc1a3d0d3\" class=\"bookly-form\" data-form_id=\"\" aria-live=\"polite\">\n        <div style=\"text-align: center\"><img decoding=\"async\" src=\"https:\/\/www.canalsnadal.com\/wp-includes\/js\/tinymce\/skins\/lightgray\/img\/loader.gif\" alt=\"Cargando ...\"\/><\/div>\n    <\/div>\n<\/div>\n<script type=\"text\/javascript\">\n    (function (win, fn) {\n        var done = false, top = true,\n            doc = win.document,\n            root = doc.documentElement,\n            modern = doc.addEventListener,\n            add = modern ? 'addEventListener' : 'attachEvent',\n            rem = modern ? 'removeEventListener' : 'detachEvent',\n            pre = modern ? '' : 'on',\n            init = function (e) {\n                if (e.type == 'readystatechange') if (doc.readyState != 'complete') return;\n                (e.type == 'load' ? win : doc)[rem](pre + e.type, init, false);\n                if (!done) {\n                    done = true;\n                    fn.call(win, e.type || e);\n                }\n            },\n            poll = function () {\n                try {\n                    root.doScroll('left');\n                } catch (e) {\n                    setTimeout(poll, 50);\n                    return;\n                }\n                init('poll');\n            };\n        if (doc.readyState == 'complete') fn.call(win, 'lazy');\n        else {\n            if (!modern) if (root.doScroll) {\n                try {\n                    top = !win.frameElement;\n                } catch (e) {\n                }\n                if (top) poll();\n            }\n            doc[add](pre + 'DOMContentLoaded', init, false);\n            doc[add](pre + 'readystatechange', init, false);\n            win[add](pre + 'load', init, false);\n        }\n    })(window, function () {\n        window.bookly( {\"form_id\":\"69e1cc1a3d0d3\",\"form_data\":{\"skip_service_step\":0,\"hide_service_part1\":1,\"hide_service_part2\":0,\"defaults\":{\"service_id\":1,\"staff_id\":0,\"location_id\":0,\"category_id\":1,\"units\":0,\"date_from\":0,\"time_from\":0,\"time_to\":0}},\"status\":{\"booking\":\"new\"},\"form_token\":null,\"skip_steps\":{\"service_part1\":1,\"service_part2\":0,\"extras\":1,\"time\":0,\"repeat\":1,\"cart\":1},\"errors\":{\"session_error\":\"Error de sesi\\u00f3n.\",\"form_id_error\":\"Error Identificaci\\u00f3n formulario.\",\"cart_item_not_available\":\"The selected time is not available anymore. Please, choose another time slot.\",\"pay_locally_not_available\":\"Pagu\\u00e9 no est\\u00e1 disponible.\",\"invalid_gateway\":\"Puerta de enlace no es v\\u00e1lido.\",\"payment_error\":\"Error.\",\"incorrect_username_password\":\"Nombre de usuario o contrase\\u00f1a incorrectos.\"},\"form_attributes\":{\"hide_categories\":true,\"hide_services\":true,\"hide_staff_members\":true,\"show_number_of_persons\":false,\"hide_service_duration\":true,\"hide_locations\":true,\"hide_quantity\":true,\"hide_date\":false,\"hide_week_days\":false,\"hide_time_range\":false,\"const_category_id\":1},\"use_client_time_zone\":1,\"defaults\":{\"service_id\":1,\"staff_id\":0,\"location_id\":0,\"category_id\":1},\"datepicker_mode\":\"text-accent\"} );\n    });\n<\/script>[\/vc_column_text][\/vc_column][\/vc_row]<\/p>\n<\/div>","protected":false},"excerpt":{"rendered":"<p>[vc_row layout=&#8221;ftc-row-boxed&#8221; enable_parallax=&#8221;&#8221; css=&#8221;.vc_custom_1568946353920{margin-top: 15px !important;margin-bottom: 37px !important;}&#8221; el_class=&#8221;st-row-info-contact&#8221;][vc_column el_class=&#8221;contact_info_map&#8221;][vc_column_text css=&#8221;&#8221;] Carrer Ponent, 2, 08733 El Pla del Pened\u00e8s, Barcelona (Spain) Tel\u00e9fono : +34 93 898 80 81 M\u00f3vil : +34 618 034 828 M\u00f3vil : +34 654 518 559 Email : cava@canalsnadal.com [\/vc_column_text][\/vc_column][\/vc_row][vc_row disable_element=&#8221;yes&#8221; el_class=&#8221;st-row-map&#8221;][vc_column][\/vc_column][\/vc_row][vc_row el_class=&#8221;st-row-mapp&#8221;][vc_column][vc_gmaps link=&#8221;#E-8_JTNDaWZyYW1lJTIwc3JjJTNEJTIyaHR0cHMlM0ElMkYlMkZ3d3cuZ29vZ2xlLmNvbSUyRm1hcHMlMkZlbWJlZCUzRnBiJTNEJTIxMW0xOCUyMTFtMTIlMjExbTMlMjExZDI5OTEuOTY2MTU0MDUyNzg0JTIxMmQxLjcwODQyMzYxNTQyNjc1NTYlMjEzZDQxLjQxODI1MzM3OTI2MTQzJTIxMm0zJTIxMWYwJTIxMmYwJTIxM2YwJTIxM20yJTIxMWkxMDI0JTIxMmk3NjglMjE0ZjEzLjElMjEzbTMlMjExbTIlMjExczB4MCUyNTNBMHg2ZjA3ZDJkMGRhYzk2ODBmJTIxMnNDYXZlcyUyQkNhbmFscyUyQk5hZGFsJTIxNWUwJTIxM20yJTIxMXNjYSUyMTJzZXMlMjE0djE1MjY0MTU0OTAxOTElMjIlMjB3aWR0aCUzRCUyMjYwMCUyMiUyMGhlaWdodCUzRCUyMjQ1MCUyMiUyMGZyYW1lYm9yZGVyJTNEJTIyMCUyMiUyMHN0eWxlJTNEJTIyYm9yZGVyJTNBMCUyMiUyMGFsbG93ZnVsbHNjcmVlbiUzRCUyMiUyMiUzRSUzQyUyRmlmcmFtZSUzRQ==&#8221;][\/vc_column][\/vc_row][vc_row el_class=&#8221;wpb_wrapper&#8221;][vc_column el_class=&#8221;contact_info_map&#8221;][vc_column_text] Horario Laborables: Lunes a Viernes: [&hellip;]<\/p>\n","protected":false},"author":1,"featured_media":0,"parent":0,"menu_order":0,"comment_status":"closed","ping_status":"closed","template":"","meta":{"footnotes":""},"class_list":["post-621","page","type-page","status-publish","hentry"],"yoast_head":"<!-- This site is optimized with the Yoast SEO plugin v27.4 - https:\/\/yoast.com\/product\/yoast-seo-wordpress\/ -->\n<title>Contacto - Canals Nadal<\/title>\n<meta name=\"robots\" content=\"index, follow, max-snippet:-1, max-image-preview:large, max-video-preview:-1\" \/>\n<link rel=\"canonical\" href=\"https:\/\/www.canalsnadal.com\/es\/contacto\/\" \/>\n<meta property=\"og:locale\" content=\"es_ES\" \/>\n<meta property=\"og:type\" content=\"article\" \/>\n<meta property=\"og:title\" content=\"Contacto - Canals Nadal\" \/>\n<meta property=\"og:description\" content=\"[vc_row layout=&#8221;ftc-row-boxed&#8221; enable_parallax=&#8221;&#8221; css=&#8221;.vc_custom_1568946353920{margin-top: 15px !important;margin-bottom: 37px !important;}&#8221; el_class=&#8221;st-row-info-contact&#8221;][vc_column el_class=&#8221;contact_info_map&#8221;][vc_column_text css=&#8221;&#8221;] Carrer Ponent, 2, 08733 El Pla del Pened\u00e8s, Barcelona (Spain) Tel\u00e9fono : +34 93 898 80 81 M\u00f3vil : +34 618 034 828 M\u00f3vil : +34 654 518 559 Email : cava@canalsnadal.com [\/vc_column_text][\/vc_column][\/vc_row][vc_row disable_element=&#8221;yes&#8221; el_class=&#8221;st-row-map&#8221;][vc_column][\/vc_column][\/vc_row][vc_row el_class=&#8221;st-row-mapp&#8221;][vc_column][vc_gmaps link=&#8221;#E-8_JTNDaWZyYW1lJTIwc3JjJTNEJTIyaHR0cHMlM0ElMkYlMkZ3d3cuZ29vZ2xlLmNvbSUyRm1hcHMlMkZlbWJlZCUzRnBiJTNEJTIxMW0xOCUyMTFtMTIlMjExbTMlMjExZDI5OTEuOTY2MTU0MDUyNzg0JTIxMmQxLjcwODQyMzYxNTQyNjc1NTYlMjEzZDQxLjQxODI1MzM3OTI2MTQzJTIxMm0zJTIxMWYwJTIxMmYwJTIxM2YwJTIxM20yJTIxMWkxMDI0JTIxMmk3NjglMjE0ZjEzLjElMjEzbTMlMjExbTIlMjExczB4MCUyNTNBMHg2ZjA3ZDJkMGRhYzk2ODBmJTIxMnNDYXZlcyUyQkNhbmFscyUyQk5hZGFsJTIxNWUwJTIxM20yJTIxMXNjYSUyMTJzZXMlMjE0djE1MjY0MTU0OTAxOTElMjIlMjB3aWR0aCUzRCUyMjYwMCUyMiUyMGhlaWdodCUzRCUyMjQ1MCUyMiUyMGZyYW1lYm9yZGVyJTNEJTIyMCUyMiUyMHN0eWxlJTNEJTIyYm9yZGVyJTNBMCUyMiUyMGFsbG93ZnVsbHNjcmVlbiUzRCUyMiUyMiUzRSUzQyUyRmlmcmFtZSUzRQ==&#8221;][\/vc_column][\/vc_row][vc_row el_class=&#8221;wpb_wrapper&#8221;][vc_column el_class=&#8221;contact_info_map&#8221;][vc_column_text] Horario Laborables: Lunes a Viernes: [&hellip;]\" \/>\n<meta property=\"og:url\" content=\"https:\/\/www.canalsnadal.com\/es\/contacto\/\" \/>\n<meta property=\"og:site_name\" content=\"Canals Nadal\" \/>\n<meta property=\"article:publisher\" content=\"https:\/\/ca-es.facebook.com\/canalsnadal\/\" \/>\n<meta property=\"article:modified_time\" content=\"2025-07-03T08:26:37+00:00\" \/>\n<meta name=\"twitter:card\" content=\"summary_large_image\" \/>\n<meta name=\"twitter:site\" content=\"@canalsnadal\" \/>\n<meta name=\"twitter:label1\" content=\"Tiempo de lectura\" \/>\n\t<meta name=\"twitter:data1\" content=\"1 minuto\" \/>\n<script type=\"application\/ld+json\" class=\"yoast-schema-graph\">{\"@context\":\"https:\\\/\\\/schema.org\",\"@graph\":[{\"@type\":\"WebPage\",\"@id\":\"https:\\\/\\\/www.canalsnadal.com\\\/es\\\/contacto\\\/\",\"url\":\"https:\\\/\\\/www.canalsnadal.com\\\/es\\\/contacto\\\/\",\"name\":\"Contacto - Canals Nadal\",\"isPartOf\":{\"@id\":\"https:\\\/\\\/www.canalsnadal.com\\\/#website\"},\"datePublished\":\"2020-10-18T18:13:11+00:00\",\"dateModified\":\"2025-07-03T08:26:37+00:00\",\"breadcrumb\":{\"@id\":\"https:\\\/\\\/www.canalsnadal.com\\\/es\\\/contacto\\\/#breadcrumb\"},\"inLanguage\":\"es\",\"potentialAction\":[{\"@type\":\"ReadAction\",\"target\":[\"https:\\\/\\\/www.canalsnadal.com\\\/es\\\/contacto\\\/\"]}]},{\"@type\":\"BreadcrumbList\",\"@id\":\"https:\\\/\\\/www.canalsnadal.com\\\/es\\\/contacto\\\/#breadcrumb\",\"itemListElement\":[{\"@type\":\"ListItem\",\"position\":1,\"name\":\"Canals Nadal\",\"item\":\"https:\\\/\\\/www.canalsnadal.com\\\/es\\\/\"},{\"@type\":\"ListItem\",\"position\":2,\"name\":\"Contacto\"}]},{\"@type\":\"WebSite\",\"@id\":\"https:\\\/\\\/www.canalsnadal.com\\\/#website\",\"url\":\"https:\\\/\\\/www.canalsnadal.com\\\/\",\"name\":\"Canals Nadal\",\"description\":\"Caves Canals Nadal\",\"publisher\":{\"@id\":\"https:\\\/\\\/www.canalsnadal.com\\\/#organization\"},\"potentialAction\":[{\"@type\":\"SearchAction\",\"target\":{\"@type\":\"EntryPoint\",\"urlTemplate\":\"https:\\\/\\\/www.canalsnadal.com\\\/?s={search_term_string}\"},\"query-input\":{\"@type\":\"PropertyValueSpecification\",\"valueRequired\":true,\"valueName\":\"search_term_string\"}}],\"inLanguage\":\"es\"},{\"@type\":\"Organization\",\"@id\":\"https:\\\/\\\/www.canalsnadal.com\\\/#organization\",\"name\":\"Canals Nadal\",\"url\":\"https:\\\/\\\/www.canalsnadal.com\\\/\",\"logo\":{\"@type\":\"ImageObject\",\"inLanguage\":\"es\",\"@id\":\"https:\\\/\\\/www.canalsnadal.com\\\/#\\\/schema\\\/logo\\\/image\\\/\",\"url\":\"https:\\\/\\\/www.canalsnadal.com\\\/wp-content\\\/uploads\\\/2020\\\/07\\\/Canals-Nadal-logo-web-min.png\",\"contentUrl\":\"https:\\\/\\\/www.canalsnadal.com\\\/wp-content\\\/uploads\\\/2020\\\/07\\\/Canals-Nadal-logo-web-min.png\",\"width\":332,\"height\":130,\"caption\":\"Canals Nadal\"},\"image\":{\"@id\":\"https:\\\/\\\/www.canalsnadal.com\\\/#\\\/schema\\\/logo\\\/image\\\/\"},\"sameAs\":[\"https:\\\/\\\/ca-es.facebook.com\\\/canalsnadal\\\/\",\"https:\\\/\\\/x.com\\\/canalsnadal\",\"https:\\\/\\\/www.instagram.com\\\/canals_nadal\\\/\"]}]}<\/script>\n<!-- \/ Yoast SEO plugin. -->","yoast_head_json":{"title":"Contacto - Canals Nadal","robots":{"index":"index","follow":"follow","max-snippet":"max-snippet:-1","max-image-preview":"max-image-preview:large","max-video-preview":"max-video-preview:-1"},"canonical":"https:\/\/www.canalsnadal.com\/es\/contacto\/","og_locale":"es_ES","og_type":"article","og_title":"Contacto - Canals Nadal","og_description":"[vc_row layout=&#8221;ftc-row-boxed&#8221; enable_parallax=&#8221;&#8221; css=&#8221;.vc_custom_1568946353920{margin-top: 15px !important;margin-bottom: 37px !important;}&#8221; el_class=&#8221;st-row-info-contact&#8221;][vc_column el_class=&#8221;contact_info_map&#8221;][vc_column_text css=&#8221;&#8221;] Carrer Ponent, 2, 08733 El Pla del Pened\u00e8s, Barcelona (Spain) Tel\u00e9fono : +34 93 898 80 81 M\u00f3vil : +34 618 034 828 M\u00f3vil : +34 654 518 559 Email : cava@canalsnadal.com [\/vc_column_text][\/vc_column][\/vc_row][vc_row disable_element=&#8221;yes&#8221; el_class=&#8221;st-row-map&#8221;][vc_column][\/vc_column][\/vc_row][vc_row el_class=&#8221;st-row-mapp&#8221;][vc_column][vc_gmaps link=&#8221;#E-8_JTNDaWZyYW1lJTIwc3JjJTNEJTIyaHR0cHMlM0ElMkYlMkZ3d3cuZ29vZ2xlLmNvbSUyRm1hcHMlMkZlbWJlZCUzRnBiJTNEJTIxMW0xOCUyMTFtMTIlMjExbTMlMjExZDI5OTEuOTY2MTU0MDUyNzg0JTIxMmQxLjcwODQyMzYxNTQyNjc1NTYlMjEzZDQxLjQxODI1MzM3OTI2MTQzJTIxMm0zJTIxMWYwJTIxMmYwJTIxM2YwJTIxM20yJTIxMWkxMDI0JTIxMmk3NjglMjE0ZjEzLjElMjEzbTMlMjExbTIlMjExczB4MCUyNTNBMHg2ZjA3ZDJkMGRhYzk2ODBmJTIxMnNDYXZlcyUyQkNhbmFscyUyQk5hZGFsJTIxNWUwJTIxM20yJTIxMXNjYSUyMTJzZXMlMjE0djE1MjY0MTU0OTAxOTElMjIlMjB3aWR0aCUzRCUyMjYwMCUyMiUyMGhlaWdodCUzRCUyMjQ1MCUyMiUyMGZyYW1lYm9yZGVyJTNEJTIyMCUyMiUyMHN0eWxlJTNEJTIyYm9yZGVyJTNBMCUyMiUyMGFsbG93ZnVsbHNjcmVlbiUzRCUyMiUyMiUzRSUzQyUyRmlmcmFtZSUzRQ==&#8221;][\/vc_column][\/vc_row][vc_row el_class=&#8221;wpb_wrapper&#8221;][vc_column el_class=&#8221;contact_info_map&#8221;][vc_column_text] Horario Laborables: Lunes a Viernes: [&hellip;]","og_url":"https:\/\/www.canalsnadal.com\/es\/contacto\/","og_site_name":"Canals Nadal","article_publisher":"https:\/\/ca-es.facebook.com\/canalsnadal\/","article_modified_time":"2025-07-03T08:26:37+00:00","twitter_card":"summary_large_image","twitter_site":"@canalsnadal","twitter_misc":{"Tiempo de lectura":"1 minuto"},"schema":{"@context":"https:\/\/schema.org","@graph":[{"@type":"WebPage","@id":"https:\/\/www.canalsnadal.com\/es\/contacto\/","url":"https:\/\/www.canalsnadal.com\/es\/contacto\/","name":"Contacto - Canals Nadal","isPartOf":{"@id":"https:\/\/www.canalsnadal.com\/#website"},"datePublished":"2020-10-18T18:13:11+00:00","dateModified":"2025-07-03T08:26:37+00:00","breadcrumb":{"@id":"https:\/\/www.canalsnadal.com\/es\/contacto\/#breadcrumb"},"inLanguage":"es","potentialAction":[{"@type":"ReadAction","target":["https:\/\/www.canalsnadal.com\/es\/contacto\/"]}]},{"@type":"BreadcrumbList","@id":"https:\/\/www.canalsnadal.com\/es\/contacto\/#breadcrumb","itemListElement":[{"@type":"ListItem","position":1,"name":"Canals Nadal","item":"https:\/\/www.canalsnadal.com\/es\/"},{"@type":"ListItem","position":2,"name":"Contacto"}]},{"@type":"WebSite","@id":"https:\/\/www.canalsnadal.com\/#website","url":"https:\/\/www.canalsnadal.com\/","name":"Canals Nadal","description":"Caves Canals Nadal","publisher":{"@id":"https:\/\/www.canalsnadal.com\/#organization"},"potentialAction":[{"@type":"SearchAction","target":{"@type":"EntryPoint","urlTemplate":"https:\/\/www.canalsnadal.com\/?s={search_term_string}"},"query-input":{"@type":"PropertyValueSpecification","valueRequired":true,"valueName":"search_term_string"}}],"inLanguage":"es"},{"@type":"Organization","@id":"https:\/\/www.canalsnadal.com\/#organization","name":"Canals Nadal","url":"https:\/\/www.canalsnadal.com\/","logo":{"@type":"ImageObject","inLanguage":"es","@id":"https:\/\/www.canalsnadal.com\/#\/schema\/logo\/image\/","url":"https:\/\/www.canalsnadal.com\/wp-content\/uploads\/2020\/07\/Canals-Nadal-logo-web-min.png","contentUrl":"https:\/\/www.canalsnadal.com\/wp-content\/uploads\/2020\/07\/Canals-Nadal-logo-web-min.png","width":332,"height":130,"caption":"Canals Nadal"},"image":{"@id":"https:\/\/www.canalsnadal.com\/#\/schema\/logo\/image\/"},"sameAs":["https:\/\/ca-es.facebook.com\/canalsnadal\/","https:\/\/x.com\/canalsnadal","https:\/\/www.instagram.com\/canals_nadal\/"]}]}},"_links":{"self":[{"href":"https:\/\/www.canalsnadal.com\/es\/wp-json\/wp\/v2\/pages\/621","targetHints":{"allow":["GET"]}}],"collection":[{"href":"https:\/\/www.canalsnadal.com\/es\/wp-json\/wp\/v2\/pages"}],"about":[{"href":"https:\/\/www.canalsnadal.com\/es\/wp-json\/wp\/v2\/types\/page"}],"author":[{"embeddable":true,"href":"https:\/\/www.canalsnadal.com\/es\/wp-json\/wp\/v2\/users\/1"}],"replies":[{"embeddable":true,"href":"https:\/\/www.canalsnadal.com\/es\/wp-json\/wp\/v2\/comments?post=621"}],"version-history":[{"count":15,"href":"https:\/\/www.canalsnadal.com\/es\/wp-json\/wp\/v2\/pages\/621\/revisions"}],"predecessor-version":[{"id":1563,"href":"https:\/\/www.canalsnadal.com\/es\/wp-json\/wp\/v2\/pages\/621\/revisions\/1563"}],"wp:attachment":[{"href":"https:\/\/www.canalsnadal.com\/es\/wp-json\/wp\/v2\/media?parent=621"}],"curies":[{"name":"wp","href":"https:\/\/api.w.org\/{rel}","templated":true}]}}