{"id":670,"date":"2020-10-24T21:01:32","date_gmt":"2020-10-24T19:01:32","guid":{"rendered":"https:\/\/www.canalsnadal.com\/elaboracion\/"},"modified":"2020-11-05T20:39:51","modified_gmt":"2020-11-05T19:39:51","slug":"elaboracion","status":"publish","type":"page","link":"https:\/\/www.canalsnadal.com\/es\/elaboracion\/","title":{"rendered":"Elaboraci\u00f3n"},"content":{"rendered":"<div class=\"wpb-content-wrapper\"><p>[vc_row][vc_column]<div class=\"ftc-heading heading-1 style-2\"><h1>EL PROCESO DE ELABORACI\u00d3N DEL CAVA<\/h1><\/div>[\/vc_column][\/vc_row][vc_row el_class=&#8221;about-us&#8221;][vc_column width=&#8221;1\/2&#8243;][vc_column_text]<\/p>\n<blockquote>\n<h3>En el proceso de elaboraci\u00f3n utilizamos las nuevas tecnolog\u00edas para elaborar cavas y vinos tradicionales<\/h3>\n<\/blockquote>\n<p>[\/vc_column_text]<div class=\"ftc-heading heading-2 style-1\"><h2>VI\u00d1EDO<\/h2><\/div>[vc_column_text]El vi\u00f1edo, al llegar la mayor\u00eda de edad, consigue un equilibrio entre la vegetaci\u00f3n y la producci\u00f3n que permite obtener una uvas de m\u00e1xima calidad y m\u00e1s homog\u00e9neo en toda la producci\u00f3n. Nuestros vi\u00f1edos con los que elaboramos nuestros cavas tienen un seguimento des de la poda hasta el producto final, una parte son de la familia y el resto son de viticultores del Pened\u00e8s a los que compramos la producci\u00f3n con relaciones a largo plazo. Las uvas es para nosotros el punto de partida y es imprescindible velar por su calidad. El vi\u00f1edo de Antoni Canals es ecol\u00f3gico o en proceso. En el conreo se priorizan los trabajos a mano y la vendimia 100% manual.[\/vc_column_text][vc_single_image image=&#8221;208&#8243; img_size=&#8221;large&#8221; alignment=&#8221;center&#8221; style=&#8221;vc_box_shadow_border_circle_2&#8243; css_animation=&#8221;rollIn&#8221; el_class=&#8221;ftc-smooth-image smooth-image ftc-smooth&#8221;]<div class=\"ftc-heading heading-2 style-1\"><h2>ELABORACI\u00d3N Y CUPAGE (COUPAGE)<\/h2><\/div>[vc_column_text]Cada variedad de uva es prensada de manera individual. Despu\u00e9s el mosto decantado fermenta en envases adaptados para este fin, en el caso del Xarel\u00b7lo del Brut Cupada Selecci\u00f3n la fermentaci\u00f3n se realiza en barricas de roble. En este proceso el mosto se convierte en vino gracias a la fermentaci\u00f3n alcoh\u00f3lica, que es realiza con el control de temperatura. Cuando tenemos los vinos reposados, haremos los diferentes cupages, preparando la proporci\u00f3n adecuada para que cada cava pueda conseguir las caracter\u00edsticas que buscamos, como estructura, acidez, perfil arom\u00e1tico para obtener la personalidad deseada. Todo este proceso siempre bajo la supervisi\u00f3n del en\u00f3logo[\/vc_column_text]<div class=\"ftc-heading heading-2 style-1\"><h2>TIRAJE \u00b7 EMBOTELLADO<\/h2><\/div>[vc_column_text]El embotellado del vino es realiza entre enero y febrero, momento en el cual preparamos los tirages de los diferentes tipos de vinos. A\u00f1adimos al vino base el az\u00facar, un clarificante a base de arcilla y un in\u00f3culo de levaduras seleccionadas minuciosamente para aconseguir la segunda fermentaci\u00f3n dentro de la botella. Una vez embotellado se colocan en la bodega en rimas de manera manual, en posici\u00f3n horizontal, en un ambiente subterr\u00e1neo con humedad y temperatura constante. A partir de este momento, y durante las pr\u00f3ximas semanas, se lleva a cabo la segunda fermentaci\u00f3n, proceso que nos permite obtener el gas carb\u00f3nico t\u00edpico del cava. Una botella de cava contiene alrededor de 12 g\/l de este gas, que se desprende al servir en forma de m\u00e1s de un mill\u00f3n de burbuja en cada copa[\/vc_column_text][vc_single_image image=&#8221;482&#8243; img_size=&#8221;large&#8221; style=&#8221;vc_box_shadow_border_circle_2&#8243; css_animation=&#8221;rollIn&#8221; el_class=&#8221;ftc-smooth-image smooth-image ftc-smooth&#8221;]<div class=\"ftc-heading heading-2 style-1\"><h2>CRIANZA<\/h2><\/div>[vc_column_text]Finalizada la fermentaci\u00f3n, empieza la crianza de los cavas, que su duraci\u00f3n es seg\u00fan el tipo de producto que se elabore, des de los 9 meses com m\u00ednimo, hasta los 48 meses del Gran Reserva Brut <span class=\"hiddenSpellError\">Nature<\/span>. En esta etapa es define el perfil organol\u00e9ptico de los cavas por la interacci\u00f3n entre las levaduras y el vino, cediendo substancias que afinan el paladar y enriqueciendo el aroma.[\/vc_column_text][vc_single_image image=&#8221;214&#8243; img_size=&#8221;large&#8221; alignment=&#8221;center&#8221; style=&#8221;vc_box_shadow_border_circle_2&#8243; css_animation=&#8221;rollIn&#8221; el_class=&#8221;ftc-smooth-image smooth-image ftc-smooth&#8221;][\/vc_column][vc_column width=&#8221;1\/2&#8243;]<div class=\"ftc-heading heading-2 style-1\"><h2>ACLARADO<\/h2><\/div>[vc_column_text]El aclarado de la botella es un proceso que tiene como objetivo recoger todo el sedimento en el cuello de la botella. Se trata de aplicar un movimento mec\u00e1nico a la botella desde la rima horizontal en que ha estado durante la crianza hasta la posici\u00f3n vertical invertida. El objetivo es conseguir la botella l\u00edmpida con el sedimento cerca del tap\u00f3n, gracias a la maquinaria mec\u00e1nica controlada por un automatismo o los llamados pupitres, placas perforadas de cemento, donde se hace este movimiento de forma manual.[\/vc_column_text][vc_single_image image=&#8221;486&#8243; img_size=&#8221;large&#8221; alignment=&#8221;center&#8221; style=&#8221;vc_box_shadow_border_circle_2&#8243; css_animation=&#8221;rollIn&#8221; el_class=&#8221;ftc-smooth-image smooth-image ftc-smooth&#8221;]<div class=\"ftc-heading heading-2 style-1\"><h2>DEG\u00dcELLE \u00b7 DEGORGE<\/h2><\/div>[vc_column_text]El deg\u00fcelle se realiza con un brazo mec\u00e1nico congelando el cuello de la botella. Al expulsar el sedimento, es dosifica el licor de expedici\u00f3n, se insiere el tap\u00f3n de corcho y se fija con un morri\u00f3n met\u00e1lico. Finalmente la botella limpia es etiquetada y colocada en cajas de cart\u00f3n de 6 unitades.[\/vc_column_text][vc_single_image image=&#8221;489&#8243; img_size=&#8221;large&#8221; alignment=&#8221;center&#8221; style=&#8221;vc_box_shadow_border_circle_2&#8243; css_animation=&#8221;rollIn&#8221; el_class=&#8221;ftc-smooth-image smooth-image ftc-smooth&#8221;]<div class=\"ftc-heading heading-2 style-1\"><h2>CONSUMO<\/h2><\/div>[vc_column_text]En la contraetiqueta se imprime la fecha de deg\u00fcelle, y en los cavas reserva, indicamos la cosecha. Una vez realizado el deg\u00fcelle es aconsejable consumir el cava como m\u00e1ximo un tiempo de tres a\u00f1os y importante, guardar la botella de cava vertical, preferentemente dentro de la cajaa para evitar cambios de temperatura. Todos nuestros cavas tienen en com\u00fan una acidez poco agresiva, que es combina con un paladar suave, limpio y f\u00e1cil de beber. Recomendamos utilizar copa de cristal fino, forma de tulipa, de manera que la copa se cierre en la parte superior y con suficiente altura para poder apreciar los rosarios de burbujas y su aspecto en la superficie.[\/vc_column_text][vc_single_image image=&#8221;492&#8243; img_size=&#8221;large&#8221; alignment=&#8221;center&#8221; style=&#8221;vc_box_shadow_border_circle_2&#8243; css_animation=&#8221;rollIn&#8221; el_class=&#8221;ftc-smooth-image smooth-image ftc-smooth&#8221;][vc_column_text]<\/p>\n<blockquote>\n<h3>Tras el proceso de la elaboraci\u00f3n hay un trabajo artesanal con t\u00e9cnicas enol\u00f3gicas innovadoras. Combinamos tradici\u00f3n y conocimiento.<\/h3>\n<\/blockquote>\n<p>[\/vc_column_text][\/vc_column][\/vc_row]<\/p>\n<\/div>","protected":false},"excerpt":{"rendered":"<p>[vc_row][vc_column][\/vc_column][\/vc_row][vc_row el_class=&#8221;about-us&#8221;][vc_column width=&#8221;1\/2&#8243;][vc_column_text] En el proceso de elaboraci\u00f3n utilizamos las nuevas tecnolog\u00edas para elaborar cavas y vinos tradicionales [\/vc_column_text][vc_column_text]El vi\u00f1edo, al llegar la mayor\u00eda de edad, consigue un equilibrio entre la vegetaci\u00f3n y la producci\u00f3n que permite obtener una uvas de m\u00e1xima calidad y m\u00e1s homog\u00e9neo en toda la producci\u00f3n. Nuestros vi\u00f1edos con los que [&hellip;]<\/p>\n","protected":false},"author":1,"featured_media":0,"parent":0,"menu_order":0,"comment_status":"closed","ping_status":"closed","template":"","meta":{"footnotes":""},"class_list":["post-670","page","type-page","status-publish","hentry"],"yoast_head":"<!-- This site is optimized with the Yoast SEO plugin v27.3 - https:\/\/yoast.com\/product\/yoast-seo-wordpress\/ -->\n<title>Elaboraci\u00f3n - Canals Nadal<\/title>\n<meta name=\"description\" content=\"El proceso de elaboraci\u00f3n del cava: vi\u00f1edo, cupaje, tiraje, crianza, aclarado, deg\u00fcelle y consumo\" \/>\n<meta name=\"robots\" content=\"index, follow, max-snippet:-1, max-image-preview:large, max-video-preview:-1\" \/>\n<link rel=\"canonical\" href=\"https:\/\/www.canalsnadal.com\/elaboracio\/\" \/>\n<meta property=\"og:locale\" content=\"es_ES\" \/>\n<meta property=\"og:type\" content=\"article\" \/>\n<meta property=\"og:title\" content=\"Elaboraci\u00f3n - Canals Nadal\" \/>\n<meta property=\"og:description\" content=\"El proceso de elaboraci\u00f3n del cava: vi\u00f1edo, cupaje, tiraje, crianza, aclarado, deg\u00fcelle y consumo\" \/>\n<meta property=\"og:url\" content=\"https:\/\/www.canalsnadal.com\/elaboracio\/\" \/>\n<meta property=\"og:site_name\" content=\"Canals Nadal\" \/>\n<meta property=\"article:publisher\" content=\"https:\/\/ca-es.facebook.com\/canalsnadal\/\" \/>\n<meta property=\"article:modified_time\" content=\"2020-11-05T19:39:51+00:00\" \/>\n<meta name=\"twitter:card\" content=\"summary_large_image\" \/>\n<meta name=\"twitter:site\" content=\"@canalsnadal\" \/>\n<meta name=\"twitter:label1\" content=\"Tiempo de lectura\" \/>\n\t<meta name=\"twitter:data1\" content=\"5 minutos\" \/>\n<script type=\"application\/ld+json\" class=\"yoast-schema-graph\">{\"@context\":\"https:\\\/\\\/schema.org\",\"@graph\":[{\"@type\":\"WebPage\",\"@id\":\"https:\\\/\\\/www.canalsnadal.com\\\/elaboracio\\\/\",\"url\":\"https:\\\/\\\/www.canalsnadal.com\\\/elaboracio\\\/\",\"name\":\"Elaboraci\u00f3n - Canals Nadal\",\"isPartOf\":{\"@id\":\"https:\\\/\\\/www.canalsnadal.com\\\/#website\"},\"datePublished\":\"2020-10-24T19:01:32+00:00\",\"dateModified\":\"2020-11-05T19:39:51+00:00\",\"description\":\"El proceso de elaboraci\u00f3n del cava: vi\u00f1edo, cupaje, tiraje, crianza, aclarado, deg\u00fcelle y consumo\",\"breadcrumb\":{\"@id\":\"https:\\\/\\\/www.canalsnadal.com\\\/elaboracio\\\/#breadcrumb\"},\"inLanguage\":\"es\",\"potentialAction\":[{\"@type\":\"ReadAction\",\"target\":[\"https:\\\/\\\/www.canalsnadal.com\\\/elaboracio\\\/\"]}]},{\"@type\":\"BreadcrumbList\",\"@id\":\"https:\\\/\\\/www.canalsnadal.com\\\/elaboracio\\\/#breadcrumb\",\"itemListElement\":[{\"@type\":\"ListItem\",\"position\":1,\"name\":\"Canals Nadal\",\"item\":\"https:\\\/\\\/www.canalsnadal.com\\\/es\\\/\"},{\"@type\":\"ListItem\",\"position\":2,\"name\":\"Elaboraci\u00f3n\"}]},{\"@type\":\"WebSite\",\"@id\":\"https:\\\/\\\/www.canalsnadal.com\\\/#website\",\"url\":\"https:\\\/\\\/www.canalsnadal.com\\\/\",\"name\":\"Canals Nadal\",\"description\":\"Caves Canals Nadal\",\"publisher\":{\"@id\":\"https:\\\/\\\/www.canalsnadal.com\\\/#organization\"},\"potentialAction\":[{\"@type\":\"SearchAction\",\"target\":{\"@type\":\"EntryPoint\",\"urlTemplate\":\"https:\\\/\\\/www.canalsnadal.com\\\/?s={search_term_string}\"},\"query-input\":{\"@type\":\"PropertyValueSpecification\",\"valueRequired\":true,\"valueName\":\"search_term_string\"}}],\"inLanguage\":\"es\"},{\"@type\":\"Organization\",\"@id\":\"https:\\\/\\\/www.canalsnadal.com\\\/#organization\",\"name\":\"Canals Nadal\",\"url\":\"https:\\\/\\\/www.canalsnadal.com\\\/\",\"logo\":{\"@type\":\"ImageObject\",\"inLanguage\":\"es\",\"@id\":\"https:\\\/\\\/www.canalsnadal.com\\\/#\\\/schema\\\/logo\\\/image\\\/\",\"url\":\"https:\\\/\\\/www.canalsnadal.com\\\/wp-content\\\/uploads\\\/2020\\\/07\\\/Canals-Nadal-logo-web-min.png\",\"contentUrl\":\"https:\\\/\\\/www.canalsnadal.com\\\/wp-content\\\/uploads\\\/2020\\\/07\\\/Canals-Nadal-logo-web-min.png\",\"width\":332,\"height\":130,\"caption\":\"Canals Nadal\"},\"image\":{\"@id\":\"https:\\\/\\\/www.canalsnadal.com\\\/#\\\/schema\\\/logo\\\/image\\\/\"},\"sameAs\":[\"https:\\\/\\\/ca-es.facebook.com\\\/canalsnadal\\\/\",\"https:\\\/\\\/x.com\\\/canalsnadal\",\"https:\\\/\\\/www.instagram.com\\\/canals_nadal\\\/\"]}]}<\/script>\n<!-- \/ Yoast SEO plugin. -->","yoast_head_json":{"title":"Elaboraci\u00f3n - Canals Nadal","description":"El proceso de elaboraci\u00f3n del cava: vi\u00f1edo, cupaje, tiraje, crianza, aclarado, deg\u00fcelle y consumo","robots":{"index":"index","follow":"follow","max-snippet":"max-snippet:-1","max-image-preview":"max-image-preview:large","max-video-preview":"max-video-preview:-1"},"canonical":"https:\/\/www.canalsnadal.com\/elaboracio\/","og_locale":"es_ES","og_type":"article","og_title":"Elaboraci\u00f3n - Canals Nadal","og_description":"El proceso de elaboraci\u00f3n del cava: vi\u00f1edo, cupaje, tiraje, crianza, aclarado, deg\u00fcelle y consumo","og_url":"https:\/\/www.canalsnadal.com\/elaboracio\/","og_site_name":"Canals Nadal","article_publisher":"https:\/\/ca-es.facebook.com\/canalsnadal\/","article_modified_time":"2020-11-05T19:39:51+00:00","twitter_card":"summary_large_image","twitter_site":"@canalsnadal","twitter_misc":{"Tiempo de lectura":"5 minutos"},"schema":{"@context":"https:\/\/schema.org","@graph":[{"@type":"WebPage","@id":"https:\/\/www.canalsnadal.com\/elaboracio\/","url":"https:\/\/www.canalsnadal.com\/elaboracio\/","name":"Elaboraci\u00f3n - Canals Nadal","isPartOf":{"@id":"https:\/\/www.canalsnadal.com\/#website"},"datePublished":"2020-10-24T19:01:32+00:00","dateModified":"2020-11-05T19:39:51+00:00","description":"El proceso de elaboraci\u00f3n del cava: vi\u00f1edo, cupaje, tiraje, crianza, aclarado, deg\u00fcelle y consumo","breadcrumb":{"@id":"https:\/\/www.canalsnadal.com\/elaboracio\/#breadcrumb"},"inLanguage":"es","potentialAction":[{"@type":"ReadAction","target":["https:\/\/www.canalsnadal.com\/elaboracio\/"]}]},{"@type":"BreadcrumbList","@id":"https:\/\/www.canalsnadal.com\/elaboracio\/#breadcrumb","itemListElement":[{"@type":"ListItem","position":1,"name":"Canals Nadal","item":"https:\/\/www.canalsnadal.com\/es\/"},{"@type":"ListItem","position":2,"name":"Elaboraci\u00f3n"}]},{"@type":"WebSite","@id":"https:\/\/www.canalsnadal.com\/#website","url":"https:\/\/www.canalsnadal.com\/","name":"Canals Nadal","description":"Caves Canals Nadal","publisher":{"@id":"https:\/\/www.canalsnadal.com\/#organization"},"potentialAction":[{"@type":"SearchAction","target":{"@type":"EntryPoint","urlTemplate":"https:\/\/www.canalsnadal.com\/?s={search_term_string}"},"query-input":{"@type":"PropertyValueSpecification","valueRequired":true,"valueName":"search_term_string"}}],"inLanguage":"es"},{"@type":"Organization","@id":"https:\/\/www.canalsnadal.com\/#organization","name":"Canals Nadal","url":"https:\/\/www.canalsnadal.com\/","logo":{"@type":"ImageObject","inLanguage":"es","@id":"https:\/\/www.canalsnadal.com\/#\/schema\/logo\/image\/","url":"https:\/\/www.canalsnadal.com\/wp-content\/uploads\/2020\/07\/Canals-Nadal-logo-web-min.png","contentUrl":"https:\/\/www.canalsnadal.com\/wp-content\/uploads\/2020\/07\/Canals-Nadal-logo-web-min.png","width":332,"height":130,"caption":"Canals Nadal"},"image":{"@id":"https:\/\/www.canalsnadal.com\/#\/schema\/logo\/image\/"},"sameAs":["https:\/\/ca-es.facebook.com\/canalsnadal\/","https:\/\/x.com\/canalsnadal","https:\/\/www.instagram.com\/canals_nadal\/"]}]}},"_links":{"self":[{"href":"https:\/\/www.canalsnadal.com\/es\/wp-json\/wp\/v2\/pages\/670","targetHints":{"allow":["GET"]}}],"collection":[{"href":"https:\/\/www.canalsnadal.com\/es\/wp-json\/wp\/v2\/pages"}],"about":[{"href":"https:\/\/www.canalsnadal.com\/es\/wp-json\/wp\/v2\/types\/page"}],"author":[{"embeddable":true,"href":"https:\/\/www.canalsnadal.com\/es\/wp-json\/wp\/v2\/users\/1"}],"replies":[{"embeddable":true,"href":"https:\/\/www.canalsnadal.com\/es\/wp-json\/wp\/v2\/comments?post=670"}],"version-history":[{"count":17,"href":"https:\/\/www.canalsnadal.com\/es\/wp-json\/wp\/v2\/pages\/670\/revisions"}],"predecessor-version":[{"id":834,"href":"https:\/\/www.canalsnadal.com\/es\/wp-json\/wp\/v2\/pages\/670\/revisions\/834"}],"wp:attachment":[{"href":"https:\/\/www.canalsnadal.com\/es\/wp-json\/wp\/v2\/media?parent=670"}],"curies":[{"name":"wp","href":"https:\/\/api.w.org\/{rel}","templated":true}]}}