{"id":721,"date":"2020-10-24T23:19:27","date_gmt":"2020-10-24T21:19:27","guid":{"rendered":"https:\/\/www.canalsnadal.com\/termes-i-condicions\/"},"modified":"2020-10-24T23:32:20","modified_gmt":"2020-10-24T21:32:20","slug":"terminos-y-condiciones","status":"publish","type":"page","link":"https:\/\/www.canalsnadal.com\/es\/terminos-y-condiciones\/","title":{"rendered":"Termes i condicions"},"content":{"rendered":"<div class=\"wpb-content-wrapper\"><p>[vc_row][vc_column][vc_column_text]<\/p>\n<h1>T\u00e9rminos y condiciones<\/h1>\n<h2>Condiciones Generales de Uso y de Contrataci\u00f3n<\/h2>\n<p>Las presentes Condiciones Generales de Uso y de Contrataci\u00f3n (en adelante, \u201clas Condiciones Generales\u201d) rigen, junto con la Pol\u00edtica de privacidad, el acceso y la utilizaci\u00f3n, por parte del Usuario, del sitio web <strong>canalsnadal.com<\/strong> (en adelante, \u201cel Sitio Web\u201d), as\u00ed como la contrataci\u00f3n de productos y servicios a trav\u00e9s del mismo. Mediante la aceptaci\u00f3n de las presentes Condiciones Generales, el Usuario manifiesta:<\/p>\n<ol>\n<li>a. Que ha le\u00eddo, entiende y comprende lo aqu\u00ed expuesto;<\/li>\n<li>b. que es una persona mayor de edad y con capacidad suficiente para contratar;<\/li>\n<li>c. que asume todas las obligaciones aqu\u00ed dispuestas.<\/li>\n<\/ol>\n<p>La utilizaci\u00f3n del sitio web atribuye la condici\u00f3n de usuario del sitio web (en adelante, \u201cel Usuario\u201d) e implica la aceptaci\u00f3n de todos los t\u00e9rminos incluidos en estas Condiciones Generales. El usuario debe leer atentamente las presentes Condiciones Generales cada vez que acceda al Sitio Web, ya que \u00e9ste y las Condiciones Generales pueden sufrir modificaciones.<\/p>\n<p>El titular del sitio web se reserva la facultad de realizar, en cualquier momento y sin necesidad de preaviso, cualquier modificaci\u00f3n o actualizaci\u00f3n de sus contenidos y servicios; de las presentes Condiciones Generales y, en general, de cuantos elementos integran el dise\u00f1o y configuraci\u00f3n del Sitio Web.<\/p>\n<ul>\n<li>\n<h3>1. Condiciones de Contractaci\u00f3n<\/h3>\n<h4>1.1. Mayor\u00eda de edad<\/h4>\n<p>Para poder realizar compras en el sitio web, el usuario debe ser mayor de edad (tener 18 a\u00f1os o m\u00e1s). Queda totalmente prohibida la venta o el suministro de pedidos a menores de edad.<\/p>\n<h4>1.1. Im\u00e1genes<\/h4>\n<p>Las im\u00e1genes que se muestran en el sitio web son propiedad de <strong>Canals Nadal s.l.<\/strong>, a menos que se indique lo contrario.<\/p>\n<h4>1.2. Compra m\u00ednima<\/h4>\n<p>La cantidad m\u00ednima de botellas, para poder efectuar un pedido es de 3 botellas.<\/p>\n<h4>1.3 Procedimiento de compra<\/h4>\n<p>El procedimiento para comprar productos a trav\u00e9s del sitio web, es el siguiente:<\/p>\n<p>1.) Iniciar el proceso pulsando el bot\u00f3n \u201cComprar\u201d que aparece al lado de cada producto.<\/p>\n<p>2.) Una vez en la cesta de la compra, se deben seleccionar las unidades de producto que se quieren adquirir (en caso de querer comprar m\u00e1s de una). En la cesta de compra, el usuario debe pulsar en \u201cIr a la caja\u201d para introducir su direcci\u00f3n de env\u00edo para la correcta recepci\u00f3n de su pedido. A continuaci\u00f3n hay que pulsar el bot\u00f3n \u201cPagar pedido\u201d<\/p>\n<p>3.) En caso de que se disponga de un c\u00f3digo de descuento, el usuario debe introducir en la p\u00e1gina de la cesta de la compra, en el espacio habilitado para la introducci\u00f3n del c\u00f3digo del cup\u00f3n, y pulsar el bot\u00f3n de \u201cAplicar cup\u00f3n\u201d. En caso de que no se introduzca el cup\u00f3n en este espacio y se produzca el pedido sin descuento, el usuario no podr\u00e1 reclamar a posteriori de la confirmaci\u00f3n del pedido la aplicaci\u00f3n de este c\u00f3digo de descuento.<\/p>\n<p>4.) El env\u00edo de los pedidos se realiza mediante la empresa de transporte de paqueter\u00eda designada por Canals Nadal (\u201cTNT\u201d o \u201cCorreos Express\u201d). Tanto en la cesta de la compra, como la p\u00e1gina de datos de env\u00edo, el usuario puede ver el coste de este servicio, que se a\u00f1adir\u00e1 al coste total del pedido.<\/p>\n<p>5.) Finalmente, pulsar el bot\u00f3n \u201cRealizar el pedido\u201d. El usuario recibir\u00e1 la confirmaci\u00f3n de la aceptaci\u00f3n de su pago y ser\u00e1 redirigido de nuevo al sitio web, donde se le mostrar\u00e1 un mensaje de confirmaci\u00f3n del pedido, y mediante un correo electr\u00f3nico a la cuenta que haya facilitado previamente.<\/p>\n<h4>1.4. Precios i m\u00e9todos de pago<\/h4>\n<p>Todos los precios publicados en el sitio web, salvo indicaci\u00f3n expresa en contrario, llevan incluido el IVA correspondiente.<\/p>\n<p><strong>Canals Nadal, s.l.<\/strong> procesa los pagos de los pedidos, mediante \u201cStripe\u201d. Plataforma de pagos <em>online<\/em> que permite efectuar pagos mediante tarjeta de cr\u00e9dito o d\u00e9bito VISA, VISA Electr\u00f3n, Mastercard o American Express<\/p>\n<p><strong>Canals Nadal, s.l.<\/strong> se reserva el derecho de solicitar una copia por e-mail de la tarjeta utilizada en la compra y documento de identidad (DNI, pasaporte, \u2026) de el usuario para confirmar la veracidad de los datos aportados.<\/p>\n<h4>1.5. Entrega de pedidos, cancelaciones y devoluciones<\/h4>\n<p>Los pedidos se pueden enviar s\u00f3lo a territorio peninsular espa\u00f1ol, es decir no se pueden hacer env\u00edos a las Islas Baleares ni las Islas Canarias, as\u00ed como tampoco en Ceuta ni Melilla.<\/p>\n<p><strong>Canals Nadal, s.l.<\/strong> ceder\u00e1 a la empresa transportista que provee el producto del pedido, los datos m\u00ednimos e imprescindibles, para la correcta realizaci\u00f3n de env\u00edo. La transferencia, comunicaci\u00f3n y uso de estos datos ser\u00e1 \u00fanicamente para poder tramitar el env\u00edo del pedido realizado en el Sitio Web de <strong>canalsnadal.com<\/strong>.<\/p>\n<p>La entrega de los pedidos se realizar\u00e1 en el domicilio de env\u00edo \/ entrega designado libremente por el usuario en el formulario de pedido. <strong>Canals Nadal, s.l.<\/strong> no asumir\u00e1 ninguna responsabilidad cuando la entrega del producto no llegue a realizarse como consecuencia de la inexactitud o falsedad de los datos facilitados por el Usuario a tal efecto, as\u00ed como en el supuesto en el que la entrega no pueda efectuarse por causas ajenas a la empresa transportista asignada para tal efecto, como lo es la ausencia del destinatario. Asimismo, los costes derivados, de una incorrecta introducci\u00f3n de datos de env\u00edo en el pedido por parte del Usuario ser\u00e1n a cargo del usuario.<\/p>\n<p>Los pedidos se pueden cancelar sin coste alguno hasta el momento en que el env\u00edo se hace efectivo. Si recibimos aviso de cancelaci\u00f3n, una vez el paquete est\u00e9 enviado, se considerar\u00e1 una devoluci\u00f3n. Las devoluciones pueden hacerse hasta 14 d\u00edas despu\u00e9s de haber recibido el producto. Los gastos de env\u00edo corren a cargo del cliente. El importe del producto se devolver\u00e1 \u00edntegramente, siempre que previamente el producto haya sido devuelto y recibido en perfectas condiciones, en el plazo legal de 14 d\u00edas a partir de la recepci\u00f3n de la mercanc\u00eda devuelta.<\/p>\n<p>Todos los env\u00edos disponen del seguro obligatorio que marca la LOTT (Ley de Ordenaci\u00f3n del Transporte Terrestre). En caso de que el pedido llegue en mal estado, deber\u00e1 consignarlo en el albar\u00e1n del transportista en el momento de recepcionar el pedido, y se proceder\u00e1 a la reposici\u00f3n de las botellas afectadas.<\/li>\n<\/ul>\n<p><small>\u00daltima actualizaci\u00f3n: 24\/10\/2020<\/small>[\/vc_column_text][\/vc_column][\/vc_row]<\/p>\n<\/div>","protected":false},"excerpt":{"rendered":"<p>[vc_row][vc_column][vc_column_text] T\u00e9rminos y condiciones Condiciones Generales de Uso y de Contrataci\u00f3n Las presentes Condiciones Generales de Uso y de Contrataci\u00f3n (en adelante, \u201clas Condiciones Generales\u201d) rigen, junto con la Pol\u00edtica de privacidad, el acceso y la utilizaci\u00f3n, por parte del Usuario, del sitio web canalsnadal.com (en adelante, \u201cel Sitio Web\u201d), as\u00ed como la contrataci\u00f3n de [&hellip;]<\/p>\n","protected":false},"author":1,"featured_media":0,"parent":0,"menu_order":0,"comment_status":"closed","ping_status":"closed","template":"","meta":{"footnotes":""},"class_list":["post-721","page","type-page","status-publish","hentry"],"yoast_head":"<!-- This site is optimized with the Yoast SEO plugin v27.4 - https:\/\/yoast.com\/product\/yoast-seo-wordpress\/ -->\n<title>Termes i condicions - Canals Nadal<\/title>\n<meta name=\"robots\" content=\"noindex, follow\" \/>\n<meta property=\"og:locale\" content=\"es_ES\" \/>\n<meta property=\"og:type\" content=\"article\" \/>\n<meta property=\"og:title\" content=\"Termes i condicions - Canals Nadal\" \/>\n<meta property=\"og:description\" content=\"[vc_row][vc_column][vc_column_text] T\u00e9rminos y condiciones Condiciones Generales de Uso y de Contrataci\u00f3n Las presentes Condiciones Generales de Uso y de Contrataci\u00f3n (en adelante, \u201clas Condiciones Generales\u201d) rigen, junto con la Pol\u00edtica de privacidad, el acceso y la utilizaci\u00f3n, por parte del Usuario, del sitio web canalsnadal.com (en adelante, \u201cel Sitio Web\u201d), as\u00ed como la contrataci\u00f3n de [&hellip;]\" \/>\n<meta property=\"og:url\" content=\"https:\/\/www.canalsnadal.com\/termes-i-condicions\/\" \/>\n<meta property=\"og:site_name\" content=\"Canals Nadal\" \/>\n<meta property=\"article:publisher\" content=\"https:\/\/ca-es.facebook.com\/canalsnadal\/\" \/>\n<meta property=\"article:modified_time\" content=\"2020-10-24T21:32:20+00:00\" \/>\n<meta name=\"twitter:card\" content=\"summary_large_image\" \/>\n<meta name=\"twitter:site\" content=\"@canalsnadal\" \/>\n<meta name=\"twitter:label1\" content=\"Tiempo de lectura\" \/>\n\t<meta name=\"twitter:data1\" content=\"5 minutos\" \/>\n<script type=\"application\/ld+json\" class=\"yoast-schema-graph\">{\"@context\":\"https:\\\/\\\/schema.org\",\"@graph\":[{\"@type\":\"WebPage\",\"@id\":\"https:\\\/\\\/www.canalsnadal.com\\\/termes-i-condicions\\\/\",\"url\":\"https:\\\/\\\/www.canalsnadal.com\\\/termes-i-condicions\\\/\",\"name\":\"Termes i condicions - Canals Nadal\",\"isPartOf\":{\"@id\":\"https:\\\/\\\/www.canalsnadal.com\\\/#website\"},\"datePublished\":\"2020-10-24T21:19:27+00:00\",\"dateModified\":\"2020-10-24T21:32:20+00:00\",\"breadcrumb\":{\"@id\":\"https:\\\/\\\/www.canalsnadal.com\\\/termes-i-condicions\\\/#breadcrumb\"},\"inLanguage\":\"es\",\"potentialAction\":[{\"@type\":\"ReadAction\",\"target\":[\"https:\\\/\\\/www.canalsnadal.com\\\/termes-i-condicions\\\/\"]}]},{\"@type\":\"BreadcrumbList\",\"@id\":\"https:\\\/\\\/www.canalsnadal.com\\\/termes-i-condicions\\\/#breadcrumb\",\"itemListElement\":[{\"@type\":\"ListItem\",\"position\":1,\"name\":\"Canals Nadal\",\"item\":\"https:\\\/\\\/www.canalsnadal.com\\\/es\\\/\"},{\"@type\":\"ListItem\",\"position\":2,\"name\":\"Termes i condicions\"}]},{\"@type\":\"WebSite\",\"@id\":\"https:\\\/\\\/www.canalsnadal.com\\\/#website\",\"url\":\"https:\\\/\\\/www.canalsnadal.com\\\/\",\"name\":\"Canals Nadal\",\"description\":\"Caves Canals Nadal\",\"publisher\":{\"@id\":\"https:\\\/\\\/www.canalsnadal.com\\\/#organization\"},\"potentialAction\":[{\"@type\":\"SearchAction\",\"target\":{\"@type\":\"EntryPoint\",\"urlTemplate\":\"https:\\\/\\\/www.canalsnadal.com\\\/?s={search_term_string}\"},\"query-input\":{\"@type\":\"PropertyValueSpecification\",\"valueRequired\":true,\"valueName\":\"search_term_string\"}}],\"inLanguage\":\"es\"},{\"@type\":\"Organization\",\"@id\":\"https:\\\/\\\/www.canalsnadal.com\\\/#organization\",\"name\":\"Canals Nadal\",\"url\":\"https:\\\/\\\/www.canalsnadal.com\\\/\",\"logo\":{\"@type\":\"ImageObject\",\"inLanguage\":\"es\",\"@id\":\"https:\\\/\\\/www.canalsnadal.com\\\/#\\\/schema\\\/logo\\\/image\\\/\",\"url\":\"https:\\\/\\\/www.canalsnadal.com\\\/wp-content\\\/uploads\\\/2020\\\/07\\\/Canals-Nadal-logo-web-min.png\",\"contentUrl\":\"https:\\\/\\\/www.canalsnadal.com\\\/wp-content\\\/uploads\\\/2020\\\/07\\\/Canals-Nadal-logo-web-min.png\",\"width\":332,\"height\":130,\"caption\":\"Canals Nadal\"},\"image\":{\"@id\":\"https:\\\/\\\/www.canalsnadal.com\\\/#\\\/schema\\\/logo\\\/image\\\/\"},\"sameAs\":[\"https:\\\/\\\/ca-es.facebook.com\\\/canalsnadal\\\/\",\"https:\\\/\\\/x.com\\\/canalsnadal\",\"https:\\\/\\\/www.instagram.com\\\/canals_nadal\\\/\"]}]}<\/script>\n<!-- \/ Yoast SEO plugin. -->","yoast_head_json":{"title":"Termes i condicions - Canals Nadal","robots":{"index":"noindex","follow":"follow"},"og_locale":"es_ES","og_type":"article","og_title":"Termes i condicions - Canals Nadal","og_description":"[vc_row][vc_column][vc_column_text] T\u00e9rminos y condiciones Condiciones Generales de Uso y de Contrataci\u00f3n Las presentes Condiciones Generales de Uso y de Contrataci\u00f3n (en adelante, \u201clas Condiciones Generales\u201d) rigen, junto con la Pol\u00edtica de privacidad, el acceso y la utilizaci\u00f3n, por parte del Usuario, del sitio web canalsnadal.com (en adelante, \u201cel Sitio Web\u201d), as\u00ed como la contrataci\u00f3n de [&hellip;]","og_url":"https:\/\/www.canalsnadal.com\/termes-i-condicions\/","og_site_name":"Canals Nadal","article_publisher":"https:\/\/ca-es.facebook.com\/canalsnadal\/","article_modified_time":"2020-10-24T21:32:20+00:00","twitter_card":"summary_large_image","twitter_site":"@canalsnadal","twitter_misc":{"Tiempo de lectura":"5 minutos"},"schema":{"@context":"https:\/\/schema.org","@graph":[{"@type":"WebPage","@id":"https:\/\/www.canalsnadal.com\/termes-i-condicions\/","url":"https:\/\/www.canalsnadal.com\/termes-i-condicions\/","name":"Termes i condicions - Canals Nadal","isPartOf":{"@id":"https:\/\/www.canalsnadal.com\/#website"},"datePublished":"2020-10-24T21:19:27+00:00","dateModified":"2020-10-24T21:32:20+00:00","breadcrumb":{"@id":"https:\/\/www.canalsnadal.com\/termes-i-condicions\/#breadcrumb"},"inLanguage":"es","potentialAction":[{"@type":"ReadAction","target":["https:\/\/www.canalsnadal.com\/termes-i-condicions\/"]}]},{"@type":"BreadcrumbList","@id":"https:\/\/www.canalsnadal.com\/termes-i-condicions\/#breadcrumb","itemListElement":[{"@type":"ListItem","position":1,"name":"Canals Nadal","item":"https:\/\/www.canalsnadal.com\/es\/"},{"@type":"ListItem","position":2,"name":"Termes i condicions"}]},{"@type":"WebSite","@id":"https:\/\/www.canalsnadal.com\/#website","url":"https:\/\/www.canalsnadal.com\/","name":"Canals Nadal","description":"Caves Canals Nadal","publisher":{"@id":"https:\/\/www.canalsnadal.com\/#organization"},"potentialAction":[{"@type":"SearchAction","target":{"@type":"EntryPoint","urlTemplate":"https:\/\/www.canalsnadal.com\/?s={search_term_string}"},"query-input":{"@type":"PropertyValueSpecification","valueRequired":true,"valueName":"search_term_string"}}],"inLanguage":"es"},{"@type":"Organization","@id":"https:\/\/www.canalsnadal.com\/#organization","name":"Canals Nadal","url":"https:\/\/www.canalsnadal.com\/","logo":{"@type":"ImageObject","inLanguage":"es","@id":"https:\/\/www.canalsnadal.com\/#\/schema\/logo\/image\/","url":"https:\/\/www.canalsnadal.com\/wp-content\/uploads\/2020\/07\/Canals-Nadal-logo-web-min.png","contentUrl":"https:\/\/www.canalsnadal.com\/wp-content\/uploads\/2020\/07\/Canals-Nadal-logo-web-min.png","width":332,"height":130,"caption":"Canals Nadal"},"image":{"@id":"https:\/\/www.canalsnadal.com\/#\/schema\/logo\/image\/"},"sameAs":["https:\/\/ca-es.facebook.com\/canalsnadal\/","https:\/\/x.com\/canalsnadal","https:\/\/www.instagram.com\/canals_nadal\/"]}]}},"_links":{"self":[{"href":"https:\/\/www.canalsnadal.com\/es\/wp-json\/wp\/v2\/pages\/721","targetHints":{"allow":["GET"]}}],"collection":[{"href":"https:\/\/www.canalsnadal.com\/es\/wp-json\/wp\/v2\/pages"}],"about":[{"href":"https:\/\/www.canalsnadal.com\/es\/wp-json\/wp\/v2\/types\/page"}],"author":[{"embeddable":true,"href":"https:\/\/www.canalsnadal.com\/es\/wp-json\/wp\/v2\/users\/1"}],"replies":[{"embeddable":true,"href":"https:\/\/www.canalsnadal.com\/es\/wp-json\/wp\/v2\/comments?post=721"}],"version-history":[{"count":4,"href":"https:\/\/www.canalsnadal.com\/es\/wp-json\/wp\/v2\/pages\/721\/revisions"}],"predecessor-version":[{"id":728,"href":"https:\/\/www.canalsnadal.com\/es\/wp-json\/wp\/v2\/pages\/721\/revisions\/728"}],"wp:attachment":[{"href":"https:\/\/www.canalsnadal.com\/es\/wp-json\/wp\/v2\/media?parent=721"}],"curies":[{"name":"wp","href":"https:\/\/api.w.org\/{rel}","templated":true}]}}