{"id":1154,"date":"2022-10-18T18:53:47","date_gmt":"2022-10-18T17:53:48","guid":{"rendered":"https:\/\/www.canalsnadal.com\/?post_type=product&#038;p=1154"},"modified":"2023-12-09T19:31:18","modified_gmt":"2023-12-09T18:31:18","slug":"cava-ecologico-antoni-canals-adda-brut-nature-reserva","status":"publish","type":"product","link":"https:\/\/www.canalsnadal.com\/es\/producte\/cava-ecologico-antoni-canals-adda-brut-nature-reserva\/","title":{"rendered":"Cava Ecol\u00f3gico Antoni Canals Adda Brut Nature Reserva"},"content":{"rendered":"<div class=\"wpb-content-wrapper\"><p>[vc_row][vc_column width=&#8221;1\/4&#8243;][vc_column_text]<strong>\ud83d\udd22 PRODUCCI\u00d3N<\/strong>[\/vc_column_text][\/vc_column][vc_column width=&#8221;3\/4&#8243;][vc_column_text]6.500 botellas aprox.[\/vc_column_text][\/vc_column][\/vc_row][vc_row][vc_column width=&#8221;1\/4&#8243;][vc_column_text]<strong>\ud83d\udcac ELABORACI\u00d3N<\/strong>[\/vc_column_text][\/vc_column][vc_column width=&#8221;3\/4&#8243;][vc_column_text]<\/p>\n<p class=\"p1\">Producci\u00f3n acreditada como ecol\u00f3gica, obligada a eludir cualquier fungicida de s\u00edntesis qu\u00edmica.<\/p>\n<p>[\/vc_column_text][\/vc_column][\/vc_row][vc_row][vc_column width=&#8221;1\/4&#8243;][vc_column_text]<strong>\ud83c\udf47VARIEDADES<\/strong>[\/vc_column_text][\/vc_column][vc_column width=&#8221;3\/4&#8243;][vc_column_text]<\/p>\n<p class=\"p1\">60% Parellada, 20% Macabeu, 20% Xarel\u00b7lo<\/p>\n<p>[\/vc_column_text][\/vc_column][\/vc_row][vc_row][vc_column width=&#8221;1\/4&#8243;][vc_column_text]<strong>\u2139\ufe0f GRADO<br \/>\nALCOH\u00d3LICO<\/strong>[\/vc_column_text][\/vc_column][vc_column width=&#8221;3\/4&#8243;][vc_column_text]12,00 % vol.[\/vc_column_text][\/vc_column][\/vc_row][vc_row][vc_column width=&#8221;1\/4&#8243;][vc_column_text]<strong>\ud83d\udcc5 COSECHA<\/strong>[\/vc_column_text][\/vc_column][vc_column width=&#8221;3\/4&#8243;][vc_column_text]2020[\/vc_column_text][\/vc_column][\/vc_row][vc_row][vc_column width=&#8221;1\/4&#8243;][vc_column_text]<strong>\u231bCRIANZA<\/strong>[\/vc_column_text][\/vc_column][vc_column width=&#8221;3\/4&#8243;][vc_column_text]24 meses.[\/vc_column_text][\/vc_column][\/vc_row][vc_row][vc_column width=&#8221;1\/4&#8243;][vc_column_text]<strong>\ud83d\ude0bCATA<\/strong>[\/vc_column_text][\/vc_column][vc_column width=&#8221;3\/4&#8243;][vc_column_text]<\/p>\n<p class=\"p1\">Este cava moderno y ecol\u00f3gico que pretende acercar el cava a un consumidor sin complejos, donde se busca el frescor y finura, donde cada trago incita al siguiente.<br \/>\nNariz c\u00edtrica y mineral. Se busca un equilibrio basado en la arista \u00e1cida del cava, en la honestidad de la pureza de este cupaje al cual no se le a\u00f1ade licor de expedici\u00f3n.<\/p>\n<p>[\/vc_column_text][\/vc_column][\/vc_row][vc_row][vc_column width=&#8221;1\/4&#8243;][vc_column_text]<strong>\ud83c\udf7d\ufe0f MARIDAJE<\/strong>[\/vc_column_text][\/vc_column][vc_column width=&#8221;3\/4&#8243;][vc_column_text]<\/p>\n<p class=\"p1\">La caracter\u00edstica de este cava hace que el maridaje sea con productos sutiles, desde quesos suaves hasta ensaladas con frutas y a la vez sirve para conducir sabores en platos m\u00e1s grasos como un rissoto o un pescado<\/p>\n<p class=\"p1\">Consumir entre 6 &#8211; 8 \u00baC.<\/p>\n<p>[\/vc_column_text][\/vc_column][\/vc_row][vc_row][vc_column width=&#8221;1\/4&#8243;][vc_column_text]\ud83d\udc4c\ud83c\udffb CERTIFICACIONES[\/vc_column_text][\/vc_column][vc_column width=&#8221;3\/4&#8243;][vc_row_inner][vc_column_inner width=&#8221;1\/2&#8243;][vc_single_image image=&#8221;419&#8243; img_size=&#8221;70&#215;115&#8243; alignment=&#8221;center&#8221; onclick=&#8221;custom_link&#8221; img_link_target=&#8221;_blank&#8221; css_animation=&#8221;fadeIn&#8221; link=&#8221;http:%2F%2Fwww.ccpae.org%2Findex.php%3Foption%3Dcom_content%26amp%3Btask%3Dcategory%C2%A7ionid%3D22%26amp%3Bid%3D91%26amp%3BItemid%3D254%26amp%3Blang%3Dca_ES|&#8221;][\/vc_column_inner][vc_column_inner width=&#8221;1\/2&#8243;][vc_single_image image=&#8221;416&#8243; img_size=&#8221;120&#215;83&#8243; alignment=&#8221;center&#8221; onclick=&#8221;custom_link&#8221; img_link_target=&#8221;_blank&#8221; css_animation=&#8221;fadeIn&#8221; link=&#8221;https:%2F%2Fec.europa.eu%2Finfo%2Ffood-farming-fisheries%2Ffarming%2Forganic-farming%2Forganics-glance%2Forganic-logo_es|&#8221;][vc_column_text]<\/p>\n<p style=\"text-align: center;\"><small>ES-ECO-019-CT<\/small><br \/>\n<small>AGRICULTURA UE<\/small><\/p>\n<p>[\/vc_column_text][\/vc_column_inner][\/vc_row_inner][\/vc_column][\/vc_row]<\/p>\n<\/div>","protected":false},"excerpt":{"rendered":"<blockquote>\n<h3>La seriosidad de la Parellada<\/h3>\n<\/blockquote>\n","protected":false},"featured_media":1241,"template":"","meta":[],"product_brand":[],"product_cat":[38],"product_tag":[],"class_list":{"0":"post-1154","1":"product","2":"type-product","3":"status-publish","4":"has-post-thumbnail","6":"product_cat-cavas","8":"first","9":"outofstock","10":"sale","11":"shipping-taxable","12":"purchasable","13":"product-type-simple"},"yoast_head":"<!-- This site is optimized with the Yoast SEO plugin v27.4 - https:\/\/yoast.com\/product\/yoast-seo-wordpress\/ -->\n<title>Cava Ecol\u00f3gico Antoni Canals Adda Brut Nature Reserva - Canals Nadal<\/title>\n<meta name=\"description\" content=\"Cava Ecol\u00f3gico Antoni Canals Adda Brut Nature Reserva. La seriosidad de la Parellada. Moderno y ecol\u00f3gico\" \/>\n<meta name=\"robots\" content=\"index, follow, max-snippet:-1, max-image-preview:large, max-video-preview:-1\" \/>\n<link rel=\"canonical\" href=\"https:\/\/www.canalsnadal.com\/producto\/cava-ecologic-antoni-canals-adda-brut-nature-reserva\/\" \/>\n<meta property=\"og:locale\" content=\"es_ES\" \/>\n<meta property=\"og:type\" content=\"article\" \/>\n<meta property=\"og:title\" content=\"Cava Ecol\u00f3gico Antoni Canals Adda Brut Nature Reserva - Canals Nadal\" \/>\n<meta property=\"og:description\" content=\"Cava Ecol\u00f3gico Antoni Canals Adda Brut Nature Reserva. La seriosidad de la Parellada. Moderno y ecol\u00f3gico\" \/>\n<meta property=\"og:url\" content=\"https:\/\/www.canalsnadal.com\/producto\/cava-ecologic-antoni-canals-adda-brut-nature-reserva\/\" \/>\n<meta property=\"og:site_name\" content=\"Canals Nadal\" \/>\n<meta property=\"article:publisher\" content=\"https:\/\/ca-es.facebook.com\/canalsnadal\/\" \/>\n<meta property=\"article:modified_time\" content=\"2023-12-09T18:31:18+00:00\" \/>\n<meta property=\"og:image\" content=\"https:\/\/www.canalsnadal.com\/wp-content\/uploads\/2023\/02\/Ampolla-Antoni-Canals-Adda-Brut-Nature-scaled.jpg\" \/>\n\t<meta property=\"og:image:width\" content=\"1280\" \/>\n\t<meta property=\"og:image:height\" content=\"2560\" \/>\n\t<meta property=\"og:image:type\" content=\"image\/jpeg\" \/>\n<meta name=\"twitter:card\" content=\"summary_large_image\" \/>\n<meta name=\"twitter:site\" content=\"@canalsnadal\" \/>\n<meta name=\"twitter:label1\" content=\"Tiempo de lectura\" \/>\n\t<meta name=\"twitter:data1\" content=\"2 minutos\" \/>\n<script type=\"application\/ld+json\" class=\"yoast-schema-graph\">{\"@context\":\"https:\\\/\\\/schema.org\",\"@graph\":[{\"@type\":\"WebPage\",\"@id\":\"https:\\\/\\\/www.canalsnadal.com\\\/producto\\\/cava-ecologic-antoni-canals-adda-brut-nature-reserva\\\/\",\"url\":\"https:\\\/\\\/www.canalsnadal.com\\\/producto\\\/cava-ecologic-antoni-canals-adda-brut-nature-reserva\\\/\",\"name\":\"Cava Ecol\u00f3gico Antoni Canals Adda Brut Nature Reserva - Canals Nadal\",\"isPartOf\":{\"@id\":\"https:\\\/\\\/www.canalsnadal.com\\\/#website\"},\"primaryImageOfPage\":{\"@id\":\"https:\\\/\\\/www.canalsnadal.com\\\/producto\\\/cava-ecologic-antoni-canals-adda-brut-nature-reserva\\\/#primaryimage\"},\"image\":{\"@id\":\"https:\\\/\\\/www.canalsnadal.com\\\/producto\\\/cava-ecologic-antoni-canals-adda-brut-nature-reserva\\\/#primaryimage\"},\"thumbnailUrl\":\"https:\\\/\\\/www.canalsnadal.com\\\/wp-content\\\/uploads\\\/2023\\\/02\\\/Ampolla-Antoni-Canals-Adda-Brut-Nature-scaled.jpg\",\"datePublished\":\"2022-10-18T17:53:48+00:00\",\"dateModified\":\"2023-12-09T18:31:18+00:00\",\"description\":\"Cava Ecol\u00f3gico Antoni Canals Adda Brut Nature Reserva. La seriosidad de la Parellada. Moderno y ecol\u00f3gico\",\"breadcrumb\":{\"@id\":\"https:\\\/\\\/www.canalsnadal.com\\\/producto\\\/cava-ecologic-antoni-canals-adda-brut-nature-reserva\\\/#breadcrumb\"},\"inLanguage\":\"es\",\"potentialAction\":[{\"@type\":\"ReadAction\",\"target\":[\"https:\\\/\\\/www.canalsnadal.com\\\/producto\\\/cava-ecologic-antoni-canals-adda-brut-nature-reserva\\\/\"]}]},{\"@type\":\"ImageObject\",\"inLanguage\":\"es\",\"@id\":\"https:\\\/\\\/www.canalsnadal.com\\\/producto\\\/cava-ecologic-antoni-canals-adda-brut-nature-reserva\\\/#primaryimage\",\"url\":\"https:\\\/\\\/www.canalsnadal.com\\\/wp-content\\\/uploads\\\/2023\\\/02\\\/Ampolla-Antoni-Canals-Adda-Brut-Nature-scaled.jpg\",\"contentUrl\":\"https:\\\/\\\/www.canalsnadal.com\\\/wp-content\\\/uploads\\\/2023\\\/02\\\/Ampolla-Antoni-Canals-Adda-Brut-Nature-scaled.jpg\",\"width\":1280,\"height\":2560,\"caption\":\"Botella Cava Adda Brut Nature Ecol\u00f3gico\"},{\"@type\":\"BreadcrumbList\",\"@id\":\"https:\\\/\\\/www.canalsnadal.com\\\/producto\\\/cava-ecologic-antoni-canals-adda-brut-nature-reserva\\\/#breadcrumb\",\"itemListElement\":[{\"@type\":\"ListItem\",\"position\":1,\"name\":\"Canals Nadal\",\"item\":\"https:\\\/\\\/www.canalsnadal.com\\\/es\\\/\"},{\"@type\":\"ListItem\",\"position\":2,\"name\":\"Botiga\",\"item\":\"https:\\\/\\\/www.canalsnadal.com\\\/botiga\\\/\"},{\"@type\":\"ListItem\",\"position\":3,\"name\":\"Cava Ecol\u00f3gico Antoni Canals Adda Brut Nature Reserva\"}]},{\"@type\":\"WebSite\",\"@id\":\"https:\\\/\\\/www.canalsnadal.com\\\/#website\",\"url\":\"https:\\\/\\\/www.canalsnadal.com\\\/\",\"name\":\"Canals Nadal\",\"description\":\"Caves Canals Nadal\",\"publisher\":{\"@id\":\"https:\\\/\\\/www.canalsnadal.com\\\/#organization\"},\"potentialAction\":[{\"@type\":\"SearchAction\",\"target\":{\"@type\":\"EntryPoint\",\"urlTemplate\":\"https:\\\/\\\/www.canalsnadal.com\\\/?s={search_term_string}\"},\"query-input\":{\"@type\":\"PropertyValueSpecification\",\"valueRequired\":true,\"valueName\":\"search_term_string\"}}],\"inLanguage\":\"es\"},{\"@type\":\"Organization\",\"@id\":\"https:\\\/\\\/www.canalsnadal.com\\\/#organization\",\"name\":\"Canals Nadal\",\"url\":\"https:\\\/\\\/www.canalsnadal.com\\\/\",\"logo\":{\"@type\":\"ImageObject\",\"inLanguage\":\"es\",\"@id\":\"https:\\\/\\\/www.canalsnadal.com\\\/#\\\/schema\\\/logo\\\/image\\\/\",\"url\":\"https:\\\/\\\/www.canalsnadal.com\\\/wp-content\\\/uploads\\\/2020\\\/07\\\/Canals-Nadal-logo-web-min.png\",\"contentUrl\":\"https:\\\/\\\/www.canalsnadal.com\\\/wp-content\\\/uploads\\\/2020\\\/07\\\/Canals-Nadal-logo-web-min.png\",\"width\":332,\"height\":130,\"caption\":\"Canals Nadal\"},\"image\":{\"@id\":\"https:\\\/\\\/www.canalsnadal.com\\\/#\\\/schema\\\/logo\\\/image\\\/\"},\"sameAs\":[\"https:\\\/\\\/ca-es.facebook.com\\\/canalsnadal\\\/\",\"https:\\\/\\\/x.com\\\/canalsnadal\",\"https:\\\/\\\/www.instagram.com\\\/canals_nadal\\\/\"]}]}<\/script>\n<!-- \/ Yoast SEO plugin. -->","yoast_head_json":{"title":"Cava Ecol\u00f3gico Antoni Canals Adda Brut Nature Reserva - Canals Nadal","description":"Cava Ecol\u00f3gico Antoni Canals Adda Brut Nature Reserva. La seriosidad de la Parellada. Moderno y ecol\u00f3gico","robots":{"index":"index","follow":"follow","max-snippet":"max-snippet:-1","max-image-preview":"max-image-preview:large","max-video-preview":"max-video-preview:-1"},"canonical":"https:\/\/www.canalsnadal.com\/producto\/cava-ecologic-antoni-canals-adda-brut-nature-reserva\/","og_locale":"es_ES","og_type":"article","og_title":"Cava Ecol\u00f3gico Antoni Canals Adda Brut Nature Reserva - Canals Nadal","og_description":"Cava Ecol\u00f3gico Antoni Canals Adda Brut Nature Reserva. La seriosidad de la Parellada. Moderno y ecol\u00f3gico","og_url":"https:\/\/www.canalsnadal.com\/producto\/cava-ecologic-antoni-canals-adda-brut-nature-reserva\/","og_site_name":"Canals Nadal","article_publisher":"https:\/\/ca-es.facebook.com\/canalsnadal\/","article_modified_time":"2023-12-09T18:31:18+00:00","og_image":[{"width":1280,"height":2560,"url":"https:\/\/www.canalsnadal.com\/wp-content\/uploads\/2023\/02\/Ampolla-Antoni-Canals-Adda-Brut-Nature-scaled.jpg","type":"image\/jpeg"}],"twitter_card":"summary_large_image","twitter_site":"@canalsnadal","twitter_misc":{"Tiempo de lectura":"2 minutos"},"schema":{"@context":"https:\/\/schema.org","@graph":[{"@type":"WebPage","@id":"https:\/\/www.canalsnadal.com\/producto\/cava-ecologic-antoni-canals-adda-brut-nature-reserva\/","url":"https:\/\/www.canalsnadal.com\/producto\/cava-ecologic-antoni-canals-adda-brut-nature-reserva\/","name":"Cava Ecol\u00f3gico Antoni Canals Adda Brut Nature Reserva - Canals Nadal","isPartOf":{"@id":"https:\/\/www.canalsnadal.com\/#website"},"primaryImageOfPage":{"@id":"https:\/\/www.canalsnadal.com\/producto\/cava-ecologic-antoni-canals-adda-brut-nature-reserva\/#primaryimage"},"image":{"@id":"https:\/\/www.canalsnadal.com\/producto\/cava-ecologic-antoni-canals-adda-brut-nature-reserva\/#primaryimage"},"thumbnailUrl":"https:\/\/www.canalsnadal.com\/wp-content\/uploads\/2023\/02\/Ampolla-Antoni-Canals-Adda-Brut-Nature-scaled.jpg","datePublished":"2022-10-18T17:53:48+00:00","dateModified":"2023-12-09T18:31:18+00:00","description":"Cava Ecol\u00f3gico Antoni Canals Adda Brut Nature Reserva. La seriosidad de la Parellada. Moderno y ecol\u00f3gico","breadcrumb":{"@id":"https:\/\/www.canalsnadal.com\/producto\/cava-ecologic-antoni-canals-adda-brut-nature-reserva\/#breadcrumb"},"inLanguage":"es","potentialAction":[{"@type":"ReadAction","target":["https:\/\/www.canalsnadal.com\/producto\/cava-ecologic-antoni-canals-adda-brut-nature-reserva\/"]}]},{"@type":"ImageObject","inLanguage":"es","@id":"https:\/\/www.canalsnadal.com\/producto\/cava-ecologic-antoni-canals-adda-brut-nature-reserva\/#primaryimage","url":"https:\/\/www.canalsnadal.com\/wp-content\/uploads\/2023\/02\/Ampolla-Antoni-Canals-Adda-Brut-Nature-scaled.jpg","contentUrl":"https:\/\/www.canalsnadal.com\/wp-content\/uploads\/2023\/02\/Ampolla-Antoni-Canals-Adda-Brut-Nature-scaled.jpg","width":1280,"height":2560,"caption":"Botella Cava Adda Brut Nature Ecol\u00f3gico"},{"@type":"BreadcrumbList","@id":"https:\/\/www.canalsnadal.com\/producto\/cava-ecologic-antoni-canals-adda-brut-nature-reserva\/#breadcrumb","itemListElement":[{"@type":"ListItem","position":1,"name":"Canals Nadal","item":"https:\/\/www.canalsnadal.com\/es\/"},{"@type":"ListItem","position":2,"name":"Botiga","item":"https:\/\/www.canalsnadal.com\/botiga\/"},{"@type":"ListItem","position":3,"name":"Cava Ecol\u00f3gico Antoni Canals Adda Brut Nature Reserva"}]},{"@type":"WebSite","@id":"https:\/\/www.canalsnadal.com\/#website","url":"https:\/\/www.canalsnadal.com\/","name":"Canals Nadal","description":"Caves Canals Nadal","publisher":{"@id":"https:\/\/www.canalsnadal.com\/#organization"},"potentialAction":[{"@type":"SearchAction","target":{"@type":"EntryPoint","urlTemplate":"https:\/\/www.canalsnadal.com\/?s={search_term_string}"},"query-input":{"@type":"PropertyValueSpecification","valueRequired":true,"valueName":"search_term_string"}}],"inLanguage":"es"},{"@type":"Organization","@id":"https:\/\/www.canalsnadal.com\/#organization","name":"Canals Nadal","url":"https:\/\/www.canalsnadal.com\/","logo":{"@type":"ImageObject","inLanguage":"es","@id":"https:\/\/www.canalsnadal.com\/#\/schema\/logo\/image\/","url":"https:\/\/www.canalsnadal.com\/wp-content\/uploads\/2020\/07\/Canals-Nadal-logo-web-min.png","contentUrl":"https:\/\/www.canalsnadal.com\/wp-content\/uploads\/2020\/07\/Canals-Nadal-logo-web-min.png","width":332,"height":130,"caption":"Canals Nadal"},"image":{"@id":"https:\/\/www.canalsnadal.com\/#\/schema\/logo\/image\/"},"sameAs":["https:\/\/ca-es.facebook.com\/canalsnadal\/","https:\/\/x.com\/canalsnadal","https:\/\/www.instagram.com\/canals_nadal\/"]}]}},"_links":{"self":[{"href":"https:\/\/www.canalsnadal.com\/es\/wp-json\/wp\/v2\/product\/1154","targetHints":{"allow":["GET"]}}],"collection":[{"href":"https:\/\/www.canalsnadal.com\/es\/wp-json\/wp\/v2\/product"}],"about":[{"href":"https:\/\/www.canalsnadal.com\/es\/wp-json\/wp\/v2\/types\/product"}],"wp:featuredmedia":[{"embeddable":true,"href":"https:\/\/www.canalsnadal.com\/es\/wp-json\/wp\/v2\/media\/1241"}],"wp:attachment":[{"href":"https:\/\/www.canalsnadal.com\/es\/wp-json\/wp\/v2\/media?parent=1154"}],"wp:term":[{"taxonomy":"product_brand","embeddable":true,"href":"https:\/\/www.canalsnadal.com\/es\/wp-json\/wp\/v2\/product_brand?post=1154"},{"taxonomy":"product_cat","embeddable":true,"href":"https:\/\/www.canalsnadal.com\/es\/wp-json\/wp\/v2\/product_cat?post=1154"},{"taxonomy":"product_tag","embeddable":true,"href":"https:\/\/www.canalsnadal.com\/es\/wp-json\/wp\/v2\/product_tag?post=1154"}],"curies":[{"name":"wp","href":"https:\/\/api.w.org\/{rel}","templated":true}]}}