{"id":644,"date":"2020-10-11T12:16:37","date_gmt":"2020-10-24T16:33:51","guid":{"rendered":"https:\/\/www.canalsnadal.com\/producte\/cava-xarel%c2%b7lo-brut-nature-reserva\/"},"modified":"2024-03-09T14:04:09","modified_gmt":"2024-03-09T13:04:09","slug":"cava-xarel%c2%b7lo-brut-nature-reserva","status":"publish","type":"product","link":"https:\/\/www.canalsnadal.com\/es\/producte\/cava-xarel%c2%b7lo-brut-nature-reserva\/","title":{"rendered":"Cava Xarel\u00b7lo Brut Nature Reserva"},"content":{"rendered":"<div class=\"wpb-content-wrapper\"><p>[vc_row][vc_column width=&#8221;1\/4&#8243;][vc_column_text]<strong>\ud83d\udd22 PRODUCCI\u00d3N<\/strong>[\/vc_column_text][\/vc_column][vc_column width=&#8221;3\/4&#8243;][vc_column_text]4500 botellas aprox.[\/vc_column_text][\/vc_column][\/vc_row][vc_row][vc_column width=&#8221;1\/4&#8243;][vc_column_text]<strong>\ud83d\udcac ELABORACI\u00d3N<\/strong>[\/vc_column_text][\/vc_column][vc_column width=&#8221;3\/4&#8243;][vc_column_text]<\/p>\n<p class=\"p1\">Es un cava que no se produce cada a\u00f1o, exclusivamente cuando conseguimos el punto de maduraci\u00f3n, que es crucial en este cava. Si es demasiado maduro no evoluciona bien como monovarietal. Las uvas se recolectan ligeramente antes del punto de maduraci\u00f3n, sobre los 10,5 grados. Realizamos su fermentaci\u00f3n a baja temperatura en dep\u00f3sitos de acero inoxidable, para mantener su pureza, y despu\u00e9s de la fermentaci\u00f3n se estabiliza con procesos f\u00edsicos hasta el mes de febrero donde se hace la segunda fermentaci\u00f3n en botella y a posteriori crianza sobre sus l\u00edas.<\/p>\n<p>[\/vc_column_text][\/vc_column][\/vc_row][vc_row][vc_column width=&#8221;1\/4&#8243;][vc_column_text]<strong>\ud83c\udf47VARIEDADES<\/strong>[\/vc_column_text][\/vc_column][vc_column width=&#8221;3\/4&#8243;][vc_column_text]<\/p>\n<p class=\"p1\">100% Xarel\u00b7lo<\/p>\n<p>[\/vc_column_text][\/vc_column][\/vc_row][vc_row][vc_column width=&#8221;1\/4&#8243;][vc_column_text]<strong>\u2139\ufe0f GRADO<br \/>\nALCOH\u00d3LICO<\/strong>[\/vc_column_text][\/vc_column][vc_column width=&#8221;3\/4&#8243;][vc_column_text]12,00 % vol.[\/vc_column_text][\/vc_column][\/vc_row][vc_row][vc_column width=&#8221;1\/4&#8243;][vc_column_text]<strong>\ud83d\udcc5 COSECHA<\/strong>[\/vc_column_text][\/vc_column][vc_column width=&#8221;3\/4&#8243;][vc_column_text]2018[\/vc_column_text][\/vc_column][\/vc_row][vc_row][vc_column width=&#8221;1\/4&#8243;][vc_column_text]<strong>\u231bCRIANZA<\/strong>[\/vc_column_text][\/vc_column][vc_column width=&#8221;3\/4&#8243;][vc_column_text]36 meses.[\/vc_column_text][\/vc_column][\/vc_row][vc_row][vc_column width=&#8221;1\/4&#8243;][vc_column_text]<strong>\ud83d\ude0bCATA<\/strong>[\/vc_column_text][\/vc_column][vc_column width=&#8221;3\/4&#8243;][vc_column_text]<\/p>\n<p class=\"p1\">Cava monovarietal de Xarel\u00b7lo de un solo vi\u00f1edo, el \u201cVi\u00f1edo del Bess\u00f3\u201d, de la que tambi\u00e9n elaboramos un vino varietal, en una vendimia m\u00e1s tard\u00eda. La elaboraci\u00f3n busca preservar el car\u00e1cter de la variedad, con aromas especiados que recuerdan el jengibre y que evolucionan hacia matices m\u00e1s afrutados de melocot\u00f3n y albaricoque. En boca mantiene una estructura s\u00f3lida, con la frescura del brut nature sin az\u00facares a\u00f1adidos en el deg\u00fcelle Es un cava largo, que en boca da m\u00e1s complejidad y al que se le intuye una larga vida.<\/p>\n<p>[\/vc_column_text][\/vc_column][\/vc_row][vc_row][vc_column width=&#8221;1\/4&#8243;][vc_column_text]<strong>\ud83c\udf7d\ufe0f MARIDAJE<\/strong>[\/vc_column_text][\/vc_column][vc_column width=&#8221;3\/4&#8243;][vc_column_text]<\/p>\n<p class=\"p1\">Este es un cava muy vers\u00e1til, que casa perfectamente con quesos blancos de consistencia blanda, tambi\u00e9n con comidas m\u00e1s especiadas y fuertes como peces con car\u00e1cter pronunciado pero tambi\u00e9n con una pasta italiana rellena.<\/p>\n<p class=\"p2\">Consumir entre 6 &#8211; 8 \u00baC<\/p>\n<p>[\/vc_column_text][\/vc_column][\/vc_row]<\/p>\n<\/div>","protected":false},"excerpt":{"rendered":"<blockquote>\n<h3>Franco y directo<\/h3>\n<\/blockquote>\n","protected":false},"featured_media":589,"template":"","meta":[],"product_brand":[],"product_cat":[38],"product_tag":[],"class_list":{"0":"post-644","1":"product","2":"type-product","3":"status-publish","4":"has-post-thumbnail","6":"product_cat-cavas","8":"first","9":"instock","10":"sale","11":"shipping-taxable","12":"purchasable","13":"product-type-simple"},"yoast_head":"<!-- This site is optimized with the Yoast SEO plugin v27.4 - https:\/\/yoast.com\/product\/yoast-seo-wordpress\/ -->\n<title>Cava Xarel\u00b7lo Brut Nature Reserva - Canals Nadal<\/title>\n<meta name=\"description\" content=\"Canals Nadal Cava Xarel\u00b7lo Brut Nature Reserva. Cava 100% xarelo. Franco y directo. Monovarietal de Xarelo (Xarel\u00b7lo) de un s\u00f3lo vi\u00f1edo\" \/>\n<meta name=\"robots\" content=\"index, follow, max-snippet:-1, max-image-preview:large, max-video-preview:-1\" \/>\n<link rel=\"canonical\" href=\"https:\/\/www.canalsnadal.com\/es\/producto\/cava-xarel\u00b7lo-brut-nature-reserva\/\" \/>\n<meta property=\"og:locale\" content=\"es_ES\" \/>\n<meta property=\"og:type\" content=\"article\" \/>\n<meta property=\"og:title\" content=\"Cava Xarel\u00b7lo Brut Nature Reserva - Canals Nadal\" \/>\n<meta property=\"og:description\" content=\"Canals Nadal Cava Xarel\u00b7lo Brut Nature Reserva. Cava 100% xarelo. Franco y directo. Monovarietal de Xarelo (Xarel\u00b7lo) de un s\u00f3lo vi\u00f1edo\" \/>\n<meta property=\"og:url\" content=\"https:\/\/www.canalsnadal.com\/es\/producto\/cava-xarel\u00b7lo-brut-nature-reserva\/\" \/>\n<meta property=\"og:site_name\" content=\"Canals Nadal\" \/>\n<meta property=\"article:publisher\" content=\"https:\/\/ca-es.facebook.com\/canalsnadal\/\" \/>\n<meta property=\"article:modified_time\" content=\"2024-03-09T13:04:09+00:00\" \/>\n<meta property=\"og:image\" content=\"https:\/\/www.canalsnadal.com\/wp-content\/uploads\/2020\/10\/Ampolla-Cava-Xarel\u00b7lo-Brut-Nature-Reserva-scaled.jpg\" \/>\n\t<meta property=\"og:image:width\" content=\"1849\" \/>\n\t<meta property=\"og:image:height\" content=\"2560\" \/>\n\t<meta property=\"og:image:type\" content=\"image\/jpeg\" \/>\n<meta name=\"twitter:card\" content=\"summary_large_image\" \/>\n<meta name=\"twitter:site\" content=\"@canalsnadal\" \/>\n<meta name=\"twitter:label1\" content=\"Tiempo de lectura\" \/>\n\t<meta name=\"twitter:data1\" content=\"2 minutos\" \/>\n<script type=\"application\/ld+json\" class=\"yoast-schema-graph\">{\"@context\":\"https:\\\/\\\/schema.org\",\"@graph\":[{\"@type\":\"WebPage\",\"@id\":\"https:\\\/\\\/www.canalsnadal.com\\\/es\\\/producto\\\/cava-xarel%c2%b7lo-brut-nature-reserva\\\/\",\"url\":\"https:\\\/\\\/www.canalsnadal.com\\\/es\\\/producto\\\/cava-xarel%c2%b7lo-brut-nature-reserva\\\/\",\"name\":\"Cava Xarel\u00b7lo Brut Nature Reserva - Canals Nadal\",\"isPartOf\":{\"@id\":\"https:\\\/\\\/www.canalsnadal.com\\\/#website\"},\"primaryImageOfPage\":{\"@id\":\"https:\\\/\\\/www.canalsnadal.com\\\/es\\\/producto\\\/cava-xarel%c2%b7lo-brut-nature-reserva\\\/#primaryimage\"},\"image\":{\"@id\":\"https:\\\/\\\/www.canalsnadal.com\\\/es\\\/producto\\\/cava-xarel%c2%b7lo-brut-nature-reserva\\\/#primaryimage\"},\"thumbnailUrl\":\"https:\\\/\\\/www.canalsnadal.com\\\/wp-content\\\/uploads\\\/2020\\\/10\\\/Ampolla-Cava-Xarel\u00b7lo-Brut-Nature-Reserva-scaled.jpg\",\"datePublished\":\"2020-10-24T16:33:51+00:00\",\"dateModified\":\"2024-03-09T13:04:09+00:00\",\"description\":\"Canals Nadal Cava Xarel\u00b7lo Brut Nature Reserva. Cava 100% xarelo. Franco y directo. Monovarietal de Xarelo (Xarel\u00b7lo) de un s\u00f3lo vi\u00f1edo\",\"breadcrumb\":{\"@id\":\"https:\\\/\\\/www.canalsnadal.com\\\/es\\\/producto\\\/cava-xarel%c2%b7lo-brut-nature-reserva\\\/#breadcrumb\"},\"inLanguage\":\"es\",\"potentialAction\":[{\"@type\":\"ReadAction\",\"target\":[\"https:\\\/\\\/www.canalsnadal.com\\\/es\\\/producto\\\/cava-xarel%c2%b7lo-brut-nature-reserva\\\/\"]}]},{\"@type\":\"ImageObject\",\"inLanguage\":\"es\",\"@id\":\"https:\\\/\\\/www.canalsnadal.com\\\/es\\\/producto\\\/cava-xarel%c2%b7lo-brut-nature-reserva\\\/#primaryimage\",\"url\":\"https:\\\/\\\/www.canalsnadal.com\\\/wp-content\\\/uploads\\\/2020\\\/10\\\/Ampolla-Cava-Xarel\u00b7lo-Brut-Nature-Reserva-scaled.jpg\",\"contentUrl\":\"https:\\\/\\\/www.canalsnadal.com\\\/wp-content\\\/uploads\\\/2020\\\/10\\\/Ampolla-Cava-Xarel\u00b7lo-Brut-Nature-Reserva-scaled.jpg\",\"width\":1849,\"height\":2560,\"caption\":\"Botella Cava Xarel\u00b7lo Brut Nature Reserva\"},{\"@type\":\"BreadcrumbList\",\"@id\":\"https:\\\/\\\/www.canalsnadal.com\\\/es\\\/producto\\\/cava-xarel%c2%b7lo-brut-nature-reserva\\\/#breadcrumb\",\"itemListElement\":[{\"@type\":\"ListItem\",\"position\":1,\"name\":\"Canals Nadal\",\"item\":\"https:\\\/\\\/www.canalsnadal.com\\\/es\\\/\"},{\"@type\":\"ListItem\",\"position\":2,\"name\":\"Botiga\",\"item\":\"https:\\\/\\\/www.canalsnadal.com\\\/botiga\\\/\"},{\"@type\":\"ListItem\",\"position\":3,\"name\":\"Cava Xarel\u00b7lo Brut Nature Reserva\"}]},{\"@type\":\"WebSite\",\"@id\":\"https:\\\/\\\/www.canalsnadal.com\\\/#website\",\"url\":\"https:\\\/\\\/www.canalsnadal.com\\\/\",\"name\":\"Canals Nadal\",\"description\":\"Caves Canals Nadal\",\"publisher\":{\"@id\":\"https:\\\/\\\/www.canalsnadal.com\\\/#organization\"},\"potentialAction\":[{\"@type\":\"SearchAction\",\"target\":{\"@type\":\"EntryPoint\",\"urlTemplate\":\"https:\\\/\\\/www.canalsnadal.com\\\/?s={search_term_string}\"},\"query-input\":{\"@type\":\"PropertyValueSpecification\",\"valueRequired\":true,\"valueName\":\"search_term_string\"}}],\"inLanguage\":\"es\"},{\"@type\":\"Organization\",\"@id\":\"https:\\\/\\\/www.canalsnadal.com\\\/#organization\",\"name\":\"Canals Nadal\",\"url\":\"https:\\\/\\\/www.canalsnadal.com\\\/\",\"logo\":{\"@type\":\"ImageObject\",\"inLanguage\":\"es\",\"@id\":\"https:\\\/\\\/www.canalsnadal.com\\\/#\\\/schema\\\/logo\\\/image\\\/\",\"url\":\"https:\\\/\\\/www.canalsnadal.com\\\/wp-content\\\/uploads\\\/2020\\\/07\\\/Canals-Nadal-logo-web-min.png\",\"contentUrl\":\"https:\\\/\\\/www.canalsnadal.com\\\/wp-content\\\/uploads\\\/2020\\\/07\\\/Canals-Nadal-logo-web-min.png\",\"width\":332,\"height\":130,\"caption\":\"Canals Nadal\"},\"image\":{\"@id\":\"https:\\\/\\\/www.canalsnadal.com\\\/#\\\/schema\\\/logo\\\/image\\\/\"},\"sameAs\":[\"https:\\\/\\\/ca-es.facebook.com\\\/canalsnadal\\\/\",\"https:\\\/\\\/x.com\\\/canalsnadal\",\"https:\\\/\\\/www.instagram.com\\\/canals_nadal\\\/\"]}]}<\/script>\n<!-- \/ Yoast SEO plugin. -->","yoast_head_json":{"title":"Cava Xarel\u00b7lo Brut Nature Reserva - Canals Nadal","description":"Canals Nadal Cava Xarel\u00b7lo Brut Nature Reserva. Cava 100% xarelo. Franco y directo. Monovarietal de Xarelo (Xarel\u00b7lo) de un s\u00f3lo vi\u00f1edo","robots":{"index":"index","follow":"follow","max-snippet":"max-snippet:-1","max-image-preview":"max-image-preview:large","max-video-preview":"max-video-preview:-1"},"canonical":"https:\/\/www.canalsnadal.com\/es\/producto\/cava-xarel\u00b7lo-brut-nature-reserva\/","og_locale":"es_ES","og_type":"article","og_title":"Cava Xarel\u00b7lo Brut Nature Reserva - Canals Nadal","og_description":"Canals Nadal Cava Xarel\u00b7lo Brut Nature Reserva. Cava 100% xarelo. Franco y directo. Monovarietal de Xarelo (Xarel\u00b7lo) de un s\u00f3lo vi\u00f1edo","og_url":"https:\/\/www.canalsnadal.com\/es\/producto\/cava-xarel\u00b7lo-brut-nature-reserva\/","og_site_name":"Canals Nadal","article_publisher":"https:\/\/ca-es.facebook.com\/canalsnadal\/","article_modified_time":"2024-03-09T13:04:09+00:00","og_image":[{"width":1849,"height":2560,"url":"https:\/\/www.canalsnadal.com\/wp-content\/uploads\/2020\/10\/Ampolla-Cava-Xarel\u00b7lo-Brut-Nature-Reserva-scaled.jpg","type":"image\/jpeg"}],"twitter_card":"summary_large_image","twitter_site":"@canalsnadal","twitter_misc":{"Tiempo de lectura":"2 minutos"},"schema":{"@context":"https:\/\/schema.org","@graph":[{"@type":"WebPage","@id":"https:\/\/www.canalsnadal.com\/es\/producto\/cava-xarel%c2%b7lo-brut-nature-reserva\/","url":"https:\/\/www.canalsnadal.com\/es\/producto\/cava-xarel%c2%b7lo-brut-nature-reserva\/","name":"Cava Xarel\u00b7lo Brut Nature Reserva - Canals Nadal","isPartOf":{"@id":"https:\/\/www.canalsnadal.com\/#website"},"primaryImageOfPage":{"@id":"https:\/\/www.canalsnadal.com\/es\/producto\/cava-xarel%c2%b7lo-brut-nature-reserva\/#primaryimage"},"image":{"@id":"https:\/\/www.canalsnadal.com\/es\/producto\/cava-xarel%c2%b7lo-brut-nature-reserva\/#primaryimage"},"thumbnailUrl":"https:\/\/www.canalsnadal.com\/wp-content\/uploads\/2020\/10\/Ampolla-Cava-Xarel\u00b7lo-Brut-Nature-Reserva-scaled.jpg","datePublished":"2020-10-24T16:33:51+00:00","dateModified":"2024-03-09T13:04:09+00:00","description":"Canals Nadal Cava Xarel\u00b7lo Brut Nature Reserva. Cava 100% xarelo. Franco y directo. Monovarietal de Xarelo (Xarel\u00b7lo) de un s\u00f3lo vi\u00f1edo","breadcrumb":{"@id":"https:\/\/www.canalsnadal.com\/es\/producto\/cava-xarel%c2%b7lo-brut-nature-reserva\/#breadcrumb"},"inLanguage":"es","potentialAction":[{"@type":"ReadAction","target":["https:\/\/www.canalsnadal.com\/es\/producto\/cava-xarel%c2%b7lo-brut-nature-reserva\/"]}]},{"@type":"ImageObject","inLanguage":"es","@id":"https:\/\/www.canalsnadal.com\/es\/producto\/cava-xarel%c2%b7lo-brut-nature-reserva\/#primaryimage","url":"https:\/\/www.canalsnadal.com\/wp-content\/uploads\/2020\/10\/Ampolla-Cava-Xarel\u00b7lo-Brut-Nature-Reserva-scaled.jpg","contentUrl":"https:\/\/www.canalsnadal.com\/wp-content\/uploads\/2020\/10\/Ampolla-Cava-Xarel\u00b7lo-Brut-Nature-Reserva-scaled.jpg","width":1849,"height":2560,"caption":"Botella Cava Xarel\u00b7lo Brut Nature Reserva"},{"@type":"BreadcrumbList","@id":"https:\/\/www.canalsnadal.com\/es\/producto\/cava-xarel%c2%b7lo-brut-nature-reserva\/#breadcrumb","itemListElement":[{"@type":"ListItem","position":1,"name":"Canals Nadal","item":"https:\/\/www.canalsnadal.com\/es\/"},{"@type":"ListItem","position":2,"name":"Botiga","item":"https:\/\/www.canalsnadal.com\/botiga\/"},{"@type":"ListItem","position":3,"name":"Cava Xarel\u00b7lo Brut Nature Reserva"}]},{"@type":"WebSite","@id":"https:\/\/www.canalsnadal.com\/#website","url":"https:\/\/www.canalsnadal.com\/","name":"Canals Nadal","description":"Caves Canals Nadal","publisher":{"@id":"https:\/\/www.canalsnadal.com\/#organization"},"potentialAction":[{"@type":"SearchAction","target":{"@type":"EntryPoint","urlTemplate":"https:\/\/www.canalsnadal.com\/?s={search_term_string}"},"query-input":{"@type":"PropertyValueSpecification","valueRequired":true,"valueName":"search_term_string"}}],"inLanguage":"es"},{"@type":"Organization","@id":"https:\/\/www.canalsnadal.com\/#organization","name":"Canals Nadal","url":"https:\/\/www.canalsnadal.com\/","logo":{"@type":"ImageObject","inLanguage":"es","@id":"https:\/\/www.canalsnadal.com\/#\/schema\/logo\/image\/","url":"https:\/\/www.canalsnadal.com\/wp-content\/uploads\/2020\/07\/Canals-Nadal-logo-web-min.png","contentUrl":"https:\/\/www.canalsnadal.com\/wp-content\/uploads\/2020\/07\/Canals-Nadal-logo-web-min.png","width":332,"height":130,"caption":"Canals Nadal"},"image":{"@id":"https:\/\/www.canalsnadal.com\/#\/schema\/logo\/image\/"},"sameAs":["https:\/\/ca-es.facebook.com\/canalsnadal\/","https:\/\/x.com\/canalsnadal","https:\/\/www.instagram.com\/canals_nadal\/"]}]}},"_links":{"self":[{"href":"https:\/\/www.canalsnadal.com\/es\/wp-json\/wp\/v2\/product\/644","targetHints":{"allow":["GET"]}}],"collection":[{"href":"https:\/\/www.canalsnadal.com\/es\/wp-json\/wp\/v2\/product"}],"about":[{"href":"https:\/\/www.canalsnadal.com\/es\/wp-json\/wp\/v2\/types\/product"}],"wp:featuredmedia":[{"embeddable":true,"href":"https:\/\/www.canalsnadal.com\/es\/wp-json\/wp\/v2\/media\/589"}],"wp:attachment":[{"href":"https:\/\/www.canalsnadal.com\/es\/wp-json\/wp\/v2\/media?parent=644"}],"wp:term":[{"taxonomy":"product_brand","embeddable":true,"href":"https:\/\/www.canalsnadal.com\/es\/wp-json\/wp\/v2\/product_brand?post=644"},{"taxonomy":"product_cat","embeddable":true,"href":"https:\/\/www.canalsnadal.com\/es\/wp-json\/wp\/v2\/product_cat?post=644"},{"taxonomy":"product_tag","embeddable":true,"href":"https:\/\/www.canalsnadal.com\/es\/wp-json\/wp\/v2\/product_tag?post=644"}],"curies":[{"name":"wp","href":"https:\/\/api.w.org\/{rel}","templated":true}]}}