{"id":645,"date":"2020-10-11T12:53:08","date_gmt":"2020-10-24T16:44:18","guid":{"rendered":"https:\/\/www.canalsnadal.com\/producte\/vino-xarel%c2%b7lo\/"},"modified":"2024-09-24T12:36:00","modified_gmt":"2024-09-24T11:36:00","slug":"vino-blanco-xarello","status":"publish","type":"product","link":"https:\/\/www.canalsnadal.com\/es\/producte\/vino-blanco-xarello\/","title":{"rendered":"Vino Blanco Xarel\u00b7lo"},"content":{"rendered":"<div class=\"wpb-content-wrapper\"><p>[vc_row][vc_column width=&#8221;1\/4&#8243;][vc_column_text]<strong>\ud83d\udd22 PRODUCCI\u00d3N<\/strong>[\/vc_column_text][\/vc_column][vc_column width=&#8221;3\/4&#8243;][vc_column_text]3.500 botellas aprox.[\/vc_column_text][\/vc_column][\/vc_row][vc_row][vc_column width=&#8221;1\/4&#8243;][vc_column_text]<strong>\ud83d\udcac ELABORACI\u00d3N<\/strong>[\/vc_column_text][\/vc_column][vc_column width=&#8221;3\/4&#8243;][vc_column_text]<\/p>\n<p class=\"p1\">Este Xarel\u00b7lo proviene de la Vi\u00f1a del Bess\u00f3. Este vi\u00f1edo se replant\u00f3 en el a\u00f1o 1950, aunque hay una parte que son del 1937-40. Est\u00e1 situada al lado del barranco de \u201cLas Tarumbas\u201d, con una peque\u00f1a pendiente hacia el norte. El sol es aluvial, franco argiloso y calc\u00e1reo, con peque\u00f1os n\u00f3dulos de yeso.<\/p>\n<p>A ra\u00edz de este vi\u00f1edo naci\u00f3 el Xarel\u00b7lo de la Vi\u00f1a del Bess\u00f3, fermentando a baja temperatura en dep\u00f3sitos inertes, con resuspensi\u00f3n sobre l\u00edas. Una parte del vino fermenta 6 meses sobre l\u00edas en barricas de roble franc\u00e9s y americano, para conseguir m\u00e1s estructura y complejidad al conjunto.[\/vc_column_text][\/vc_column][\/vc_row][vc_row][vc_column width=&#8221;1\/4&#8243;][vc_column_text]<strong>\ud83c\udf47VARIEDADES<\/strong>[\/vc_column_text][\/vc_column][vc_column width=&#8221;3\/4&#8243;][vc_column_text]<\/p>\n<p class=\"p1\">Monovarietal (100%) de xarel\u00b7lo, vi\u00f1edo viejo<\/p>\n<p>[\/vc_column_text][\/vc_column][\/vc_row][vc_row][vc_column width=&#8221;1\/4&#8243;][vc_column_text]<strong>\u2139\ufe0f GRADO ALCOH\u00d3LICO<br \/>\n<\/strong>[\/vc_column_text][\/vc_column][vc_column width=&#8221;3\/4&#8243;][vc_column_text]12,00 % vol.[\/vc_column_text][\/vc_column][\/vc_row][vc_row][vc_column width=&#8221;1\/4&#8243;][vc_column_text]<strong>\ud83d\udcc5 COSECHA<\/strong>[\/vc_column_text][\/vc_column][vc_column width=&#8221;3\/4&#8243;][vc_column_text]2023[\/vc_column_text][\/vc_column][\/vc_row][vc_row][vc_column width=&#8221;1\/4&#8243;][vc_column_text]<strong>\u231bCRIANZA<\/strong>[\/vc_column_text][\/vc_column][vc_column width=&#8221;3\/4&#8243;][vc_column_text]12 meses.[\/vc_column_text][\/vc_column][\/vc_row][vc_row][vc_column width=&#8221;1\/4&#8243;][vc_column_text]<strong>\ud83d\ude0bCATA<\/strong>[\/vc_column_text][\/vc_column][vc_column width=&#8221;3\/4&#8243;][vc_column_text]<\/p>\n<p class=\"p1\">Es un vino p\u00e1lido con reflejos verdosos. En nariz es potente, largo con un cambiante recorrido. Desde notas a frutas tropicales hasta frutas de hueso t\u00edpicas de la piel madura del Xarel\u00b7lo, evoluciona hacia aromas especiados de la barrica. Al envejecer se incrementa la mineralidad. En boca es denso pero mantiene la frescor con una acidez que incita la salivaci\u00f3n. El periodo \u00f3ptimo de consumo se puede alargar varios a\u00f1os, en un vino que cambiar\u00e1 a lo largo del tiempo y huimos del estereotipo de vinos anuales.<\/p>\n<p>[\/vc_column_text][\/vc_column][\/vc_row][vc_row][vc_column width=&#8221;1\/4&#8243;][vc_column_text]<strong>\ud83c\udf7d\ufe0f MARIDAJE<\/strong>[\/vc_column_text][\/vc_column][vc_column width=&#8221;3\/4&#8243;][vc_column_text]<\/p>\n<p class=\"p1\">Marida bien con marisco en general, especialmente ostras. Tambi\u00e9n con pescado poco graso, por la salivaci\u00f3n que provoca.<\/p>\n<p>.[\/vc_column_text][\/vc_column][\/vc_row]<\/p>\n<\/div>","protected":false},"excerpt":{"rendered":"<blockquote>\n<h3>Singular del Pened\u00e8s<\/h3>\n<\/blockquote>\n","protected":false},"featured_media":1433,"template":"","meta":[],"product_brand":[],"product_cat":[36],"product_tag":[],"class_list":{"0":"post-645","1":"product","2":"type-product","3":"status-publish","4":"has-post-thumbnail","6":"product_cat-vinos","8":"first","9":"instock","10":"sale","11":"shipping-taxable","12":"purchasable","13":"product-type-simple"},"yoast_head":"<!-- This site is optimized with the Yoast SEO plugin v27.4 - https:\/\/yoast.com\/product\/yoast-seo-wordpress\/ -->\n<title>Vino Blanco Xarel\u00b7lo - Canals Nadal<\/title>\n<meta name=\"description\" content=\"Canals Nadal Vino Blanco 100% Xarel\u00b7lo. Monovarietal de Xarel\u00b7lo, vi\u00f1edo viejo. El periodo \u00f3ptimo de consumo se puede alargar durante unos cuantos a\u00f1os.\" \/>\n<meta name=\"robots\" content=\"index, follow, max-snippet:-1, max-image-preview:large, max-video-preview:-1\" \/>\n<link rel=\"canonical\" href=\"https:\/\/www.canalsnadal.com\/producte\/vi-blanc-xarello\/\" \/>\n<meta property=\"og:locale\" content=\"es_ES\" \/>\n<meta property=\"og:type\" content=\"article\" \/>\n<meta property=\"og:title\" content=\"Vino Blanco Xarel\u00b7lo - Canals Nadal\" \/>\n<meta property=\"og:description\" content=\"Canals Nadal Vino Blanco 100% Xarel\u00b7lo. Monovarietal de Xarel\u00b7lo, vi\u00f1edo viejo. El periodo \u00f3ptimo de consumo se puede alargar durante unos cuantos a\u00f1os.\" \/>\n<meta property=\"og:url\" content=\"https:\/\/www.canalsnadal.com\/producte\/vi-blanc-xarello\/\" \/>\n<meta property=\"og:site_name\" content=\"Canals Nadal\" \/>\n<meta property=\"article:publisher\" content=\"https:\/\/ca-es.facebook.com\/canalsnadal\/\" \/>\n<meta property=\"article:modified_time\" content=\"2024-09-24T11:36:00+00:00\" \/>\n<meta property=\"og:image\" content=\"https:\/\/www.canalsnadal.com\/wp-content\/uploads\/2020\/10\/Ampolla-vi-Xarello-Canals-Nadal-scaled.jpg\" \/>\n\t<meta property=\"og:image:width\" content=\"1709\" \/>\n\t<meta property=\"og:image:height\" content=\"2560\" \/>\n\t<meta property=\"og:image:type\" content=\"image\/jpeg\" \/>\n<meta name=\"twitter:card\" content=\"summary_large_image\" \/>\n<meta name=\"twitter:site\" content=\"@canalsnadal\" \/>\n<meta name=\"twitter:label1\" content=\"Tiempo de lectura\" \/>\n\t<meta name=\"twitter:data1\" content=\"2 minutos\" \/>\n<script type=\"application\/ld+json\" class=\"yoast-schema-graph\">{\"@context\":\"https:\\\/\\\/schema.org\",\"@graph\":[{\"@type\":\"WebPage\",\"@id\":\"https:\\\/\\\/www.canalsnadal.com\\\/producte\\\/vi-blanc-xarello\\\/\",\"url\":\"https:\\\/\\\/www.canalsnadal.com\\\/producte\\\/vi-blanc-xarello\\\/\",\"name\":\"Vino Blanco Xarel\u00b7lo - Canals Nadal\",\"isPartOf\":{\"@id\":\"https:\\\/\\\/www.canalsnadal.com\\\/#website\"},\"primaryImageOfPage\":{\"@id\":\"https:\\\/\\\/www.canalsnadal.com\\\/producte\\\/vi-blanc-xarello\\\/#primaryimage\"},\"image\":{\"@id\":\"https:\\\/\\\/www.canalsnadal.com\\\/producte\\\/vi-blanc-xarello\\\/#primaryimage\"},\"thumbnailUrl\":\"https:\\\/\\\/www.canalsnadal.com\\\/wp-content\\\/uploads\\\/2020\\\/10\\\/Ampolla-vi-Xarello-Canals-Nadal-scaled.jpg\",\"datePublished\":\"2020-10-24T16:44:18+00:00\",\"dateModified\":\"2024-09-24T11:36:00+00:00\",\"description\":\"Canals Nadal Vino Blanco 100% Xarel\u00b7lo. Monovarietal de Xarel\u00b7lo, vi\u00f1edo viejo. El periodo \u00f3ptimo de consumo se puede alargar durante unos cuantos a\u00f1os.\",\"breadcrumb\":{\"@id\":\"https:\\\/\\\/www.canalsnadal.com\\\/producte\\\/vi-blanc-xarello\\\/#breadcrumb\"},\"inLanguage\":\"es\",\"potentialAction\":[{\"@type\":\"ReadAction\",\"target\":[\"https:\\\/\\\/www.canalsnadal.com\\\/producte\\\/vi-blanc-xarello\\\/\"]}]},{\"@type\":\"ImageObject\",\"inLanguage\":\"es\",\"@id\":\"https:\\\/\\\/www.canalsnadal.com\\\/producte\\\/vi-blanc-xarello\\\/#primaryimage\",\"url\":\"https:\\\/\\\/www.canalsnadal.com\\\/wp-content\\\/uploads\\\/2020\\\/10\\\/Ampolla-vi-Xarello-Canals-Nadal-scaled.jpg\",\"contentUrl\":\"https:\\\/\\\/www.canalsnadal.com\\\/wp-content\\\/uploads\\\/2020\\\/10\\\/Ampolla-vi-Xarello-Canals-Nadal-scaled.jpg\",\"width\":1709,\"height\":2560,\"caption\":\"Ampolla vi Xarel\u00b7lo Canals Nadal\"},{\"@type\":\"BreadcrumbList\",\"@id\":\"https:\\\/\\\/www.canalsnadal.com\\\/producte\\\/vi-blanc-xarello\\\/#breadcrumb\",\"itemListElement\":[{\"@type\":\"ListItem\",\"position\":1,\"name\":\"Canals Nadal\",\"item\":\"https:\\\/\\\/www.canalsnadal.com\\\/es\\\/\"},{\"@type\":\"ListItem\",\"position\":2,\"name\":\"Botiga\",\"item\":\"https:\\\/\\\/www.canalsnadal.com\\\/botiga\\\/\"},{\"@type\":\"ListItem\",\"position\":3,\"name\":\"Vino Blanco Xarel\u00b7lo\"}]},{\"@type\":\"WebSite\",\"@id\":\"https:\\\/\\\/www.canalsnadal.com\\\/#website\",\"url\":\"https:\\\/\\\/www.canalsnadal.com\\\/\",\"name\":\"Canals Nadal\",\"description\":\"Caves Canals Nadal\",\"publisher\":{\"@id\":\"https:\\\/\\\/www.canalsnadal.com\\\/#organization\"},\"potentialAction\":[{\"@type\":\"SearchAction\",\"target\":{\"@type\":\"EntryPoint\",\"urlTemplate\":\"https:\\\/\\\/www.canalsnadal.com\\\/?s={search_term_string}\"},\"query-input\":{\"@type\":\"PropertyValueSpecification\",\"valueRequired\":true,\"valueName\":\"search_term_string\"}}],\"inLanguage\":\"es\"},{\"@type\":\"Organization\",\"@id\":\"https:\\\/\\\/www.canalsnadal.com\\\/#organization\",\"name\":\"Canals Nadal\",\"url\":\"https:\\\/\\\/www.canalsnadal.com\\\/\",\"logo\":{\"@type\":\"ImageObject\",\"inLanguage\":\"es\",\"@id\":\"https:\\\/\\\/www.canalsnadal.com\\\/#\\\/schema\\\/logo\\\/image\\\/\",\"url\":\"https:\\\/\\\/www.canalsnadal.com\\\/wp-content\\\/uploads\\\/2020\\\/07\\\/Canals-Nadal-logo-web-min.png\",\"contentUrl\":\"https:\\\/\\\/www.canalsnadal.com\\\/wp-content\\\/uploads\\\/2020\\\/07\\\/Canals-Nadal-logo-web-min.png\",\"width\":332,\"height\":130,\"caption\":\"Canals Nadal\"},\"image\":{\"@id\":\"https:\\\/\\\/www.canalsnadal.com\\\/#\\\/schema\\\/logo\\\/image\\\/\"},\"sameAs\":[\"https:\\\/\\\/ca-es.facebook.com\\\/canalsnadal\\\/\",\"https:\\\/\\\/x.com\\\/canalsnadal\",\"https:\\\/\\\/www.instagram.com\\\/canals_nadal\\\/\"]}]}<\/script>\n<!-- \/ Yoast SEO plugin. -->","yoast_head_json":{"title":"Vino Blanco Xarel\u00b7lo - Canals Nadal","description":"Canals Nadal Vino Blanco 100% Xarel\u00b7lo. Monovarietal de Xarel\u00b7lo, vi\u00f1edo viejo. El periodo \u00f3ptimo de consumo se puede alargar durante unos cuantos a\u00f1os.","robots":{"index":"index","follow":"follow","max-snippet":"max-snippet:-1","max-image-preview":"max-image-preview:large","max-video-preview":"max-video-preview:-1"},"canonical":"https:\/\/www.canalsnadal.com\/producte\/vi-blanc-xarello\/","og_locale":"es_ES","og_type":"article","og_title":"Vino Blanco Xarel\u00b7lo - Canals Nadal","og_description":"Canals Nadal Vino Blanco 100% Xarel\u00b7lo. Monovarietal de Xarel\u00b7lo, vi\u00f1edo viejo. El periodo \u00f3ptimo de consumo se puede alargar durante unos cuantos a\u00f1os.","og_url":"https:\/\/www.canalsnadal.com\/producte\/vi-blanc-xarello\/","og_site_name":"Canals Nadal","article_publisher":"https:\/\/ca-es.facebook.com\/canalsnadal\/","article_modified_time":"2024-09-24T11:36:00+00:00","og_image":[{"width":1709,"height":2560,"url":"https:\/\/www.canalsnadal.com\/wp-content\/uploads\/2020\/10\/Ampolla-vi-Xarello-Canals-Nadal-scaled.jpg","type":"image\/jpeg"}],"twitter_card":"summary_large_image","twitter_site":"@canalsnadal","twitter_misc":{"Tiempo de lectura":"2 minutos"},"schema":{"@context":"https:\/\/schema.org","@graph":[{"@type":"WebPage","@id":"https:\/\/www.canalsnadal.com\/producte\/vi-blanc-xarello\/","url":"https:\/\/www.canalsnadal.com\/producte\/vi-blanc-xarello\/","name":"Vino Blanco Xarel\u00b7lo - Canals Nadal","isPartOf":{"@id":"https:\/\/www.canalsnadal.com\/#website"},"primaryImageOfPage":{"@id":"https:\/\/www.canalsnadal.com\/producte\/vi-blanc-xarello\/#primaryimage"},"image":{"@id":"https:\/\/www.canalsnadal.com\/producte\/vi-blanc-xarello\/#primaryimage"},"thumbnailUrl":"https:\/\/www.canalsnadal.com\/wp-content\/uploads\/2020\/10\/Ampolla-vi-Xarello-Canals-Nadal-scaled.jpg","datePublished":"2020-10-24T16:44:18+00:00","dateModified":"2024-09-24T11:36:00+00:00","description":"Canals Nadal Vino Blanco 100% Xarel\u00b7lo. Monovarietal de Xarel\u00b7lo, vi\u00f1edo viejo. El periodo \u00f3ptimo de consumo se puede alargar durante unos cuantos a\u00f1os.","breadcrumb":{"@id":"https:\/\/www.canalsnadal.com\/producte\/vi-blanc-xarello\/#breadcrumb"},"inLanguage":"es","potentialAction":[{"@type":"ReadAction","target":["https:\/\/www.canalsnadal.com\/producte\/vi-blanc-xarello\/"]}]},{"@type":"ImageObject","inLanguage":"es","@id":"https:\/\/www.canalsnadal.com\/producte\/vi-blanc-xarello\/#primaryimage","url":"https:\/\/www.canalsnadal.com\/wp-content\/uploads\/2020\/10\/Ampolla-vi-Xarello-Canals-Nadal-scaled.jpg","contentUrl":"https:\/\/www.canalsnadal.com\/wp-content\/uploads\/2020\/10\/Ampolla-vi-Xarello-Canals-Nadal-scaled.jpg","width":1709,"height":2560,"caption":"Ampolla vi Xarel\u00b7lo Canals Nadal"},{"@type":"BreadcrumbList","@id":"https:\/\/www.canalsnadal.com\/producte\/vi-blanc-xarello\/#breadcrumb","itemListElement":[{"@type":"ListItem","position":1,"name":"Canals Nadal","item":"https:\/\/www.canalsnadal.com\/es\/"},{"@type":"ListItem","position":2,"name":"Botiga","item":"https:\/\/www.canalsnadal.com\/botiga\/"},{"@type":"ListItem","position":3,"name":"Vino Blanco Xarel\u00b7lo"}]},{"@type":"WebSite","@id":"https:\/\/www.canalsnadal.com\/#website","url":"https:\/\/www.canalsnadal.com\/","name":"Canals Nadal","description":"Caves Canals Nadal","publisher":{"@id":"https:\/\/www.canalsnadal.com\/#organization"},"potentialAction":[{"@type":"SearchAction","target":{"@type":"EntryPoint","urlTemplate":"https:\/\/www.canalsnadal.com\/?s={search_term_string}"},"query-input":{"@type":"PropertyValueSpecification","valueRequired":true,"valueName":"search_term_string"}}],"inLanguage":"es"},{"@type":"Organization","@id":"https:\/\/www.canalsnadal.com\/#organization","name":"Canals Nadal","url":"https:\/\/www.canalsnadal.com\/","logo":{"@type":"ImageObject","inLanguage":"es","@id":"https:\/\/www.canalsnadal.com\/#\/schema\/logo\/image\/","url":"https:\/\/www.canalsnadal.com\/wp-content\/uploads\/2020\/07\/Canals-Nadal-logo-web-min.png","contentUrl":"https:\/\/www.canalsnadal.com\/wp-content\/uploads\/2020\/07\/Canals-Nadal-logo-web-min.png","width":332,"height":130,"caption":"Canals Nadal"},"image":{"@id":"https:\/\/www.canalsnadal.com\/#\/schema\/logo\/image\/"},"sameAs":["https:\/\/ca-es.facebook.com\/canalsnadal\/","https:\/\/x.com\/canalsnadal","https:\/\/www.instagram.com\/canals_nadal\/"]}]}},"_links":{"self":[{"href":"https:\/\/www.canalsnadal.com\/es\/wp-json\/wp\/v2\/product\/645","targetHints":{"allow":["GET"]}}],"collection":[{"href":"https:\/\/www.canalsnadal.com\/es\/wp-json\/wp\/v2\/product"}],"about":[{"href":"https:\/\/www.canalsnadal.com\/es\/wp-json\/wp\/v2\/types\/product"}],"wp:featuredmedia":[{"embeddable":true,"href":"https:\/\/www.canalsnadal.com\/es\/wp-json\/wp\/v2\/media\/1433"}],"wp:attachment":[{"href":"https:\/\/www.canalsnadal.com\/es\/wp-json\/wp\/v2\/media?parent=645"}],"wp:term":[{"taxonomy":"product_brand","embeddable":true,"href":"https:\/\/www.canalsnadal.com\/es\/wp-json\/wp\/v2\/product_brand?post=645"},{"taxonomy":"product_cat","embeddable":true,"href":"https:\/\/www.canalsnadal.com\/es\/wp-json\/wp\/v2\/product_cat?post=645"},{"taxonomy":"product_tag","embeddable":true,"href":"https:\/\/www.canalsnadal.com\/es\/wp-json\/wp\/v2\/product_tag?post=645"}],"curies":[{"name":"wp","href":"https:\/\/api.w.org\/{rel}","templated":true}]}}