{"id":646,"date":"2020-10-11T13:29:32","date_gmt":"2020-10-24T17:14:25","guid":{"rendered":"https:\/\/www.canalsnadal.com\/producte\/vino-antoni-canals-tinto-crianza\/"},"modified":"2024-03-09T17:39:03","modified_gmt":"2024-03-09T16:39:03","slug":"vino-tinto-crianza","status":"publish","type":"product","link":"https:\/\/www.canalsnadal.com\/es\/producte\/vino-tinto-crianza\/","title":{"rendered":"Vino Tinto Crianza"},"content":{"rendered":"<div class=\"wpb-content-wrapper\"><p>[vc_row][vc_column width=&#8221;1\/4&#8243;][vc_column_text]<strong>\ud83d\udd22 PRODUCCI\u00d3N<\/strong>[\/vc_column_text][\/vc_column][vc_column width=&#8221;3\/4&#8243;][vc_column_text]3.500 botellas aprox.[\/vc_column_text][\/vc_column][\/vc_row][vc_row][vc_column width=&#8221;1\/4&#8243;][vc_column_text]<strong>\ud83d\udcac ELABORACI\u00d3N<\/strong>[\/vc_column_text][\/vc_column][vc_column width=&#8221;3\/4&#8243;][vc_column_text]<\/p>\n<p class=\"p1\">La maceraci\u00f3n es alarga m\u00e1s que la fermentaci\u00f3n alcoh\u00f3lica, a finales de invierno el vino se traspasa en la barrica de roble el primer a\u00f1o y el segundo a\u00f1o durante 12 meses. Durante la primavera se embotella y despu\u00e9s de un per\u00edode en botella estar\u00e1 preparado para beber. Estos vinos acostumbran a mejorar en botella durante 2-3 a\u00f1os, periodo despu\u00e9s del cual mantiene sus caracter\u00edsticas un m\u00ednimo de 5 a\u00f1os m\u00e1s.<\/p>\n<p>[\/vc_column_text][\/vc_column][\/vc_row][vc_row][vc_column width=&#8221;1\/4&#8243;][vc_column_text]<strong>\ud83c\udf47VARIEDADES<\/strong>[\/vc_column_text][\/vc_column][vc_column width=&#8221;3\/4&#8243;][vc_column_text]<\/p>\n<p class=\"p1\">50% Cabernet sauvignon, 30% Merlot, 10% Tempranillo y 10% Garnatxa tinta.<\/p>\n<p>[\/vc_column_text][\/vc_column][\/vc_row][vc_row][vc_column width=&#8221;1\/4&#8243;][vc_column_text]<strong>\u2139\ufe0f GRADO<br \/>\nALCOH\u00d3LICO<\/strong>[\/vc_column_text][\/vc_column][vc_column width=&#8221;3\/4&#8243;][vc_column_text]13,5 % vol.[\/vc_column_text][\/vc_column][\/vc_row][vc_row][vc_column width=&#8221;1\/4&#8243;][vc_column_text]<strong>\ud83d\udcc5 COSECHA<\/strong>[\/vc_column_text][\/vc_column][vc_column width=&#8221;3\/4&#8243;][vc_column_text]2021[\/vc_column_text][\/vc_column][\/vc_row][vc_row][vc_column width=&#8221;1\/4&#8243;][vc_column_text]<strong>\ud83d\ude0bCATA<\/strong>[\/vc_column_text][\/vc_column][vc_column width=&#8221;3\/4&#8243;][vc_column_text]<\/p>\n<p class=\"p1\">Color intenso, aromas varietales especiados, fruta madura y bajobosque (trufa) combinado con notas de vainilla y coco, fruto de la crianza. En boca se presenta un tanino meloso y redondo; sin aristas y confieren al vino un final de sensaciones largas y agradables<\/p>\n<p>[\/vc_column_text][\/vc_column][\/vc_row][vc_row][vc_column width=&#8221;1\/4&#8243;][vc_column_text]<strong>\ud83c\udf7d\ufe0f MARIDAJE<\/strong>[\/vc_column_text][\/vc_column][vc_column width=&#8221;3\/4&#8243;][vc_column_text]<\/p>\n<p class=\"p1\">Marida bien con todo tipo de carnes rojas, ideal si es de caza y perfecto compa\u00f1ero de quedos curados.<\/p>\n<p class=\"p1\">Consumir a 17-19 \u00baC.<\/p>\n<p>[\/vc_column_text][\/vc_column][\/vc_row]<\/p>\n<\/div>","protected":false},"excerpt":{"rendered":"<blockquote>\n<h3>Seriosidad y complejidad<\/h3>\n<\/blockquote>\n","protected":false},"featured_media":498,"template":"","meta":[],"product_brand":[],"product_cat":[36],"product_tag":[],"class_list":{"0":"post-646","1":"product","2":"type-product","3":"status-publish","4":"has-post-thumbnail","6":"product_cat-vinos","8":"first","9":"instock","10":"sale","11":"shipping-taxable","12":"purchasable","13":"product-type-simple"},"yoast_head":"<!-- This site is optimized with the Yoast SEO plugin v27.4 - https:\/\/yoast.com\/product\/yoast-seo-wordpress\/ -->\n<title>Vino Tinto Crianza - Canals Nadal<\/title>\n<meta name=\"description\" content=\"Canals Nadal Vino Tinto Crianza. 50% Cabernet sauvignon, 30% Merlot, 10% Tempranillo y 10% Garnatxa tinta. Fruta madura y bajobosque (trufa)\" \/>\n<meta name=\"robots\" content=\"index, follow, max-snippet:-1, max-image-preview:large, max-video-preview:-1\" \/>\n<link rel=\"canonical\" href=\"https:\/\/www.canalsnadal.com\/producte\/vi-negre-crianca\/\" \/>\n<meta property=\"og:locale\" content=\"es_ES\" \/>\n<meta property=\"og:type\" content=\"article\" \/>\n<meta property=\"og:title\" content=\"Vino Tinto Crianza - Canals Nadal\" \/>\n<meta property=\"og:description\" content=\"Canals Nadal Vino Tinto Crianza. 50% Cabernet sauvignon, 30% Merlot, 10% Tempranillo y 10% Garnatxa tinta. Fruta madura y bajobosque (trufa)\" \/>\n<meta property=\"og:url\" content=\"https:\/\/www.canalsnadal.com\/producte\/vi-negre-crianca\/\" \/>\n<meta property=\"og:site_name\" content=\"Canals Nadal\" \/>\n<meta property=\"article:publisher\" content=\"https:\/\/ca-es.facebook.com\/canalsnadal\/\" \/>\n<meta property=\"article:modified_time\" content=\"2024-03-09T16:39:03+00:00\" \/>\n<meta property=\"og:image\" content=\"https:\/\/www.canalsnadal.com\/wp-content\/uploads\/2020\/10\/Ampolla-Antoni-Canals-Negre-Crianc\u0327a-scaled.jpg\" \/>\n\t<meta property=\"og:image:width\" content=\"1820\" \/>\n\t<meta property=\"og:image:height\" content=\"2560\" \/>\n\t<meta property=\"og:image:type\" content=\"image\/jpeg\" \/>\n<meta name=\"twitter:card\" content=\"summary_large_image\" \/>\n<meta name=\"twitter:site\" content=\"@canalsnadal\" \/>\n<meta name=\"twitter:label1\" content=\"Tiempo de lectura\" \/>\n\t<meta name=\"twitter:data1\" content=\"2 minutos\" \/>\n<script type=\"application\/ld+json\" class=\"yoast-schema-graph\">{\"@context\":\"https:\\\/\\\/schema.org\",\"@graph\":[{\"@type\":\"WebPage\",\"@id\":\"https:\\\/\\\/www.canalsnadal.com\\\/producte\\\/vi-negre-crianca\\\/\",\"url\":\"https:\\\/\\\/www.canalsnadal.com\\\/producte\\\/vi-negre-crianca\\\/\",\"name\":\"Vino Tinto Crianza - Canals Nadal\",\"isPartOf\":{\"@id\":\"https:\\\/\\\/www.canalsnadal.com\\\/#website\"},\"primaryImageOfPage\":{\"@id\":\"https:\\\/\\\/www.canalsnadal.com\\\/producte\\\/vi-negre-crianca\\\/#primaryimage\"},\"image\":{\"@id\":\"https:\\\/\\\/www.canalsnadal.com\\\/producte\\\/vi-negre-crianca\\\/#primaryimage\"},\"thumbnailUrl\":\"https:\\\/\\\/www.canalsnadal.com\\\/wp-content\\\/uploads\\\/2020\\\/10\\\/Ampolla-Antoni-Canals-Negre-Crianc\u0327a-scaled.jpg\",\"datePublished\":\"2020-10-24T17:14:25+00:00\",\"dateModified\":\"2024-03-09T16:39:03+00:00\",\"description\":\"Canals Nadal Vino Tinto Crianza. 50% Cabernet sauvignon, 30% Merlot, 10% Tempranillo y 10% Garnatxa tinta. Fruta madura y bajobosque (trufa)\",\"breadcrumb\":{\"@id\":\"https:\\\/\\\/www.canalsnadal.com\\\/producte\\\/vi-negre-crianca\\\/#breadcrumb\"},\"inLanguage\":\"es\",\"potentialAction\":[{\"@type\":\"ReadAction\",\"target\":[\"https:\\\/\\\/www.canalsnadal.com\\\/producte\\\/vi-negre-crianca\\\/\"]}]},{\"@type\":\"ImageObject\",\"inLanguage\":\"es\",\"@id\":\"https:\\\/\\\/www.canalsnadal.com\\\/producte\\\/vi-negre-crianca\\\/#primaryimage\",\"url\":\"https:\\\/\\\/www.canalsnadal.com\\\/wp-content\\\/uploads\\\/2020\\\/10\\\/Ampolla-Antoni-Canals-Negre-Crianc\u0327a-scaled.jpg\",\"contentUrl\":\"https:\\\/\\\/www.canalsnadal.com\\\/wp-content\\\/uploads\\\/2020\\\/10\\\/Ampolla-Antoni-Canals-Negre-Crianc\u0327a-scaled.jpg\",\"width\":1820,\"height\":2560,\"caption\":\"Botella Canals Nadal Vi Negre Crianza\"},{\"@type\":\"BreadcrumbList\",\"@id\":\"https:\\\/\\\/www.canalsnadal.com\\\/producte\\\/vi-negre-crianca\\\/#breadcrumb\",\"itemListElement\":[{\"@type\":\"ListItem\",\"position\":1,\"name\":\"Canals Nadal\",\"item\":\"https:\\\/\\\/www.canalsnadal.com\\\/es\\\/\"},{\"@type\":\"ListItem\",\"position\":2,\"name\":\"Botiga\",\"item\":\"https:\\\/\\\/www.canalsnadal.com\\\/botiga\\\/\"},{\"@type\":\"ListItem\",\"position\":3,\"name\":\"Vino Tinto Crianza\"}]},{\"@type\":\"WebSite\",\"@id\":\"https:\\\/\\\/www.canalsnadal.com\\\/#website\",\"url\":\"https:\\\/\\\/www.canalsnadal.com\\\/\",\"name\":\"Canals Nadal\",\"description\":\"Caves Canals Nadal\",\"publisher\":{\"@id\":\"https:\\\/\\\/www.canalsnadal.com\\\/#organization\"},\"potentialAction\":[{\"@type\":\"SearchAction\",\"target\":{\"@type\":\"EntryPoint\",\"urlTemplate\":\"https:\\\/\\\/www.canalsnadal.com\\\/?s={search_term_string}\"},\"query-input\":{\"@type\":\"PropertyValueSpecification\",\"valueRequired\":true,\"valueName\":\"search_term_string\"}}],\"inLanguage\":\"es\"},{\"@type\":\"Organization\",\"@id\":\"https:\\\/\\\/www.canalsnadal.com\\\/#organization\",\"name\":\"Canals Nadal\",\"url\":\"https:\\\/\\\/www.canalsnadal.com\\\/\",\"logo\":{\"@type\":\"ImageObject\",\"inLanguage\":\"es\",\"@id\":\"https:\\\/\\\/www.canalsnadal.com\\\/#\\\/schema\\\/logo\\\/image\\\/\",\"url\":\"https:\\\/\\\/www.canalsnadal.com\\\/wp-content\\\/uploads\\\/2020\\\/07\\\/Canals-Nadal-logo-web-min.png\",\"contentUrl\":\"https:\\\/\\\/www.canalsnadal.com\\\/wp-content\\\/uploads\\\/2020\\\/07\\\/Canals-Nadal-logo-web-min.png\",\"width\":332,\"height\":130,\"caption\":\"Canals Nadal\"},\"image\":{\"@id\":\"https:\\\/\\\/www.canalsnadal.com\\\/#\\\/schema\\\/logo\\\/image\\\/\"},\"sameAs\":[\"https:\\\/\\\/ca-es.facebook.com\\\/canalsnadal\\\/\",\"https:\\\/\\\/x.com\\\/canalsnadal\",\"https:\\\/\\\/www.instagram.com\\\/canals_nadal\\\/\"]}]}<\/script>\n<!-- \/ Yoast SEO plugin. -->","yoast_head_json":{"title":"Vino Tinto Crianza - Canals Nadal","description":"Canals Nadal Vino Tinto Crianza. 50% Cabernet sauvignon, 30% Merlot, 10% Tempranillo y 10% Garnatxa tinta. Fruta madura y bajobosque (trufa)","robots":{"index":"index","follow":"follow","max-snippet":"max-snippet:-1","max-image-preview":"max-image-preview:large","max-video-preview":"max-video-preview:-1"},"canonical":"https:\/\/www.canalsnadal.com\/producte\/vi-negre-crianca\/","og_locale":"es_ES","og_type":"article","og_title":"Vino Tinto Crianza - Canals Nadal","og_description":"Canals Nadal Vino Tinto Crianza. 50% Cabernet sauvignon, 30% Merlot, 10% Tempranillo y 10% Garnatxa tinta. Fruta madura y bajobosque (trufa)","og_url":"https:\/\/www.canalsnadal.com\/producte\/vi-negre-crianca\/","og_site_name":"Canals Nadal","article_publisher":"https:\/\/ca-es.facebook.com\/canalsnadal\/","article_modified_time":"2024-03-09T16:39:03+00:00","og_image":[{"width":1820,"height":2560,"url":"https:\/\/www.canalsnadal.com\/wp-content\/uploads\/2020\/10\/Ampolla-Antoni-Canals-Negre-Crianc\u0327a-scaled.jpg","type":"image\/jpeg"}],"twitter_card":"summary_large_image","twitter_site":"@canalsnadal","twitter_misc":{"Tiempo de lectura":"2 minutos"},"schema":{"@context":"https:\/\/schema.org","@graph":[{"@type":"WebPage","@id":"https:\/\/www.canalsnadal.com\/producte\/vi-negre-crianca\/","url":"https:\/\/www.canalsnadal.com\/producte\/vi-negre-crianca\/","name":"Vino Tinto Crianza - Canals Nadal","isPartOf":{"@id":"https:\/\/www.canalsnadal.com\/#website"},"primaryImageOfPage":{"@id":"https:\/\/www.canalsnadal.com\/producte\/vi-negre-crianca\/#primaryimage"},"image":{"@id":"https:\/\/www.canalsnadal.com\/producte\/vi-negre-crianca\/#primaryimage"},"thumbnailUrl":"https:\/\/www.canalsnadal.com\/wp-content\/uploads\/2020\/10\/Ampolla-Antoni-Canals-Negre-Crianc\u0327a-scaled.jpg","datePublished":"2020-10-24T17:14:25+00:00","dateModified":"2024-03-09T16:39:03+00:00","description":"Canals Nadal Vino Tinto Crianza. 50% Cabernet sauvignon, 30% Merlot, 10% Tempranillo y 10% Garnatxa tinta. Fruta madura y bajobosque (trufa)","breadcrumb":{"@id":"https:\/\/www.canalsnadal.com\/producte\/vi-negre-crianca\/#breadcrumb"},"inLanguage":"es","potentialAction":[{"@type":"ReadAction","target":["https:\/\/www.canalsnadal.com\/producte\/vi-negre-crianca\/"]}]},{"@type":"ImageObject","inLanguage":"es","@id":"https:\/\/www.canalsnadal.com\/producte\/vi-negre-crianca\/#primaryimage","url":"https:\/\/www.canalsnadal.com\/wp-content\/uploads\/2020\/10\/Ampolla-Antoni-Canals-Negre-Crianc\u0327a-scaled.jpg","contentUrl":"https:\/\/www.canalsnadal.com\/wp-content\/uploads\/2020\/10\/Ampolla-Antoni-Canals-Negre-Crianc\u0327a-scaled.jpg","width":1820,"height":2560,"caption":"Botella Canals Nadal Vi Negre Crianza"},{"@type":"BreadcrumbList","@id":"https:\/\/www.canalsnadal.com\/producte\/vi-negre-crianca\/#breadcrumb","itemListElement":[{"@type":"ListItem","position":1,"name":"Canals Nadal","item":"https:\/\/www.canalsnadal.com\/es\/"},{"@type":"ListItem","position":2,"name":"Botiga","item":"https:\/\/www.canalsnadal.com\/botiga\/"},{"@type":"ListItem","position":3,"name":"Vino Tinto Crianza"}]},{"@type":"WebSite","@id":"https:\/\/www.canalsnadal.com\/#website","url":"https:\/\/www.canalsnadal.com\/","name":"Canals Nadal","description":"Caves Canals Nadal","publisher":{"@id":"https:\/\/www.canalsnadal.com\/#organization"},"potentialAction":[{"@type":"SearchAction","target":{"@type":"EntryPoint","urlTemplate":"https:\/\/www.canalsnadal.com\/?s={search_term_string}"},"query-input":{"@type":"PropertyValueSpecification","valueRequired":true,"valueName":"search_term_string"}}],"inLanguage":"es"},{"@type":"Organization","@id":"https:\/\/www.canalsnadal.com\/#organization","name":"Canals Nadal","url":"https:\/\/www.canalsnadal.com\/","logo":{"@type":"ImageObject","inLanguage":"es","@id":"https:\/\/www.canalsnadal.com\/#\/schema\/logo\/image\/","url":"https:\/\/www.canalsnadal.com\/wp-content\/uploads\/2020\/07\/Canals-Nadal-logo-web-min.png","contentUrl":"https:\/\/www.canalsnadal.com\/wp-content\/uploads\/2020\/07\/Canals-Nadal-logo-web-min.png","width":332,"height":130,"caption":"Canals Nadal"},"image":{"@id":"https:\/\/www.canalsnadal.com\/#\/schema\/logo\/image\/"},"sameAs":["https:\/\/ca-es.facebook.com\/canalsnadal\/","https:\/\/x.com\/canalsnadal","https:\/\/www.instagram.com\/canals_nadal\/"]}]}},"_links":{"self":[{"href":"https:\/\/www.canalsnadal.com\/es\/wp-json\/wp\/v2\/product\/646","targetHints":{"allow":["GET"]}}],"collection":[{"href":"https:\/\/www.canalsnadal.com\/es\/wp-json\/wp\/v2\/product"}],"about":[{"href":"https:\/\/www.canalsnadal.com\/es\/wp-json\/wp\/v2\/types\/product"}],"wp:featuredmedia":[{"embeddable":true,"href":"https:\/\/www.canalsnadal.com\/es\/wp-json\/wp\/v2\/media\/498"}],"wp:attachment":[{"href":"https:\/\/www.canalsnadal.com\/es\/wp-json\/wp\/v2\/media?parent=646"}],"wp:term":[{"taxonomy":"product_brand","embeddable":true,"href":"https:\/\/www.canalsnadal.com\/es\/wp-json\/wp\/v2\/product_brand?post=646"},{"taxonomy":"product_cat","embeddable":true,"href":"https:\/\/www.canalsnadal.com\/es\/wp-json\/wp\/v2\/product_cat?post=646"},{"taxonomy":"product_tag","embeddable":true,"href":"https:\/\/www.canalsnadal.com\/es\/wp-json\/wp\/v2\/product_tag?post=646"}],"curies":[{"name":"wp","href":"https:\/\/api.w.org\/{rel}","templated":true}]}}