{"id":649,"date":"2020-10-17T23:20:45","date_gmt":"2020-10-24T17:40:41","guid":{"rendered":"https:\/\/www.canalsnadal.com\/producte\/cava-magnum-brut-nature-reserva\/"},"modified":"2023-12-09T19:39:49","modified_gmt":"2023-12-09T18:39:49","slug":"cava-magnum-brut-nature-reserva","status":"publish","type":"product","link":"https:\/\/www.canalsnadal.com\/es\/producte\/cava-magnum-brut-nature-reserva\/","title":{"rendered":"Cava Magnum Brut Nature Reserva"},"content":{"rendered":"<div class=\"wpb-content-wrapper\"><p>[vc_row][vc_column width=&#8221;1\/4&#8243;][vc_column_text]<strong>\ud83d\udd22 PRODUCCI\u00d3N<\/strong>[\/vc_column_text][\/vc_column][vc_column width=&#8221;3\/4&#8243;][vc_column_text]700 botellas aprox.[\/vc_column_text][\/vc_column][\/vc_row][vc_row][vc_column width=&#8221;1\/4&#8243;][vc_column_text]<strong>\ud83d\udcac ELABORACI\u00d3N<\/strong>[\/vc_column_text][\/vc_column][vc_column width=&#8221;3\/4&#8243;][vc_column_text]No se a\u00f1ade az\u00facar en el deg\u00fcelle.<\/p>\n<p>Formato: Magnum (1,5 L.) En este cava en formato magnum, el deg\u00fcelle, el embotrellado y el etiquetado, han sido realizados a mano. El formato magnum se caracteriza por una mayor frescura, superior a la botella de 75 cl. Ello es debido a la menor inercia del envejecimiento que otorga a este formato una aureola cualitativa bien fundamentada y que se refuerza con el aspecto imponente de una m\u00e0gnum en una mesa.[\/vc_column_text][\/vc_column][\/vc_row][vc_row][vc_column width=&#8221;1\/4&#8243;][vc_column_text]<strong>\ud83c\udf47VARIEDADES<\/strong>[\/vc_column_text][\/vc_column][vc_column width=&#8221;3\/4&#8243;][vc_column_text]45% Macabeu, 40% Xarel\u00b7lo, 15% Parellada[\/vc_column_text][\/vc_column][\/vc_row][vc_row][vc_column width=&#8221;1\/4&#8243;][vc_column_text]<strong>\u2139\ufe0f GRADO<br \/>\nALCOH\u00d3LICO<\/strong>[\/vc_column_text][\/vc_column][vc_column width=&#8221;3\/4&#8243;][vc_column_text]12,00 % vol.[\/vc_column_text][\/vc_column][\/vc_row][vc_row][vc_column width=&#8221;1\/4&#8243;][vc_column_text]<strong>\ud83d\udcc5 COSECHA<\/strong>[\/vc_column_text][\/vc_column][vc_column width=&#8221;3\/4&#8243;][vc_column_text]2020[\/vc_column_text][\/vc_column][\/vc_row][vc_row][vc_column width=&#8221;1\/4&#8243;][vc_column_text]<strong>\u231bCRIANZA<\/strong>[\/vc_column_text][\/vc_column][vc_column width=&#8221;3\/4&#8243;][vc_column_text]M\u00e1s de 30 meses.[\/vc_column_text][\/vc_column][\/vc_row][vc_row][vc_column width=&#8221;1\/4&#8243;][vc_column_text]<strong>\ud83d\ude0bCATA<\/strong>[\/vc_column_text][\/vc_column][vc_column width=&#8221;3\/4&#8243;][vc_column_text]Color amarillo paja, brillante. Los aromas cambiantes que van apareciendo en la copa evocan las frutas maduras y confitadas (manzana al horno, membrillo, melocot\u00f3n) con notas de crianza (pasteler\u00eda fina, vainilla). En boca es amplio y estructurado, con las peque\u00f1as burbujas explotando sobre la lengua. Final de boca elegante y distinguido.[\/vc_column_text][\/vc_column][\/vc_row][vc_row][vc_column width=&#8221;1\/4&#8243;][vc_column_text]<strong>\ud83c\udf7d\ufe0f MARIDAJE<\/strong>[\/vc_column_text][\/vc_column][vc_column width=&#8221;3\/4&#8243;][vc_column_text]Este es un cava ideal para seguir toda una comida.<br \/>\nConsumir a 7-9\u00baC[\/vc_column_text][\/vc_column][\/vc_row]<\/p>\n<\/div>","protected":false},"excerpt":{"rendered":"<blockquote>\n<h3>Calidad y franqueza<\/h3>\n<\/blockquote>\n","protected":false},"featured_media":1449,"template":"","meta":[],"product_brand":[],"product_cat":[38],"product_tag":[],"class_list":{"0":"post-649","1":"product","2":"type-product","3":"status-publish","4":"has-post-thumbnail","6":"product_cat-cavas","8":"first","9":"instock","10":"sale","11":"shipping-taxable","12":"purchasable","13":"product-type-simple"},"yoast_head":"<!-- This site is optimized with the Yoast SEO plugin v27.3 - https:\/\/yoast.com\/product\/yoast-seo-wordpress\/ -->\n<title>Cava Magnum Brut Nature Reserva - Canals Nadal<\/title>\n<meta name=\"description\" content=\"Canals Nadal Cava Magnum Brut Nature Reserva. Calidad y franqueza. Formato: Magnum (1,5 L.) Embotellado, deg\u00fcelle y etiquetado a mano.\" \/>\n<meta name=\"robots\" content=\"index, follow, max-snippet:-1, max-image-preview:large, max-video-preview:-1\" \/>\n<link rel=\"canonical\" href=\"https:\/\/www.canalsnadal.com\/producto\/cava-magnum-brut-nature-reserva\/\" \/>\n<meta property=\"og:locale\" content=\"es_ES\" \/>\n<meta property=\"og:type\" content=\"article\" \/>\n<meta property=\"og:title\" content=\"Cava Magnum Brut Nature Reserva - Canals Nadal\" \/>\n<meta property=\"og:description\" content=\"Canals Nadal Cava Magnum Brut Nature Reserva. Calidad y franqueza. Formato: Magnum (1,5 L.) Embotellado, deg\u00fcelle y etiquetado a mano.\" \/>\n<meta property=\"og:url\" content=\"https:\/\/www.canalsnadal.com\/producto\/cava-magnum-brut-nature-reserva\/\" \/>\n<meta property=\"og:site_name\" content=\"Canals Nadal\" \/>\n<meta property=\"article:publisher\" content=\"https:\/\/ca-es.facebook.com\/canalsnadal\/\" \/>\n<meta property=\"article:modified_time\" content=\"2023-12-09T18:39:49+00:00\" \/>\n<meta property=\"og:image\" content=\"https:\/\/www.canalsnadal.com\/wp-content\/uploads\/2020\/10\/Ampolla-Canals-Nadal-Brut-Nature-Reserva-1-scaled.jpg\" \/>\n\t<meta property=\"og:image:width\" content=\"1849\" \/>\n\t<meta property=\"og:image:height\" content=\"2560\" \/>\n\t<meta property=\"og:image:type\" content=\"image\/jpeg\" \/>\n<meta name=\"twitter:card\" content=\"summary_large_image\" \/>\n<meta name=\"twitter:site\" content=\"@canalsnadal\" \/>\n<meta name=\"twitter:label1\" content=\"Tiempo de lectura\" \/>\n\t<meta name=\"twitter:data1\" content=\"2 minutos\" \/>\n<script type=\"application\/ld+json\" class=\"yoast-schema-graph\">{\"@context\":\"https:\\\/\\\/schema.org\",\"@graph\":[{\"@type\":\"WebPage\",\"@id\":\"https:\\\/\\\/www.canalsnadal.com\\\/producto\\\/cava-magnum-brut-nature-reserva\\\/\",\"url\":\"https:\\\/\\\/www.canalsnadal.com\\\/producto\\\/cava-magnum-brut-nature-reserva\\\/\",\"name\":\"Cava Magnum Brut Nature Reserva - Canals Nadal\",\"isPartOf\":{\"@id\":\"https:\\\/\\\/www.canalsnadal.com\\\/#website\"},\"primaryImageOfPage\":{\"@id\":\"https:\\\/\\\/www.canalsnadal.com\\\/producto\\\/cava-magnum-brut-nature-reserva\\\/#primaryimage\"},\"image\":{\"@id\":\"https:\\\/\\\/www.canalsnadal.com\\\/producto\\\/cava-magnum-brut-nature-reserva\\\/#primaryimage\"},\"thumbnailUrl\":\"https:\\\/\\\/www.canalsnadal.com\\\/wp-content\\\/uploads\\\/2020\\\/10\\\/Ampolla-Canals-Nadal-Brut-Nature-Reserva-2-scaled.jpg\",\"datePublished\":\"2020-10-24T17:40:41+00:00\",\"dateModified\":\"2023-12-09T18:39:49+00:00\",\"description\":\"Canals Nadal Cava Magnum Brut Nature Reserva. Calidad y franqueza. Formato: Magnum (1,5 L.) Embotellado, deg\u00fcelle y etiquetado a mano.\",\"breadcrumb\":{\"@id\":\"https:\\\/\\\/www.canalsnadal.com\\\/producto\\\/cava-magnum-brut-nature-reserva\\\/#breadcrumb\"},\"inLanguage\":\"es\",\"potentialAction\":[{\"@type\":\"ReadAction\",\"target\":[\"https:\\\/\\\/www.canalsnadal.com\\\/producto\\\/cava-magnum-brut-nature-reserva\\\/\"]}]},{\"@type\":\"ImageObject\",\"inLanguage\":\"es\",\"@id\":\"https:\\\/\\\/www.canalsnadal.com\\\/producto\\\/cava-magnum-brut-nature-reserva\\\/#primaryimage\",\"url\":\"https:\\\/\\\/www.canalsnadal.com\\\/wp-content\\\/uploads\\\/2020\\\/10\\\/Ampolla-Canals-Nadal-Brut-Nature-Reserva-2-scaled.jpg\",\"contentUrl\":\"https:\\\/\\\/www.canalsnadal.com\\\/wp-content\\\/uploads\\\/2020\\\/10\\\/Ampolla-Canals-Nadal-Brut-Nature-Reserva-2-scaled.jpg\",\"width\":1280,\"height\":2560,\"caption\":\"Ampolla Canals Nadal Brut Nature Reserva\"},{\"@type\":\"BreadcrumbList\",\"@id\":\"https:\\\/\\\/www.canalsnadal.com\\\/producto\\\/cava-magnum-brut-nature-reserva\\\/#breadcrumb\",\"itemListElement\":[{\"@type\":\"ListItem\",\"position\":1,\"name\":\"Canals Nadal\",\"item\":\"https:\\\/\\\/www.canalsnadal.com\\\/es\\\/\"},{\"@type\":\"ListItem\",\"position\":2,\"name\":\"Botiga\",\"item\":\"https:\\\/\\\/www.canalsnadal.com\\\/botiga\\\/\"},{\"@type\":\"ListItem\",\"position\":3,\"name\":\"Cava Magnum Brut Nature Reserva\"}]},{\"@type\":\"WebSite\",\"@id\":\"https:\\\/\\\/www.canalsnadal.com\\\/#website\",\"url\":\"https:\\\/\\\/www.canalsnadal.com\\\/\",\"name\":\"Canals Nadal\",\"description\":\"Caves Canals Nadal\",\"publisher\":{\"@id\":\"https:\\\/\\\/www.canalsnadal.com\\\/#organization\"},\"potentialAction\":[{\"@type\":\"SearchAction\",\"target\":{\"@type\":\"EntryPoint\",\"urlTemplate\":\"https:\\\/\\\/www.canalsnadal.com\\\/?s={search_term_string}\"},\"query-input\":{\"@type\":\"PropertyValueSpecification\",\"valueRequired\":true,\"valueName\":\"search_term_string\"}}],\"inLanguage\":\"es\"},{\"@type\":\"Organization\",\"@id\":\"https:\\\/\\\/www.canalsnadal.com\\\/#organization\",\"name\":\"Canals Nadal\",\"url\":\"https:\\\/\\\/www.canalsnadal.com\\\/\",\"logo\":{\"@type\":\"ImageObject\",\"inLanguage\":\"es\",\"@id\":\"https:\\\/\\\/www.canalsnadal.com\\\/#\\\/schema\\\/logo\\\/image\\\/\",\"url\":\"https:\\\/\\\/www.canalsnadal.com\\\/wp-content\\\/uploads\\\/2020\\\/07\\\/Canals-Nadal-logo-web-min.png\",\"contentUrl\":\"https:\\\/\\\/www.canalsnadal.com\\\/wp-content\\\/uploads\\\/2020\\\/07\\\/Canals-Nadal-logo-web-min.png\",\"width\":332,\"height\":130,\"caption\":\"Canals Nadal\"},\"image\":{\"@id\":\"https:\\\/\\\/www.canalsnadal.com\\\/#\\\/schema\\\/logo\\\/image\\\/\"},\"sameAs\":[\"https:\\\/\\\/ca-es.facebook.com\\\/canalsnadal\\\/\",\"https:\\\/\\\/x.com\\\/canalsnadal\",\"https:\\\/\\\/www.instagram.com\\\/canals_nadal\\\/\"]}]}<\/script>\n<!-- \/ Yoast SEO plugin. -->","yoast_head_json":{"title":"Cava Magnum Brut Nature Reserva - Canals Nadal","description":"Canals Nadal Cava Magnum Brut Nature Reserva. Calidad y franqueza. Formato: Magnum (1,5 L.) Embotellado, deg\u00fcelle y etiquetado a mano.","robots":{"index":"index","follow":"follow","max-snippet":"max-snippet:-1","max-image-preview":"max-image-preview:large","max-video-preview":"max-video-preview:-1"},"canonical":"https:\/\/www.canalsnadal.com\/producto\/cava-magnum-brut-nature-reserva\/","og_locale":"es_ES","og_type":"article","og_title":"Cava Magnum Brut Nature Reserva - Canals Nadal","og_description":"Canals Nadal Cava Magnum Brut Nature Reserva. Calidad y franqueza. Formato: Magnum (1,5 L.) Embotellado, deg\u00fcelle y etiquetado a mano.","og_url":"https:\/\/www.canalsnadal.com\/producto\/cava-magnum-brut-nature-reserva\/","og_site_name":"Canals Nadal","article_publisher":"https:\/\/ca-es.facebook.com\/canalsnadal\/","article_modified_time":"2023-12-09T18:39:49+00:00","og_image":[{"width":1849,"height":2560,"url":"https:\/\/www.canalsnadal.com\/wp-content\/uploads\/2020\/10\/Ampolla-Canals-Nadal-Brut-Nature-Reserva-1-scaled.jpg","type":"image\/jpeg"}],"twitter_card":"summary_large_image","twitter_site":"@canalsnadal","twitter_misc":{"Tiempo de lectura":"2 minutos"},"schema":{"@context":"https:\/\/schema.org","@graph":[{"@type":"WebPage","@id":"https:\/\/www.canalsnadal.com\/producto\/cava-magnum-brut-nature-reserva\/","url":"https:\/\/www.canalsnadal.com\/producto\/cava-magnum-brut-nature-reserva\/","name":"Cava Magnum Brut Nature Reserva - Canals Nadal","isPartOf":{"@id":"https:\/\/www.canalsnadal.com\/#website"},"primaryImageOfPage":{"@id":"https:\/\/www.canalsnadal.com\/producto\/cava-magnum-brut-nature-reserva\/#primaryimage"},"image":{"@id":"https:\/\/www.canalsnadal.com\/producto\/cava-magnum-brut-nature-reserva\/#primaryimage"},"thumbnailUrl":"https:\/\/www.canalsnadal.com\/wp-content\/uploads\/2020\/10\/Ampolla-Canals-Nadal-Brut-Nature-Reserva-2-scaled.jpg","datePublished":"2020-10-24T17:40:41+00:00","dateModified":"2023-12-09T18:39:49+00:00","description":"Canals Nadal Cava Magnum Brut Nature Reserva. Calidad y franqueza. Formato: Magnum (1,5 L.) Embotellado, deg\u00fcelle y etiquetado a mano.","breadcrumb":{"@id":"https:\/\/www.canalsnadal.com\/producto\/cava-magnum-brut-nature-reserva\/#breadcrumb"},"inLanguage":"es","potentialAction":[{"@type":"ReadAction","target":["https:\/\/www.canalsnadal.com\/producto\/cava-magnum-brut-nature-reserva\/"]}]},{"@type":"ImageObject","inLanguage":"es","@id":"https:\/\/www.canalsnadal.com\/producto\/cava-magnum-brut-nature-reserva\/#primaryimage","url":"https:\/\/www.canalsnadal.com\/wp-content\/uploads\/2020\/10\/Ampolla-Canals-Nadal-Brut-Nature-Reserva-2-scaled.jpg","contentUrl":"https:\/\/www.canalsnadal.com\/wp-content\/uploads\/2020\/10\/Ampolla-Canals-Nadal-Brut-Nature-Reserva-2-scaled.jpg","width":1280,"height":2560,"caption":"Ampolla Canals Nadal Brut Nature Reserva"},{"@type":"BreadcrumbList","@id":"https:\/\/www.canalsnadal.com\/producto\/cava-magnum-brut-nature-reserva\/#breadcrumb","itemListElement":[{"@type":"ListItem","position":1,"name":"Canals Nadal","item":"https:\/\/www.canalsnadal.com\/es\/"},{"@type":"ListItem","position":2,"name":"Botiga","item":"https:\/\/www.canalsnadal.com\/botiga\/"},{"@type":"ListItem","position":3,"name":"Cava Magnum Brut Nature Reserva"}]},{"@type":"WebSite","@id":"https:\/\/www.canalsnadal.com\/#website","url":"https:\/\/www.canalsnadal.com\/","name":"Canals Nadal","description":"Caves Canals Nadal","publisher":{"@id":"https:\/\/www.canalsnadal.com\/#organization"},"potentialAction":[{"@type":"SearchAction","target":{"@type":"EntryPoint","urlTemplate":"https:\/\/www.canalsnadal.com\/?s={search_term_string}"},"query-input":{"@type":"PropertyValueSpecification","valueRequired":true,"valueName":"search_term_string"}}],"inLanguage":"es"},{"@type":"Organization","@id":"https:\/\/www.canalsnadal.com\/#organization","name":"Canals Nadal","url":"https:\/\/www.canalsnadal.com\/","logo":{"@type":"ImageObject","inLanguage":"es","@id":"https:\/\/www.canalsnadal.com\/#\/schema\/logo\/image\/","url":"https:\/\/www.canalsnadal.com\/wp-content\/uploads\/2020\/07\/Canals-Nadal-logo-web-min.png","contentUrl":"https:\/\/www.canalsnadal.com\/wp-content\/uploads\/2020\/07\/Canals-Nadal-logo-web-min.png","width":332,"height":130,"caption":"Canals Nadal"},"image":{"@id":"https:\/\/www.canalsnadal.com\/#\/schema\/logo\/image\/"},"sameAs":["https:\/\/ca-es.facebook.com\/canalsnadal\/","https:\/\/x.com\/canalsnadal","https:\/\/www.instagram.com\/canals_nadal\/"]}]}},"_links":{"self":[{"href":"https:\/\/www.canalsnadal.com\/es\/wp-json\/wp\/v2\/product\/649","targetHints":{"allow":["GET"]}}],"collection":[{"href":"https:\/\/www.canalsnadal.com\/es\/wp-json\/wp\/v2\/product"}],"about":[{"href":"https:\/\/www.canalsnadal.com\/es\/wp-json\/wp\/v2\/types\/product"}],"wp:featuredmedia":[{"embeddable":true,"href":"https:\/\/www.canalsnadal.com\/es\/wp-json\/wp\/v2\/media\/1449"}],"wp:attachment":[{"href":"https:\/\/www.canalsnadal.com\/es\/wp-json\/wp\/v2\/media?parent=649"}],"wp:term":[{"taxonomy":"product_brand","embeddable":true,"href":"https:\/\/www.canalsnadal.com\/es\/wp-json\/wp\/v2\/product_brand?post=649"},{"taxonomy":"product_cat","embeddable":true,"href":"https:\/\/www.canalsnadal.com\/es\/wp-json\/wp\/v2\/product_cat?post=649"},{"taxonomy":"product_tag","embeddable":true,"href":"https:\/\/www.canalsnadal.com\/es\/wp-json\/wp\/v2\/product_tag?post=649"}],"curies":[{"name":"wp","href":"https:\/\/api.w.org\/{rel}","templated":true}]}}