{"id":856,"date":"2020-11-21T18:55:03","date_gmt":"2020-11-21T17:55:04","guid":{"rendered":"https:\/\/www.canalsnadal.com\/?post_type=product&#038;p=856"},"modified":"2025-09-13T09:10:04","modified_gmt":"2025-09-13T08:10:04","slug":"cava-antoni-canals-gran-reserva","status":"publish","type":"product","link":"https:\/\/www.canalsnadal.com\/es\/producte\/cava-antoni-canals-gran-reserva\/","title":{"rendered":"Cava Antoni Canals Gran Reserva"},"content":{"rendered":"<div class=\"wpb-content-wrapper\"><p>[vc_row][vc_column width=&#8221;1\/4&#8243;][vc_column_text]<strong>\ud83d\udd22 PRODUCCI\u00d3N<\/strong>[\/vc_column_text][\/vc_column][vc_column width=&#8221;3\/4&#8243;][vc_column_text]500 botellas aprox.[\/vc_column_text][\/vc_column][\/vc_row][vc_row][vc_column width=&#8221;1\/4&#8243;][vc_column_text]<strong>\ud83d\udcac ELABORACI\u00d3N<\/strong>[\/vc_column_text][\/vc_column][vc_column width=&#8221;3\/4&#8243;][vc_column_text]<\/p>\n<p class=\"p1\">Este cava nace fruto del estudio de la capacidad del envejecimiento de los grandes reservas gracias a las mejoras en la elaboraci\u00f3n de nuestros cavas.<\/p>\n<p class=\"p1\">No se a\u00f1ade az\u00facar en el licor de expedici\u00f3<span class=\"Apple-converted-space\">n<\/span> en el deg\u00fcelle.<\/p>\n<p>[\/vc_column_text][\/vc_column][\/vc_row][vc_row][vc_column width=&#8221;1\/4&#8243;][vc_column_text]<strong>\ud83c\udf47VARIEDADES<\/strong>[\/vc_column_text][\/vc_column][vc_column width=&#8221;3\/4&#8243;][vc_column_text]<\/p>\n<p class=\"p1\">50% Xarel\u00b7lo, 40% Macabeu, 10% Parellada<\/p>\n<p>[\/vc_column_text][\/vc_column][\/vc_row][vc_row][vc_column width=&#8221;1\/4&#8243;][vc_column_text]<strong>\u2139\ufe0f GRADO<br \/>\nALCOH\u00d3LICO<\/strong>[\/vc_column_text][\/vc_column][vc_column width=&#8221;3\/4&#8243;][vc_column_text]12,00 % vol.[\/vc_column_text][\/vc_column][\/vc_row][vc_row][vc_column width=&#8221;1\/4&#8243;][vc_column_text]<strong>\ud83d\udcc5 COSECHA<\/strong>[\/vc_column_text][\/vc_column][vc_column width=&#8221;3\/4&#8243;][vc_column_text css=&#8221;&#8221;]2015[\/vc_column_text][\/vc_column][\/vc_row][vc_row][vc_column width=&#8221;1\/4&#8243;][vc_column_text]<strong>\u231bCRIANZA<\/strong>[\/vc_column_text][\/vc_column][vc_column width=&#8221;3\/4&#8243;][vc_column_text]82 meses.[\/vc_column_text][\/vc_column][\/vc_row][vc_row][vc_column width=&#8221;1\/4&#8243;][vc_column_text]<strong>\ud83d\ude0bCATA<\/strong>[\/vc_column_text][\/vc_column][vc_column width=&#8221;3\/4&#8243;][vc_column_text]<\/p>\n<p class=\"p1\">A pesar de contar con 82 meses de crianza, en este vino obtenemos un color amarillo paja, sin percibir en \u00e9ste nada de fatiga, que augura una evoluci\u00f3n aun larga post deg\u00fcelle.<\/p>\n<p class=\"p1\">En nariz es un cava de gran complejidad,con caracter especiado inicial, evoluci\u00f3n hacia recuerdos de pasteleria que finaliza con notas de frutas confitadas, manzana al horno y melocot\u00f3n en alm\u00edbar que delicadamente envuelve este cupaje con un 50% Xarel\u00b7lo, 40% Macabeu, 10% Parellada.<\/p>\n<p class=\"p1\">En boca sorprende la frescor y la ligereza del vino, mostrando una gran madurez. Las burbujas dan una textura suave sobre la lengua que integra el conjunto. El final es largo, cremoso y repite de manera sutil las evocaciones a frutas en compota<\/p>\n<p>[\/vc_column_text][\/vc_column][\/vc_row][vc_row][vc_column width=&#8221;1\/4&#8243;][vc_column_text]<strong>\ud83c\udf7d\ufe0f MARIDAJE<\/strong>[\/vc_column_text][\/vc_column][vc_column width=&#8221;3\/4&#8243;][vc_column_text]<\/p>\n<p class=\"p1\">Maridaje con foie con mermelada de manzana y sal gorda.<\/p>\n<p class=\"p1\">Consumir entre 8 &#8211; 10 \u00baC<\/p>\n<p>[\/vc_column_text][\/vc_column][\/vc_row]<\/p>\n<\/div>","protected":false},"excerpt":{"rendered":"<blockquote>\n<h3>Cosecha singular<\/h3>\n<\/blockquote>\n","protected":false},"featured_media":862,"template":"","meta":[],"product_brand":[],"product_cat":[38],"product_tag":[],"class_list":{"0":"post-856","1":"product","2":"type-product","3":"status-publish","4":"has-post-thumbnail","6":"product_cat-cavas","8":"first","9":"instock","10":"sale","11":"shipping-taxable","12":"purchasable","13":"product-type-simple"},"yoast_head":"<!-- This site is optimized with the Yoast SEO plugin v27.4 - https:\/\/yoast.com\/product\/yoast-seo-wordpress\/ -->\n<title>Cava Antoni Canals Gran Reserva - Canals Nadal<\/title>\n<meta name=\"description\" content=\"Canals Nadal Cava Antoni Canals Gran Reserva Cosecha 2013. 82 meses de crianza. Producci\u00f3n limitada a 500 botellas. 50% Xarel\u00b7lo, 40% Macabeu, 10% Parellada\" \/>\n<meta name=\"robots\" content=\"index, follow, max-snippet:-1, max-image-preview:large, max-video-preview:-1\" \/>\n<link rel=\"canonical\" href=\"https:\/\/www.canalsnadal.com\/es\/producte\/cava-antoni-canals-gran-reserva\/\" \/>\n<meta property=\"og:locale\" content=\"es_ES\" \/>\n<meta property=\"og:type\" content=\"article\" \/>\n<meta property=\"og:title\" content=\"Cava Antoni Canals Gran Reserva - Canals Nadal\" \/>\n<meta property=\"og:description\" content=\"Canals Nadal Cava Antoni Canals Gran Reserva Cosecha 2013. 82 meses de crianza. Producci\u00f3n limitada a 500 botellas. 50% Xarel\u00b7lo, 40% Macabeu, 10% Parellada\" \/>\n<meta property=\"og:url\" content=\"https:\/\/www.canalsnadal.com\/es\/producte\/cava-antoni-canals-gran-reserva\/\" \/>\n<meta property=\"og:site_name\" content=\"Canals Nadal\" \/>\n<meta property=\"article:publisher\" content=\"https:\/\/ca-es.facebook.com\/canalsnadal\/\" \/>\n<meta property=\"article:modified_time\" content=\"2025-09-13T08:10:04+00:00\" \/>\n<meta property=\"og:image\" content=\"https:\/\/www.canalsnadal.com\/wp-content\/uploads\/2020\/11\/Cava-Antoni-Canals-Gran-Reserva-Collita-2013-1-scaled.jpg\" \/>\n\t<meta property=\"og:image:width\" content=\"1849\" \/>\n\t<meta property=\"og:image:height\" content=\"2560\" \/>\n\t<meta property=\"og:image:type\" content=\"image\/jpeg\" \/>\n<meta name=\"twitter:card\" content=\"summary_large_image\" \/>\n<meta name=\"twitter:site\" content=\"@canalsnadal\" \/>\n<meta name=\"twitter:label1\" content=\"Tiempo de lectura\" \/>\n\t<meta name=\"twitter:data1\" content=\"2 minutos\" \/>\n<script type=\"application\/ld+json\" class=\"yoast-schema-graph\">{\"@context\":\"https:\\\/\\\/schema.org\",\"@graph\":[{\"@type\":\"WebPage\",\"@id\":\"https:\\\/\\\/www.canalsnadal.com\\\/es\\\/producte\\\/cava-antoni-canals-gran-reserva\\\/\",\"url\":\"https:\\\/\\\/www.canalsnadal.com\\\/es\\\/producte\\\/cava-antoni-canals-gran-reserva\\\/\",\"name\":\"Cava Antoni Canals Gran Reserva - Canals Nadal\",\"isPartOf\":{\"@id\":\"https:\\\/\\\/www.canalsnadal.com\\\/#website\"},\"primaryImageOfPage\":{\"@id\":\"https:\\\/\\\/www.canalsnadal.com\\\/es\\\/producte\\\/cava-antoni-canals-gran-reserva\\\/#primaryimage\"},\"image\":{\"@id\":\"https:\\\/\\\/www.canalsnadal.com\\\/es\\\/producte\\\/cava-antoni-canals-gran-reserva\\\/#primaryimage\"},\"thumbnailUrl\":\"https:\\\/\\\/www.canalsnadal.com\\\/wp-content\\\/uploads\\\/2020\\\/11\\\/Cava-Antoni-Canals-Gran-Reserva-Collita-2013-1-scaled.jpg\",\"datePublished\":\"2020-11-21T17:55:04+00:00\",\"dateModified\":\"2025-09-13T08:10:04+00:00\",\"description\":\"Canals Nadal Cava Antoni Canals Gran Reserva Cosecha 2013. 82 meses de crianza. Producci\u00f3n limitada a 500 botellas. 50% Xarel\u00b7lo, 40% Macabeu, 10% Parellada\",\"breadcrumb\":{\"@id\":\"https:\\\/\\\/www.canalsnadal.com\\\/es\\\/producte\\\/cava-antoni-canals-gran-reserva\\\/#breadcrumb\"},\"inLanguage\":\"es\",\"potentialAction\":[{\"@type\":\"ReadAction\",\"target\":[\"https:\\\/\\\/www.canalsnadal.com\\\/es\\\/producte\\\/cava-antoni-canals-gran-reserva\\\/\"]}]},{\"@type\":\"ImageObject\",\"inLanguage\":\"es\",\"@id\":\"https:\\\/\\\/www.canalsnadal.com\\\/es\\\/producte\\\/cava-antoni-canals-gran-reserva\\\/#primaryimage\",\"url\":\"https:\\\/\\\/www.canalsnadal.com\\\/wp-content\\\/uploads\\\/2020\\\/11\\\/Cava-Antoni-Canals-Gran-Reserva-Collita-2013-1-scaled.jpg\",\"contentUrl\":\"https:\\\/\\\/www.canalsnadal.com\\\/wp-content\\\/uploads\\\/2020\\\/11\\\/Cava-Antoni-Canals-Gran-Reserva-Collita-2013-1-scaled.jpg\",\"width\":1849,\"height\":2560,\"caption\":\"Botella Cava Antoni Canals Gran Reserva Cosecha 2015\"},{\"@type\":\"BreadcrumbList\",\"@id\":\"https:\\\/\\\/www.canalsnadal.com\\\/es\\\/producte\\\/cava-antoni-canals-gran-reserva\\\/#breadcrumb\",\"itemListElement\":[{\"@type\":\"ListItem\",\"position\":1,\"name\":\"Canals Nadal\",\"item\":\"https:\\\/\\\/www.canalsnadal.com\\\/es\\\/\"},{\"@type\":\"ListItem\",\"position\":2,\"name\":\"Botiga\",\"item\":\"https:\\\/\\\/www.canalsnadal.com\\\/botiga\\\/\"},{\"@type\":\"ListItem\",\"position\":3,\"name\":\"Cava Antoni Canals Gran Reserva\"}]},{\"@type\":\"WebSite\",\"@id\":\"https:\\\/\\\/www.canalsnadal.com\\\/#website\",\"url\":\"https:\\\/\\\/www.canalsnadal.com\\\/\",\"name\":\"Canals Nadal\",\"description\":\"Caves Canals Nadal\",\"publisher\":{\"@id\":\"https:\\\/\\\/www.canalsnadal.com\\\/#organization\"},\"potentialAction\":[{\"@type\":\"SearchAction\",\"target\":{\"@type\":\"EntryPoint\",\"urlTemplate\":\"https:\\\/\\\/www.canalsnadal.com\\\/?s={search_term_string}\"},\"query-input\":{\"@type\":\"PropertyValueSpecification\",\"valueRequired\":true,\"valueName\":\"search_term_string\"}}],\"inLanguage\":\"es\"},{\"@type\":\"Organization\",\"@id\":\"https:\\\/\\\/www.canalsnadal.com\\\/#organization\",\"name\":\"Canals Nadal\",\"url\":\"https:\\\/\\\/www.canalsnadal.com\\\/\",\"logo\":{\"@type\":\"ImageObject\",\"inLanguage\":\"es\",\"@id\":\"https:\\\/\\\/www.canalsnadal.com\\\/#\\\/schema\\\/logo\\\/image\\\/\",\"url\":\"https:\\\/\\\/www.canalsnadal.com\\\/wp-content\\\/uploads\\\/2020\\\/07\\\/Canals-Nadal-logo-web-min.png\",\"contentUrl\":\"https:\\\/\\\/www.canalsnadal.com\\\/wp-content\\\/uploads\\\/2020\\\/07\\\/Canals-Nadal-logo-web-min.png\",\"width\":332,\"height\":130,\"caption\":\"Canals Nadal\"},\"image\":{\"@id\":\"https:\\\/\\\/www.canalsnadal.com\\\/#\\\/schema\\\/logo\\\/image\\\/\"},\"sameAs\":[\"https:\\\/\\\/ca-es.facebook.com\\\/canalsnadal\\\/\",\"https:\\\/\\\/x.com\\\/canalsnadal\",\"https:\\\/\\\/www.instagram.com\\\/canals_nadal\\\/\"]}]}<\/script>\n<!-- \/ Yoast SEO plugin. -->","yoast_head_json":{"title":"Cava Antoni Canals Gran Reserva - Canals Nadal","description":"Canals Nadal Cava Antoni Canals Gran Reserva Cosecha 2013. 82 meses de crianza. Producci\u00f3n limitada a 500 botellas. 50% Xarel\u00b7lo, 40% Macabeu, 10% Parellada","robots":{"index":"index","follow":"follow","max-snippet":"max-snippet:-1","max-image-preview":"max-image-preview:large","max-video-preview":"max-video-preview:-1"},"canonical":"https:\/\/www.canalsnadal.com\/es\/producte\/cava-antoni-canals-gran-reserva\/","og_locale":"es_ES","og_type":"article","og_title":"Cava Antoni Canals Gran Reserva - Canals Nadal","og_description":"Canals Nadal Cava Antoni Canals Gran Reserva Cosecha 2013. 82 meses de crianza. Producci\u00f3n limitada a 500 botellas. 50% Xarel\u00b7lo, 40% Macabeu, 10% Parellada","og_url":"https:\/\/www.canalsnadal.com\/es\/producte\/cava-antoni-canals-gran-reserva\/","og_site_name":"Canals Nadal","article_publisher":"https:\/\/ca-es.facebook.com\/canalsnadal\/","article_modified_time":"2025-09-13T08:10:04+00:00","og_image":[{"width":1849,"height":2560,"url":"https:\/\/www.canalsnadal.com\/wp-content\/uploads\/2020\/11\/Cava-Antoni-Canals-Gran-Reserva-Collita-2013-1-scaled.jpg","type":"image\/jpeg"}],"twitter_card":"summary_large_image","twitter_site":"@canalsnadal","twitter_misc":{"Tiempo de lectura":"2 minutos"},"schema":{"@context":"https:\/\/schema.org","@graph":[{"@type":"WebPage","@id":"https:\/\/www.canalsnadal.com\/es\/producte\/cava-antoni-canals-gran-reserva\/","url":"https:\/\/www.canalsnadal.com\/es\/producte\/cava-antoni-canals-gran-reserva\/","name":"Cava Antoni Canals Gran Reserva - Canals Nadal","isPartOf":{"@id":"https:\/\/www.canalsnadal.com\/#website"},"primaryImageOfPage":{"@id":"https:\/\/www.canalsnadal.com\/es\/producte\/cava-antoni-canals-gran-reserva\/#primaryimage"},"image":{"@id":"https:\/\/www.canalsnadal.com\/es\/producte\/cava-antoni-canals-gran-reserva\/#primaryimage"},"thumbnailUrl":"https:\/\/www.canalsnadal.com\/wp-content\/uploads\/2020\/11\/Cava-Antoni-Canals-Gran-Reserva-Collita-2013-1-scaled.jpg","datePublished":"2020-11-21T17:55:04+00:00","dateModified":"2025-09-13T08:10:04+00:00","description":"Canals Nadal Cava Antoni Canals Gran Reserva Cosecha 2013. 82 meses de crianza. Producci\u00f3n limitada a 500 botellas. 50% Xarel\u00b7lo, 40% Macabeu, 10% Parellada","breadcrumb":{"@id":"https:\/\/www.canalsnadal.com\/es\/producte\/cava-antoni-canals-gran-reserva\/#breadcrumb"},"inLanguage":"es","potentialAction":[{"@type":"ReadAction","target":["https:\/\/www.canalsnadal.com\/es\/producte\/cava-antoni-canals-gran-reserva\/"]}]},{"@type":"ImageObject","inLanguage":"es","@id":"https:\/\/www.canalsnadal.com\/es\/producte\/cava-antoni-canals-gran-reserva\/#primaryimage","url":"https:\/\/www.canalsnadal.com\/wp-content\/uploads\/2020\/11\/Cava-Antoni-Canals-Gran-Reserva-Collita-2013-1-scaled.jpg","contentUrl":"https:\/\/www.canalsnadal.com\/wp-content\/uploads\/2020\/11\/Cava-Antoni-Canals-Gran-Reserva-Collita-2013-1-scaled.jpg","width":1849,"height":2560,"caption":"Botella Cava Antoni Canals Gran Reserva Cosecha 2015"},{"@type":"BreadcrumbList","@id":"https:\/\/www.canalsnadal.com\/es\/producte\/cava-antoni-canals-gran-reserva\/#breadcrumb","itemListElement":[{"@type":"ListItem","position":1,"name":"Canals Nadal","item":"https:\/\/www.canalsnadal.com\/es\/"},{"@type":"ListItem","position":2,"name":"Botiga","item":"https:\/\/www.canalsnadal.com\/botiga\/"},{"@type":"ListItem","position":3,"name":"Cava Antoni Canals Gran Reserva"}]},{"@type":"WebSite","@id":"https:\/\/www.canalsnadal.com\/#website","url":"https:\/\/www.canalsnadal.com\/","name":"Canals Nadal","description":"Caves Canals Nadal","publisher":{"@id":"https:\/\/www.canalsnadal.com\/#organization"},"potentialAction":[{"@type":"SearchAction","target":{"@type":"EntryPoint","urlTemplate":"https:\/\/www.canalsnadal.com\/?s={search_term_string}"},"query-input":{"@type":"PropertyValueSpecification","valueRequired":true,"valueName":"search_term_string"}}],"inLanguage":"es"},{"@type":"Organization","@id":"https:\/\/www.canalsnadal.com\/#organization","name":"Canals Nadal","url":"https:\/\/www.canalsnadal.com\/","logo":{"@type":"ImageObject","inLanguage":"es","@id":"https:\/\/www.canalsnadal.com\/#\/schema\/logo\/image\/","url":"https:\/\/www.canalsnadal.com\/wp-content\/uploads\/2020\/07\/Canals-Nadal-logo-web-min.png","contentUrl":"https:\/\/www.canalsnadal.com\/wp-content\/uploads\/2020\/07\/Canals-Nadal-logo-web-min.png","width":332,"height":130,"caption":"Canals Nadal"},"image":{"@id":"https:\/\/www.canalsnadal.com\/#\/schema\/logo\/image\/"},"sameAs":["https:\/\/ca-es.facebook.com\/canalsnadal\/","https:\/\/x.com\/canalsnadal","https:\/\/www.instagram.com\/canals_nadal\/"]}]}},"_links":{"self":[{"href":"https:\/\/www.canalsnadal.com\/es\/wp-json\/wp\/v2\/product\/856","targetHints":{"allow":["GET"]}}],"collection":[{"href":"https:\/\/www.canalsnadal.com\/es\/wp-json\/wp\/v2\/product"}],"about":[{"href":"https:\/\/www.canalsnadal.com\/es\/wp-json\/wp\/v2\/types\/product"}],"wp:featuredmedia":[{"embeddable":true,"href":"https:\/\/www.canalsnadal.com\/es\/wp-json\/wp\/v2\/media\/862"}],"wp:attachment":[{"href":"https:\/\/www.canalsnadal.com\/es\/wp-json\/wp\/v2\/media?parent=856"}],"wp:term":[{"taxonomy":"product_brand","embeddable":true,"href":"https:\/\/www.canalsnadal.com\/es\/wp-json\/wp\/v2\/product_brand?post=856"},{"taxonomy":"product_cat","embeddable":true,"href":"https:\/\/www.canalsnadal.com\/es\/wp-json\/wp\/v2\/product_cat?post=856"},{"taxonomy":"product_tag","embeddable":true,"href":"https:\/\/www.canalsnadal.com\/es\/wp-json\/wp\/v2\/product_tag?post=856"}],"curies":[{"name":"wp","href":"https:\/\/api.w.org\/{rel}","templated":true}]}}